{"id":1933,"date":"2020-12-22T11:01:57","date_gmt":"2020-12-22T10:01:57","guid":{"rendered":"https:\/\/www.arcadia-praxisklinik.de\/?page_id=1933"},"modified":"2021-07-01T14:59:49","modified_gmt":"2021-07-01T12:59:49","slug":"videos","status":"publish","type":"page","link":"https:\/\/www.arcadia-praxisklinik.de\/de\/videos\/","title":{"rendered":"Videos"},"content":{"rendered":"\n<div class=\"wp-block-group\"><div class=\"wp-block-group__inner-container is-layout-flow wp-block-group-is-layout-flow\">\n<h3 class=\"wp-block-heading\">The cancer creating field \u2014 and what to do to change it<\/h3>\n\n\n\n<figure class=\"wp-block-embed is-type-video is-provider-youtube wp-block-embed-youtube wp-embed-aspect-16-9 wp-has-aspect-ratio\"><div class=\"wp-block-embed__wrapper\">\n<iframe loading=\"lazy\" title=\"The cancer creating field - and what to do to change it\" width=\"960\" height=\"540\" src=\"https:\/\/www.youtube.com\/embed\/UoF43MeYaUw?feature=oembed\" frameborder=\"0\" allow=\"accelerometer; autoplay; clipboard-write; encrypted-media; gyroscope; picture-in-picture\" allowfullscreen><\/iframe>\n<\/div><\/figure>\n<\/div><\/div>\n\n\n\n<div class=\"wp-block-group\"><div class=\"wp-block-group__inner-container is-layout-flow wp-block-group-is-layout-flow\">\n<h3 class=\"wp-block-heading\">Changing the cancerogenic field<\/h3>\n\n\n\n<figure class=\"wp-block-embed is-type-video is-provider-youtube wp-block-embed-youtube wp-embed-aspect-16-9 wp-has-aspect-ratio\"><div class=\"wp-block-embed__wrapper\">\n<iframe loading=\"lazy\" title=\"Changing the Cancerogenic Field\" width=\"960\" height=\"540\" src=\"https:\/\/www.youtube.com\/embed\/Rxhv3neKiXE?feature=oembed\" frameborder=\"0\" allow=\"accelerometer; autoplay; clipboard-write; encrypted-media; gyroscope; picture-in-picture\" allowfullscreen><\/iframe>\n<\/div><\/figure>\n<\/div><\/div>\n\n\n\n<div class=\"wp-block-group\"><div class=\"wp-block-group__inner-container is-layout-flow wp-block-group-is-layout-flow\">\n<h3 class=\"wp-block-heading\">Interview mit Chris Wark und Dr. Henning Saupe<\/h3>\n\n\n\n<figure class=\"wp-block-embed is-type-video is-provider-youtube wp-block-embed-youtube wp-embed-aspect-16-9 wp-has-aspect-ratio\"><div class=\"wp-block-embed__wrapper\">\n<iframe loading=\"lazy\" title=\"Natural Cancer Treatment | Oncology Questions and Answers with Henning Saupe, MD\" width=\"960\" height=\"540\" src=\"https:\/\/www.youtube.com\/embed\/AWhjXAu3GBM?feature=oembed\" frameborder=\"0\" allow=\"accelerometer; autoplay; clipboard-write; encrypted-media; gyroscope; picture-in-picture\" allowfullscreen><\/iframe>\n<\/div><\/figure>\n<\/div><\/div>\n\n\n\n<div class=\"wp-block-group\"><div class=\"wp-block-group__inner-container is-layout-flow wp-block-group-is-layout-flow\">\n<h3 class=\"wp-block-heading\">High-Dose vitamin C infusions<\/h3>\n\n\n\n<figure class=\"wp-block-embed is-type-video is-provider-youtube wp-block-embed-youtube wp-embed-aspect-16-9 wp-has-aspect-ratio\"><div class=\"wp-block-embed__wrapper\">\n<iframe loading=\"lazy\" title=\"High-Dose Vitamin C infusions\" width=\"960\" height=\"540\" src=\"https:\/\/www.youtube.com\/embed\/rLEjoeTSgfQ?feature=oembed\" frameborder=\"0\" allow=\"accelerometer; autoplay; clipboard-write; encrypted-media; gyroscope; picture-in-picture\" allowfullscreen><\/iframe>\n<\/div><\/figure>\n<\/div><\/div>\n\n\n\n<div class=\"wp-block-group\"><div class=\"wp-block-group__inner-container is-layout-flow wp-block-group-is-layout-flow\">\n<h3 class=\"wp-block-heading\">Interview mit Hatim Nour<\/h3>\n\n\n\n<figure class=\"wp-block-embed is-type-video is-provider-youtube wp-block-embed-youtube wp-embed-aspect-16-9 wp-has-aspect-ratio\"><div class=\"wp-block-embed__wrapper\">\n<iframe loading=\"lazy\" title=\"\u0643\u0628\u0633\u0648\u0644\u0629 \u0647\u0648\u0644\u064a\u0633\u062a\u0643 \u2013 Interview Hatim Nour (arabic)\" width=\"960\" height=\"540\" src=\"https:\/\/www.youtube.com\/embed\/JQpxMfGhwH4?feature=oembed\" frameborder=\"0\" allow=\"accelerometer; autoplay; clipboard-write; encrypted-media; gyroscope; picture-in-picture\" allowfullscreen><\/iframe>\n<\/div><\/figure>\n<\/div><\/div>\n\n\n\n<div class=\"wp-block-group\"><div class=\"wp-block-group__inner-container is-layout-flow wp-block-group-is-layout-flow\">\n<h3 class=\"wp-block-heading\">Eine Patienten-Geschichte \u2014 Barbara Joan Stavola<\/h3>\n\n\n\n<figure class=\"wp-block-embed is-type-video is-provider-youtube wp-block-embed-youtube wp-embed-aspect-16-9 wp-has-aspect-ratio\"><div class=\"wp-block-embed__wrapper\">\n<iframe loading=\"lazy\" title=\"The Story of Barbara Joan Stavola - A patient&#039;s of the Arcadia Clinic\" width=\"960\" height=\"540\" src=\"https:\/\/www.youtube.com\/embed\/f8rnWLfnNcg?feature=oembed\" frameborder=\"0\" allow=\"accelerometer; autoplay; clipboard-write; encrypted-media; gyroscope; picture-in-picture\" allowfullscreen><\/iframe>\n<\/div><\/figure>\n<\/div><\/div>\n\n\n\n<div class=\"wp-block-group\"><div class=\"wp-block-group__inner-container is-layout-flow wp-block-group-is-layout-flow\">\n<h3 class=\"has-text-align-center wp-block-heading\">Mehr Videos finden Sie auf unserem YouTube Kanal<\/h3>\n\n\n\n<div class=\"wp-block-buttons aligncenter is-layout-flex wp-block-buttons-is-layout-flex\">\n<div class=\"wp-block-button\"><a class=\"wp-block-button__link\" href=\"https:\/\/www.youtube.com\/channel\/UCkb1P72ruHoUl8oITWqh-hg\" target=\"_blank\" rel=\"noreferrer noopener\">Mehr Videos<\/a><\/div>\n<\/div>\n<\/div><\/div>\n","protected":false},"excerpt":{"rendered":"<p>The cancer creating field \u2014 and what to do to change it Changing the cancerogenic field Interview mit Chris Wark&hellip;<\/p>\n","protected":false},"author":4,"featured_media":0,"parent":0,"menu_order":0,"comment_status":"closed","ping_status":"closed","template":"","meta":{"_acf_changed":false,"footnotes":""},"class_list":["post-1933","page","type-page","status-publish","hentry"],"acf":[],"yoast_head":"<!-- This site is optimized with the Yoast SEO plugin v26.8 - https:\/\/yoast.com\/product\/yoast-seo-wordpress\/ -->\n<title>Videos rund um die Arcadia Praxisklinik, Krebstherapie und mehr<\/title>\n<meta name=\"description\" content=\"Wissenswertes \u00fcber Krebs: Von Erkl\u00e4rvideos \u00fcber Patientengeschichten bis hin zu Interviews. Jetzt anschauen.\" \/>\n<meta name=\"robots\" content=\"index, follow, max-snippet:-1, max-image-preview:large, max-video-preview:-1\" \/>\n<link rel=\"canonical\" href=\"https:\/\/www.arcadia-praxisklinik.de\/de\/videos\/\" \/>\n<meta property=\"og:locale\" content=\"de_DE\" \/>\n<meta property=\"og:type\" content=\"article\" \/>\n<meta property=\"og:title\" content=\"Videos rund um die Arcadia Praxisklinik, Krebstherapie und mehr\" \/>\n<meta property=\"og:description\" content=\"Wissenswertes \u00fcber Krebs: Von Erkl\u00e4rvideos \u00fcber Patientengeschichten bis hin zu Interviews. Jetzt anschauen.\" \/>\n<meta property=\"og:url\" content=\"https:\/\/www.arcadia-praxisklinik.de\/de\/videos\/\" \/>\n<meta property=\"og:site_name\" content=\"Arcadia Praxisklinik\" \/>\n<meta property=\"article:modified_time\" content=\"2021-07-01T12:59:49+00:00\" \/>\n<meta name=\"twitter:card\" content=\"summary_large_image\" \/>\n<script type=\"application\/ld+json\" class=\"yoast-schema-graph\">{\"@context\":\"https:\/\/schema.org\",\"@graph\":[{\"@type\":\"WebPage\",\"@id\":\"https:\/\/www.arcadia-praxisklinik.de\/de\/videos\/\",\"url\":\"https:\/\/www.arcadia-praxisklinik.de\/de\/videos\/\",\"name\":\"Videos rund um die Arcadia Praxisklinik, Krebstherapie und mehr\",\"isPartOf\":{\"@id\":\"https:\/\/www.arcadia-praxisklinik.de\/de\/#website\"},\"datePublished\":\"2020-12-22T10:01:57+00:00\",\"dateModified\":\"2021-07-01T12:59:49+00:00\",\"description\":\"Wissenswertes \u00fcber Krebs: Von Erkl\u00e4rvideos \u00fcber Patientengeschichten bis hin zu Interviews. Jetzt anschauen.\",\"breadcrumb\":{\"@id\":\"https:\/\/www.arcadia-praxisklinik.de\/de\/videos\/#breadcrumb\"},\"inLanguage\":\"de\",\"potentialAction\":[{\"@type\":\"ReadAction\",\"target\":[\"https:\/\/www.arcadia-praxisklinik.de\/de\/videos\/\"]}]},{\"@type\":\"BreadcrumbList\",\"@id\":\"https:\/\/www.arcadia-praxisklinik.de\/de\/videos\/#breadcrumb\",\"itemListElement\":[{\"@type\":\"ListItem\",\"position\":1,\"name\":\"Startseite\",\"item\":\"https:\/\/www.arcadia-praxisklinik.de\/de\/\"},{\"@type\":\"ListItem\",\"position\":2,\"name\":\"Videos\"}]},{\"@type\":\"WebSite\",\"@id\":\"https:\/\/www.arcadia-praxisklinik.de\/de\/#website\",\"url\":\"https:\/\/www.arcadia-praxisklinik.de\/de\/\",\"name\":\"Arcadia Praxisklinik\",\"description\":\"Zentrum f\u00fcr integrative Medizin und Krebstherapie in Bad Emstal\",\"potentialAction\":[{\"@type\":\"SearchAction\",\"target\":{\"@type\":\"EntryPoint\",\"urlTemplate\":\"https:\/\/www.arcadia-praxisklinik.de\/de\/?s={search_term_string}\"},\"query-input\":{\"@type\":\"PropertyValueSpecification\",\"valueRequired\":true,\"valueName\":\"search_term_string\"}}],\"inLanguage\":\"de\"}]}<\/script>\n<!-- \/ Yoast SEO plugin. -->","yoast_head_json":{"title":"Videos rund um die Arcadia Praxisklinik, Krebstherapie und mehr","description":"Wissenswertes \u00fcber Krebs: Von Erkl\u00e4rvideos \u00fcber Patientengeschichten bis hin zu Interviews. Jetzt anschauen.","robots":{"index":"index","follow":"follow","max-snippet":"max-snippet:-1","max-image-preview":"max-image-preview:large","max-video-preview":"max-video-preview:-1"},"canonical":"https:\/\/www.arcadia-praxisklinik.de\/de\/videos\/","og_locale":"de_DE","og_type":"article","og_title":"Videos rund um die Arcadia Praxisklinik, Krebstherapie und mehr","og_description":"Wissenswertes \u00fcber Krebs: Von Erkl\u00e4rvideos \u00fcber Patientengeschichten bis hin zu Interviews. Jetzt anschauen.","og_url":"https:\/\/www.arcadia-praxisklinik.de\/de\/videos\/","og_site_name":"Arcadia Praxisklinik","article_modified_time":"2021-07-01T12:59:49+00:00","twitter_card":"summary_large_image","schema":{"@context":"https:\/\/schema.org","@graph":[{"@type":"WebPage","@id":"https:\/\/www.arcadia-praxisklinik.de\/de\/videos\/","url":"https:\/\/www.arcadia-praxisklinik.de\/de\/videos\/","name":"Videos rund um die Arcadia Praxisklinik, Krebstherapie und mehr","isPartOf":{"@id":"https:\/\/www.arcadia-praxisklinik.de\/de\/#website"},"datePublished":"2020-12-22T10:01:57+00:00","dateModified":"2021-07-01T12:59:49+00:00","description":"Wissenswertes \u00fcber Krebs: Von Erkl\u00e4rvideos \u00fcber Patientengeschichten bis hin zu Interviews. Jetzt anschauen.","breadcrumb":{"@id":"https:\/\/www.arcadia-praxisklinik.de\/de\/videos\/#breadcrumb"},"inLanguage":"de","potentialAction":[{"@type":"ReadAction","target":["https:\/\/www.arcadia-praxisklinik.de\/de\/videos\/"]}]},{"@type":"BreadcrumbList","@id":"https:\/\/www.arcadia-praxisklinik.de\/de\/videos\/#breadcrumb","itemListElement":[{"@type":"ListItem","position":1,"name":"Startseite","item":"https:\/\/www.arcadia-praxisklinik.de\/de\/"},{"@type":"ListItem","position":2,"name":"Videos"}]},{"@type":"WebSite","@id":"https:\/\/www.arcadia-praxisklinik.de\/de\/#website","url":"https:\/\/www.arcadia-praxisklinik.de\/de\/","name":"Arcadia Praxisklinik","description":"Zentrum f\u00fcr integrative Medizin und Krebstherapie in Bad Emstal","potentialAction":[{"@type":"SearchAction","target":{"@type":"EntryPoint","urlTemplate":"https:\/\/www.arcadia-praxisklinik.de\/de\/?s={search_term_string}"},"query-input":{"@type":"PropertyValueSpecification","valueRequired":true,"valueName":"search_term_string"}}],"inLanguage":"de"}]}},"_links":{"self":[{"href":"https:\/\/www.arcadia-praxisklinik.de\/de\/wp-json\/wp\/v2\/pages\/1933","targetHints":{"allow":["GET"]}}],"collection":[{"href":"https:\/\/www.arcadia-praxisklinik.de\/de\/wp-json\/wp\/v2\/pages"}],"about":[{"href":"https:\/\/www.arcadia-praxisklinik.de\/de\/wp-json\/wp\/v2\/types\/page"}],"author":[{"embeddable":true,"href":"https:\/\/www.arcadia-praxisklinik.de\/de\/wp-json\/wp\/v2\/users\/4"}],"replies":[{"embeddable":true,"href":"https:\/\/www.arcadia-praxisklinik.de\/de\/wp-json\/wp\/v2\/comments?post=1933"}],"version-history":[{"count":11,"href":"https:\/\/www.arcadia-praxisklinik.de\/de\/wp-json\/wp\/v2\/pages\/1933\/revisions"}],"predecessor-version":[{"id":2565,"href":"https:\/\/www.arcadia-praxisklinik.de\/de\/wp-json\/wp\/v2\/pages\/1933\/revisions\/2565"}],"wp:attachment":[{"href":"https:\/\/www.arcadia-praxisklinik.de\/de\/wp-json\/wp\/v2\/media?parent=1933"}],"curies":[{"name":"wp","href":"https:\/\/api.w.org\/{rel}","templated":true}]}}