{"id":282,"date":"2020-08-15T09:51:55","date_gmt":"2020-08-15T07:51:55","guid":{"rendered":"https:\/\/arcadia.denkanross.de\/?page_id=282"},"modified":"2021-04-14T09:53:27","modified_gmt":"2021-04-14T07:53:27","slug":"magnetfeldtherapie","status":"publish","type":"page","link":"https:\/\/www.arcadia-praxisklinik.de\/de\/krebs-therapie\/magnetfeldtherapie\/","title":{"rendered":"Magnetfeldtherapie"},"content":{"rendered":"\n<div class=\"wp-block-group\"><div class=\"wp-block-group__inner-container is-layout-flow wp-block-group-is-layout-flow\">\n<h2 class=\"has-text-align-center wp-block-heading\">Magnetfeldtherapie zur Krebsbehandlung<\/h2>\n\n\n\n<p class=\"has-text-align-center\">Die Magnetfeldtherapie wird vielfach in der naturheilkundlichen Praxis eingesetzt, um die Durchblutung zu verbessern, Entz\u00fcndungen zu hemmen, die Heilung zu unterst\u00fctzen oder auch Schmerzen zu lindern. In der Arcadia Praxisklinik nutzen wir diese wirksame Anwendung seit vielen Jahren auch als Begleittherapie bei der <a href=\"https:\/\/www.arcadia-praxisklinik.de\/de\/krebs-therapie\/\">Krebsbehandlung<\/a>.<\/p>\n\n\n\n<p class=\"has-text-align-center\">Die heilsame Kraft nat\u00fcrlicher Magnetfelder ist schon seit dem Altertum bekannt \u2013 heute erzeugen wir Magnetfelder gezielt und genau mit modernster Technik.<\/p>\n<\/div><\/div>\n\n\n\n<div class=\"wp-block-group alignfull has-gray-background-color has-background\"><div class=\"wp-block-group__inner-container is-layout-flow wp-block-group-is-layout-flow\">\n<div class=\"wp-block-columns are-vertically-aligned-top is-layout-flex wp-container-core-columns-is-layout-9d6595d7 wp-block-columns-is-layout-flex\">\n<div class=\"wp-block-column is-vertically-aligned-top is-layout-flow wp-block-column-is-layout-flow\">\n<h3 class=\"wp-block-heading\">Dank pulsierender Magnetfeldern wieder vitaler und fitter \u2013 ganz ohne Nebenwirkungen<\/h3>\n\n\n\n<figure class=\"wp-block-image size-full\"><img loading=\"lazy\" decoding=\"async\" width=\"550\" height=\"309\" src=\"https:\/\/www.arcadia-praxisklinik.de\/wp-content\/uploads\/2020\/10\/PEMF-550x309-1.jpg\" alt=\"\" class=\"wp-image-884\" srcset=\"https:\/\/www.arcadia-praxisklinik.de\/wp-content\/uploads\/2020\/10\/PEMF-550x309-1.jpg 550w, https:\/\/www.arcadia-praxisklinik.de\/wp-content\/uploads\/2020\/10\/PEMF-550x309-1-300x169.jpg 300w\" sizes=\"auto, (max-width: 550px) 100vw, 550px\" \/><\/figure>\n<\/div>\n\n\n\n<div class=\"wp-block-column is-vertically-aligned-top is-layout-flow wp-block-column-is-layout-flow\">\n<p>Viele <a href=\"https:\/\/www.arcadia-praxisklinik.de\/de\/integrative-krebs-behandlung\/chronische-erkrankungen\/\">chronische Erkrankungen<\/a>, dazu z\u00e4hlen auch Krebserkrankungen, werden durch einen Energiemangel der Zellen und niedrigen Sauerstoffgehalt der Gewebe, z.B.: als Folge von Durchblutungsst\u00f6rungen beg\u00fcnstigt. Die Therapie mit pulsierenden Magnetfeldern hilft diese St\u00f6rungen wirksam zu minimieren und den K\u00f6rper dadurch wieder zu revitalisieren. Die Anwendung von Magnetfeldern kann so den Heilungsverlauf von chronischen Erkrankung, wie Krebs, ganz ohne Nebenwirkungen f\u00f6rdern.<\/p>\n<\/div>\n<\/div>\n\n\n\n<p><\/p>\n<\/div><\/div>\n\n\n\n<div class=\"wp-block-group\"><div class=\"wp-block-group__inner-container is-layout-flow wp-block-group-is-layout-flow\">\n<h3 class=\"has-text-align-center wp-block-heading\">Die Kraft der Magnetwellen gegen Schmerzen und Ersch\u00f6pfung<\/h3>\n\n\n\n<p class=\"has-text-align-center\">Die Einsatzgebiete f\u00fcr eine Magnetfeldtherapie sind vielf\u00e4ltig. Sie wird in einigen Krankenh\u00e4usern und zunehmend auch in Arztpraxen mit Erfolg eingesetzt. Besonders h\u00e4ufig wird sie zur Behandlung von schmerzhaften und entz\u00fcndlichen Erkrankungen angewendet \u2013 von R\u00fcckenschmerzen, \u00fcber Rheuma bis hin zu chronischer M\u00fcdigkeit und Schlafst\u00f6rungen. Auch bei Krebserkrankungen wenden wir in der <a href=\"https:\/\/www.arcadia-praxisklinik.de\/de\/arcadia-praxis-klinik\/\">Arcadia-Praxisklinik<\/a> die Magnetfeldtherapie unterst\u00fctzend an.<\/p>\n<\/div><\/div>\n\n\n\n<div class=\"wp-block-group alignfull has-gray-background-color has-background\"><div class=\"wp-block-group__inner-container is-layout-flow wp-block-group-is-layout-flow\">\n<div class=\"wp-block-columns are-vertically-aligned-top is-layout-flex wp-container-core-columns-is-layout-9d6595d7 wp-block-columns-is-layout-flex\">\n<div class=\"wp-block-column is-vertically-aligned-top is-layout-flow wp-block-column-is-layout-flow\">\n<h3 class=\"wp-block-heading\">Sicher, wirksam und bestens vertr\u00e4glich: die digitale Magnetfeldtherapie <\/h3>\n\n\n\n<figure class=\"wp-block-image size-full\"><img loading=\"lazy\" decoding=\"async\" width=\"550\" height=\"309\" src=\"https:\/\/www.arcadia-praxisklinik.de\/wp-content\/uploads\/2020\/10\/Sanza-Matte-550x309-1.jpg\" alt=\"\" class=\"wp-image-892\" srcset=\"https:\/\/www.arcadia-praxisklinik.de\/wp-content\/uploads\/2020\/10\/Sanza-Matte-550x309-1.jpg 550w, https:\/\/www.arcadia-praxisklinik.de\/wp-content\/uploads\/2020\/10\/Sanza-Matte-550x309-1-300x169.jpg 300w\" sizes=\"auto, (max-width: 550px) 100vw, 550px\" \/><\/figure>\n<\/div>\n\n\n\n<div class=\"wp-block-column is-vertically-aligned-top is-layout-flow wp-block-column-is-layout-flow\">\n<p>Die Magnetfeldtherapie ist in den letzten Jahrzenten entscheidend verbessert worden und findet daher immer mehr Anerkennung in der Praxis. Bei Arcadia setzen wir auf neueste digitale Technik mit pulsierender Induktion, Frequenzb\u00fcndelung und Resonanzeffekt. Nur zwanzig Minuten K\u00f6rperkontakt sind ausreichend, um erste heilsame Prozesse im K\u00f6rper zu aktivieren und dies z.B. in Form von mehr Ausdauer und einem wohltuenden W\u00e4rmegef\u00fchl zu sp\u00fcren.<\/p>\n\n\n\n<p><\/p>\n<\/div>\n<\/div>\n<\/div><\/div>\n\n\n\n<div class=\"wp-block-group\"><div class=\"wp-block-group__inner-container is-layout-flow wp-block-group-is-layout-flow\">\n<h2 class=\"has-text-align-center wp-block-heading\">Magnetfeldtherapie in der Arcadia Praxisklinik<\/h2>\n\n\n\n<p class=\"has-text-align-center\">In der <a href=\"https:\/\/www.arcadia-praxisklinik.de\/de\/arcadia-praxis-klinik\/\">Arcadia Praxisklinik<\/a> bieten wir die pulsierende Magnetfeldtherapie begleitend zur <a href=\"https:\/\/www.arcadia-praxisklinik.de\/de\/integrative-krebs-behandlung\/\">Krebsbehandlung<\/a> an. Sowohl eine Ganzk\u00f6rperbehandlung als auch eine lokale und punktf\u00f6rmige Behandlung ist m\u00f6glich. W\u00e4hrend der Behandlungswochen in unserem Haus k\u00f6nnen die Magnettherapie-Ger\u00e4te regelm\u00e4\u00dfig zwei- oder mehrmals t\u00e4glich genutzt werden, um das allgemeine Wohlbefinden und zahlreiche K\u00f6rper-Funktionen w\u00e4hrend der \u00fcbrigen <a href=\"https:\/\/www.arcadia-praxisklinik.de\/de\/krebs-therapie\/\">Therapien<\/a> noch weiter zu verbessern.<\/p>\n<\/div><\/div>\n\n\n\n<div class=\"wp-block-group alignfull is-layout-flow wp-block-group-is-layout-flow\"><div class=\"wp-block-group__inner-container\"><\/div><\/div>\n\n\n\n<div class=\"wp-block-group alignfull\"><div class=\"wp-block-group__inner-container is-layout-flow wp-block-group-is-layout-flow\">\n<h2 class=\"has-text-align-center wp-block-heading\">Wissenswertes zur Magnetfeldtherapie bei Krebs<\/h2>\n\n\n\n<div id=\"content-block-block_5f3287c8a4293\" class=\"content-block block-accordion js-accordion\">\n<div class=\"c-accordion\">\n\t\n\t\n\t<\/div>\n<\/div>\n\n\n\n<div id=\"content-block-block_5f32f3b5f63b0\" class=\"content-block block-accordion js-accordion\">\n<div class=\"c-accordion\">\n\t\n\t\n\t\t<div class=\"c-accordion-title\" >\n\t\t\tWie wirkt die Magnetfeldtherapie &#8222;PEMF&#8220;?\t\t\t<span class=\"toggle\"><\/span>\n\t\t<\/div>\n\t\t<div class=\"c-accordion-content\"><p>In der Spezialliteratur zu PEMF Therapie (Pulsierte Elektro-Magentische-Frequenztherapie) werden zusammenfassend folgende wissenschaftlich dokumentierten Effekte beim Menschen beschrieben:<\/p>\n<ul>\n<li>St\u00e4rkung des Skelettes durch bessere Mineralisierung und Entgegenwirken von Altersprozessen (Anti-Osteoporose Effekt)<\/li>\n<li>Vermehrte Bildung von Endorphinen, den Anti-Schmerz Hormonen, die unser Gehirn bilden kann<\/li>\n<li>Verbesserung des Schlafes<\/li>\n<li>Steigerung der ATP Produktion in unseren Mitochondrien<\/li>\n<li>Verbesserte Sauerstoff-Versorgung und Mikrozirkulation<\/li>\n<li>Muskelentspannung und Stress-Reduktion<\/li>\n<li>Verbesserte Wundheilung und Geweberegeneration<\/li>\n<\/ul>\n<p>Ref.: Bryant A. Meyers: PEMF &#8211; The 5th Element of Health, Balboa Press 2013<\/p>\n<\/div>\n\n\t\n\t<\/div>\n<\/div>\n<\/div><\/div>\n\n\n\n<div class=\"wp-block-group alignfull has-blue-background-color has-background\"><div class=\"wp-block-group__inner-container is-layout-flow wp-block-group-is-layout-flow\">\n<div class=\"wp-block-columns alignwide is-style-linkteaser cols-2 is-layout-flex wp-container-core-columns-is-layout-9d6595d7 wp-block-columns-is-layout-flex\">\n<div class=\"wp-block-column is-layout-flow wp-block-column-is-layout-flow\">\n<h3 class=\"has-text-align-center has-white-color has-text-color wp-block-heading\">Unsere Diagnose-Verfahren<\/h3>\n\n\n\n<p class=\"has-text-align-center\">Jede Therapieempfehlung setzt eine ausf\u00fchrliche Diagnose der Krebserkrankung voraus.<\/p>\n\n\n\n<div class=\"wp-block-buttons aligncenter has-text-align-center is-style-default is-layout-flex wp-block-buttons-is-layout-flex\">\n<div class=\"wp-block-button is-style-white\"><a class=\"wp-block-button__link\" href=\"https:\/\/www.arcadia-praxisklinik.de\/integrative-krebs-behandlung\/diagnose\/\" rel=\"ghjh\">Zu den Diagnoseverfahren<\/a><\/div>\n<\/div>\n<\/div>\n\n\n\n<div class=\"wp-block-column is-layout-flow wp-block-column-is-layout-flow\">\n<h3 class=\"has-text-align-center has-white-color has-text-color wp-block-heading\">Unsere Patienten-Erfahrungen<\/h3>\n\n\n\n<p class=\"has-text-align-center\">Erfahren Sie, was unsere Patienten \u00fcber ihre Krebsbehandlung bei Arcadia erz\u00e4hlen. <\/p>\n\n\n\n<div class=\"wp-block-buttons aligncenter has-text-align-center is-layout-flex wp-block-buttons-is-layout-flex\">\n<div class=\"wp-block-button is-style-white\"><a class=\"wp-block-button__link\" href=\"https:\/\/www.arcadia-praxisklinik.de\/arcadia-praxis-klinik\/\">Das sagen unsere Patienten<\/a><\/div>\n<\/div>\n<\/div>\n<\/div>\n<\/div><\/div>\n","protected":false},"excerpt":{"rendered":"<p>Magnetfeldtherapie zur Krebsbehandlung Die Magnetfeldtherapie wird vielfach in der naturheilkundlichen Praxis eingesetzt, um die Durchblutung zu verbessern, Entz\u00fcndungen zu hemmen,&hellip;<\/p>\n","protected":false},"author":2,"featured_media":0,"parent":40,"menu_order":0,"comment_status":"closed","ping_status":"closed","template":"","meta":{"_acf_changed":false,"footnotes":""},"class_list":["post-282","page","type-page","status-publish","hentry"],"acf":[],"yoast_head":"<!-- This site is optimized with the Yoast SEO plugin v26.8 - https:\/\/yoast.com\/product\/yoast-seo-wordpress\/ -->\n<title>Magnetfeldtherapie zur Unterst\u00fctzung bei der Genesung von Krebs<\/title>\n<meta name=\"description\" content=\"Magnetwellen gegen Schmerzen und als Begleittherapie f\u00fcr Krebsbehandlung. Neueste digitale Technik, schnell und vielf\u00e4ltig.\" \/>\n<meta name=\"robots\" content=\"index, follow, max-snippet:-1, max-image-preview:large, max-video-preview:-1\" \/>\n<link rel=\"canonical\" href=\"https:\/\/www.arcadia-praxisklinik.de\/de\/krebs-therapie\/magnetfeldtherapie\/\" \/>\n<meta property=\"og:locale\" content=\"de_DE\" \/>\n<meta property=\"og:type\" content=\"article\" \/>\n<meta property=\"og:title\" content=\"Magnetfeldtherapie zur Unterst\u00fctzung bei der Genesung von Krebs\" \/>\n<meta property=\"og:description\" content=\"Magnetwellen gegen Schmerzen und als Begleittherapie f\u00fcr Krebsbehandlung. Neueste digitale Technik, schnell und vielf\u00e4ltig.\" \/>\n<meta property=\"og:url\" content=\"https:\/\/www.arcadia-praxisklinik.de\/de\/krebs-therapie\/magnetfeldtherapie\/\" \/>\n<meta property=\"og:site_name\" content=\"Arcadia Praxisklinik\" \/>\n<meta property=\"article:modified_time\" content=\"2021-04-14T07:53:27+00:00\" \/>\n<meta property=\"og:image\" content=\"https:\/\/www.arcadia-praxisklinik.de\/wp-content\/uploads\/2020\/10\/PEMF-550x309-1.jpg\" \/>\n<meta name=\"twitter:card\" content=\"summary_large_image\" \/>\n<script type=\"application\/ld+json\" class=\"yoast-schema-graph\">{\"@context\":\"https:\/\/schema.org\",\"@graph\":[{\"@type\":\"WebPage\",\"@id\":\"https:\/\/www.arcadia-praxisklinik.de\/de\/krebs-therapie\/magnetfeldtherapie\/\",\"url\":\"https:\/\/www.arcadia-praxisklinik.de\/de\/krebs-therapie\/magnetfeldtherapie\/\",\"name\":\"Magnetfeldtherapie zur Unterst\u00fctzung bei der Genesung von Krebs\",\"isPartOf\":{\"@id\":\"https:\/\/www.arcadia-praxisklinik.de\/de\/#website\"},\"primaryImageOfPage\":{\"@id\":\"https:\/\/www.arcadia-praxisklinik.de\/de\/krebs-therapie\/magnetfeldtherapie\/#primaryimage\"},\"image\":{\"@id\":\"https:\/\/www.arcadia-praxisklinik.de\/de\/krebs-therapie\/magnetfeldtherapie\/#primaryimage\"},\"thumbnailUrl\":\"https:\/\/www.arcadia-praxisklinik.de\/wp-content\/uploads\/2020\/10\/PEMF-550x309-1.jpg\",\"datePublished\":\"2020-08-15T07:51:55+00:00\",\"dateModified\":\"2021-04-14T07:53:27+00:00\",\"description\":\"Magnetwellen gegen Schmerzen und als Begleittherapie f\u00fcr Krebsbehandlung. Neueste digitale Technik, schnell und vielf\u00e4ltig.\",\"breadcrumb\":{\"@id\":\"https:\/\/www.arcadia-praxisklinik.de\/de\/krebs-therapie\/magnetfeldtherapie\/#breadcrumb\"},\"inLanguage\":\"de\",\"potentialAction\":[{\"@type\":\"ReadAction\",\"target\":[\"https:\/\/www.arcadia-praxisklinik.de\/de\/krebs-therapie\/magnetfeldtherapie\/\"]}]},{\"@type\":\"ImageObject\",\"inLanguage\":\"de\",\"@id\":\"https:\/\/www.arcadia-praxisklinik.de\/de\/krebs-therapie\/magnetfeldtherapie\/#primaryimage\",\"url\":\"https:\/\/www.arcadia-praxisklinik.de\/wp-content\/uploads\/2020\/10\/PEMF-550x309-1.jpg\",\"contentUrl\":\"https:\/\/www.arcadia-praxisklinik.de\/wp-content\/uploads\/2020\/10\/PEMF-550x309-1.jpg\"},{\"@type\":\"BreadcrumbList\",\"@id\":\"https:\/\/www.arcadia-praxisklinik.de\/de\/krebs-therapie\/magnetfeldtherapie\/#breadcrumb\",\"itemListElement\":[{\"@type\":\"ListItem\",\"position\":1,\"name\":\"Startseite\",\"item\":\"https:\/\/www.arcadia-praxisklinik.de\/de\/\"},{\"@type\":\"ListItem\",\"position\":2,\"name\":\"Krebstherapie\",\"item\":\"https:\/\/www.arcadia-praxisklinik.de\/de\/krebs-therapie\/\"},{\"@type\":\"ListItem\",\"position\":3,\"name\":\"Magnetfeldtherapie\"}]},{\"@type\":\"WebSite\",\"@id\":\"https:\/\/www.arcadia-praxisklinik.de\/de\/#website\",\"url\":\"https:\/\/www.arcadia-praxisklinik.de\/de\/\",\"name\":\"Arcadia Praxisklinik\",\"description\":\"Zentrum f\u00fcr integrative Medizin und Krebstherapie in Bad Emstal\",\"potentialAction\":[{\"@type\":\"SearchAction\",\"target\":{\"@type\":\"EntryPoint\",\"urlTemplate\":\"https:\/\/www.arcadia-praxisklinik.de\/de\/?s={search_term_string}\"},\"query-input\":{\"@type\":\"PropertyValueSpecification\",\"valueRequired\":true,\"valueName\":\"search_term_string\"}}],\"inLanguage\":\"de\"}]}<\/script>\n<!-- \/ Yoast SEO plugin. -->","yoast_head_json":{"title":"Magnetfeldtherapie zur Unterst\u00fctzung bei der Genesung von Krebs","description":"Magnetwellen gegen Schmerzen und als Begleittherapie f\u00fcr Krebsbehandlung. Neueste digitale Technik, schnell und vielf\u00e4ltig.","robots":{"index":"index","follow":"follow","max-snippet":"max-snippet:-1","max-image-preview":"max-image-preview:large","max-video-preview":"max-video-preview:-1"},"canonical":"https:\/\/www.arcadia-praxisklinik.de\/de\/krebs-therapie\/magnetfeldtherapie\/","og_locale":"de_DE","og_type":"article","og_title":"Magnetfeldtherapie zur Unterst\u00fctzung bei der Genesung von Krebs","og_description":"Magnetwellen gegen Schmerzen und als Begleittherapie f\u00fcr Krebsbehandlung. Neueste digitale Technik, schnell und vielf\u00e4ltig.","og_url":"https:\/\/www.arcadia-praxisklinik.de\/de\/krebs-therapie\/magnetfeldtherapie\/","og_site_name":"Arcadia Praxisklinik","article_modified_time":"2021-04-14T07:53:27+00:00","og_image":[{"url":"https:\/\/www.arcadia-praxisklinik.de\/wp-content\/uploads\/2020\/10\/PEMF-550x309-1.jpg","type":"","width":"","height":""}],"twitter_card":"summary_large_image","schema":{"@context":"https:\/\/schema.org","@graph":[{"@type":"WebPage","@id":"https:\/\/www.arcadia-praxisklinik.de\/de\/krebs-therapie\/magnetfeldtherapie\/","url":"https:\/\/www.arcadia-praxisklinik.de\/de\/krebs-therapie\/magnetfeldtherapie\/","name":"Magnetfeldtherapie zur Unterst\u00fctzung bei der Genesung von Krebs","isPartOf":{"@id":"https:\/\/www.arcadia-praxisklinik.de\/de\/#website"},"primaryImageOfPage":{"@id":"https:\/\/www.arcadia-praxisklinik.de\/de\/krebs-therapie\/magnetfeldtherapie\/#primaryimage"},"image":{"@id":"https:\/\/www.arcadia-praxisklinik.de\/de\/krebs-therapie\/magnetfeldtherapie\/#primaryimage"},"thumbnailUrl":"https:\/\/www.arcadia-praxisklinik.de\/wp-content\/uploads\/2020\/10\/PEMF-550x309-1.jpg","datePublished":"2020-08-15T07:51:55+00:00","dateModified":"2021-04-14T07:53:27+00:00","description":"Magnetwellen gegen Schmerzen und als Begleittherapie f\u00fcr Krebsbehandlung. Neueste digitale Technik, schnell und vielf\u00e4ltig.","breadcrumb":{"@id":"https:\/\/www.arcadia-praxisklinik.de\/de\/krebs-therapie\/magnetfeldtherapie\/#breadcrumb"},"inLanguage":"de","potentialAction":[{"@type":"ReadAction","target":["https:\/\/www.arcadia-praxisklinik.de\/de\/krebs-therapie\/magnetfeldtherapie\/"]}]},{"@type":"ImageObject","inLanguage":"de","@id":"https:\/\/www.arcadia-praxisklinik.de\/de\/krebs-therapie\/magnetfeldtherapie\/#primaryimage","url":"https:\/\/www.arcadia-praxisklinik.de\/wp-content\/uploads\/2020\/10\/PEMF-550x309-1.jpg","contentUrl":"https:\/\/www.arcadia-praxisklinik.de\/wp-content\/uploads\/2020\/10\/PEMF-550x309-1.jpg"},{"@type":"BreadcrumbList","@id":"https:\/\/www.arcadia-praxisklinik.de\/de\/krebs-therapie\/magnetfeldtherapie\/#breadcrumb","itemListElement":[{"@type":"ListItem","position":1,"name":"Startseite","item":"https:\/\/www.arcadia-praxisklinik.de\/de\/"},{"@type":"ListItem","position":2,"name":"Krebstherapie","item":"https:\/\/www.arcadia-praxisklinik.de\/de\/krebs-therapie\/"},{"@type":"ListItem","position":3,"name":"Magnetfeldtherapie"}]},{"@type":"WebSite","@id":"https:\/\/www.arcadia-praxisklinik.de\/de\/#website","url":"https:\/\/www.arcadia-praxisklinik.de\/de\/","name":"Arcadia Praxisklinik","description":"Zentrum f\u00fcr integrative Medizin und Krebstherapie in Bad Emstal","potentialAction":[{"@type":"SearchAction","target":{"@type":"EntryPoint","urlTemplate":"https:\/\/www.arcadia-praxisklinik.de\/de\/?s={search_term_string}"},"query-input":{"@type":"PropertyValueSpecification","valueRequired":true,"valueName":"search_term_string"}}],"inLanguage":"de"}]}},"_links":{"self":[{"href":"https:\/\/www.arcadia-praxisklinik.de\/de\/wp-json\/wp\/v2\/pages\/282","targetHints":{"allow":["GET"]}}],"collection":[{"href":"https:\/\/www.arcadia-praxisklinik.de\/de\/wp-json\/wp\/v2\/pages"}],"about":[{"href":"https:\/\/www.arcadia-praxisklinik.de\/de\/wp-json\/wp\/v2\/types\/page"}],"author":[{"embeddable":true,"href":"https:\/\/www.arcadia-praxisklinik.de\/de\/wp-json\/wp\/v2\/users\/2"}],"replies":[{"embeddable":true,"href":"https:\/\/www.arcadia-praxisklinik.de\/de\/wp-json\/wp\/v2\/comments?post=282"}],"version-history":[{"count":28,"href":"https:\/\/www.arcadia-praxisklinik.de\/de\/wp-json\/wp\/v2\/pages\/282\/revisions"}],"predecessor-version":[{"id":2200,"href":"https:\/\/www.arcadia-praxisklinik.de\/de\/wp-json\/wp\/v2\/pages\/282\/revisions\/2200"}],"up":[{"embeddable":true,"href":"https:\/\/www.arcadia-praxisklinik.de\/de\/wp-json\/wp\/v2\/pages\/40"}],"wp:attachment":[{"href":"https:\/\/www.arcadia-praxisklinik.de\/de\/wp-json\/wp\/v2\/media?parent=282"}],"curies":[{"name":"wp","href":"https:\/\/api.w.org\/{rel}","templated":true}]}}