{"id":3355,"date":"2025-05-28T13:42:53","date_gmt":"2025-05-28T11:42:53","guid":{"rendered":"https:\/\/www.arcadia-praxisklinik.de\/?page_id=3355"},"modified":"2025-05-28T14:08:24","modified_gmt":"2025-05-28T12:08:24","slug":"massagen-und-wellness","status":"publish","type":"page","link":"https:\/\/www.arcadia-praxisklinik.de\/de\/krebs-therapie\/massagen-und-wellness\/","title":{"rendered":"Massagen und Wellness"},"content":{"rendered":"\n<div class=\"wp-block-group\"><div class=\"wp-block-group__inner-container is-layout-flow wp-block-group-is-layout-flow\">\n<h2 class=\"wp-block-heading has-text-align-center\"><br>Ganzheitliche Anwendungen f\u00fcr unsere Patienten<\/h2>\n\n\n\n<p class=\"has-text-align-center\"><br>Unseren Patienten bieten wir verschiedene therapeutische Anwendungen zur Behandlung und Entspannung. Gemeinsam mit dem behandelnden Arzt wird ein Ma\u00dfnahmenplan f\u00fcr den <a href=\"https:\/\/www.arcadia-praxisklinik.de\/de\/arcadia-praxis-klinik\/\">Aufenthalt<\/a> erstellt. Dabei stehen folgende Behandlung zur Auswahl:<\/p>\n<\/div><\/div>\n\n\n\n<div class=\"wp-block-group\"><div class=\"wp-block-group__inner-container is-layout-flow wp-block-group-is-layout-flow\">\n<div class=\"wp-block-columns are-vertically-aligned-top is-layout-flex wp-container-core-columns-is-layout-9d6595d7 wp-block-columns-is-layout-flex\">\n<div class=\"wp-block-column is-vertically-aligned-top is-layout-flow wp-block-column-is-layout-flow\">\n<h3 class=\"wp-block-heading\">B\u00e4der &amp; sonstige Anwendungen<\/h3>\n\n\n\n<figure class=\"wp-block-image size-full\"><img loading=\"lazy\" decoding=\"async\" width=\"550\" height=\"309\" src=\"https:\/\/www.arcadia-praxisklinik.de\/wp-content\/uploads\/2020\/10\/Arcadia-Kneipp-550x309-1.jpg\" alt=\"\" class=\"wp-image-758\" srcset=\"https:\/\/www.arcadia-praxisklinik.de\/wp-content\/uploads\/2020\/10\/Arcadia-Kneipp-550x309-1.jpg 550w, https:\/\/www.arcadia-praxisklinik.de\/wp-content\/uploads\/2020\/10\/Arcadia-Kneipp-550x309-1-300x169.jpg 300w\" sizes=\"auto, (max-width: 550px) 100vw, 550px\" \/><\/figure>\n<\/div>\n\n\n\n<div class=\"wp-block-column is-vertically-aligned-top is-layout-flow wp-block-column-is-layout-flow\">\n<ul class=\"wp-block-list\">\n<li>medizinische B\u00e4der mit Zus\u00e4tzen<\/li>\n\n\n\n<li>Kneipp-G\u00fcsse<\/li>\n\n\n\n<li>Wickel<\/li>\n\n\n\n<li>Mikrostromtherapie mit Luxxamed<\/li>\n<\/ul>\n<\/div>\n<\/div>\n<\/div><\/div>\n\n\n\n<div class=\"wp-block-group alignfull has-gray-background-color has-background\"><div class=\"wp-block-group__inner-container is-layout-flow wp-block-group-is-layout-flow\">\n<div class=\"wp-block-columns are-vertically-aligned-top is-layout-flex wp-container-core-columns-is-layout-9d6595d7 wp-block-columns-is-layout-flex\">\n<div class=\"wp-block-column is-vertically-aligned-top is-layout-flow wp-block-column-is-layout-flow\">\n<h3 class=\"wp-block-heading\">Massagen &amp; Wellness<\/h3>\n\n\n\n<figure class=\"wp-block-image size-full\"><img loading=\"lazy\" decoding=\"async\" width=\"960\" height=\"540\" src=\"https:\/\/www.arcadia-praxisklinik.de\/wp-content\/uploads\/2020\/10\/Arcadia-Oilmassage-960x540-1.jpg\" alt=\"\" class=\"wp-image-768\" srcset=\"https:\/\/www.arcadia-praxisklinik.de\/wp-content\/uploads\/2020\/10\/Arcadia-Oilmassage-960x540-1.jpg 960w, https:\/\/www.arcadia-praxisklinik.de\/wp-content\/uploads\/2020\/10\/Arcadia-Oilmassage-960x540-1-300x169.jpg 300w, https:\/\/www.arcadia-praxisklinik.de\/wp-content\/uploads\/2020\/10\/Arcadia-Oilmassage-960x540-1-768x432.jpg 768w\" sizes=\"auto, (max-width: 960px) 100vw, 960px\" \/><\/figure>\n<\/div>\n\n\n\n<div class=\"wp-block-column is-vertically-aligned-top is-layout-flow wp-block-column-is-layout-flow\">\n<ul class=\"wp-block-list\">\n<li>Ayurvedische \u00d6lmassagen<\/li>\n\n\n\n<li>Aroma\u00f6lmassage<\/li>\n\n\n\n<li>generalisierte Fu\u00df- und Handreflexzonentherapie<\/li>\n\n\n\n<li>Honigentgiftungsmassage<\/li>\n\n\n\n<li>klassische Massage<\/li>\n\n\n\n<li>Bindegewebsmassage<\/li>\n\n\n\n<li>Orgonomie Massage nach Wilhelm Reich<\/li>\n\n\n\n<li>InTouch Massage<\/li>\n\n\n\n<li>Lomi Lomi Nui<\/li>\n\n\n\n<li>Kahuna Bodywork<\/li>\n\n\n\n<li>Klangschalentherapie\/Singing Bowls<\/li>\n<\/ul>\n\n\n\n<p><\/p>\n<\/div>\n<\/div>\n<\/div><\/div>\n\n\n\n<div class=\"wp-block-group\"><div class=\"wp-block-group__inner-container is-layout-flow wp-block-group-is-layout-flow\">\n<h2 class=\"wp-block-heading has-text-align-center\"><br>Medizinische und wohltuende Anwendungen in der Arcadia Praxisklinik<\/h2>\n\n\n\n<p class=\"has-text-align-center\">Im Rahmen der <a href=\"https:\/\/www.arcadia-praxisklinik.de\/de\/krebs-therapie\/behandlungsablauf\/\">mehrw\u00f6chigen Behandlung<\/a> in unserem Haus k\u00f6nnen unsere Patienten verschiedene Anwendungen und Wellness-Angebote nutzen. Unser Behandlungsteam ist spezialisiert auf klassische Massage, Bindegewebsmassage, Mikrostrombehandlung und Api-Therapie (die Verwendung von medizinischen Bienenprodukten). Auch eine <a href=\"https:\/\/www.arcadia-praxisklinik.de\/de\/energiemedizin-coaching\/\">Klangschaltentherapie<\/a> kann in die Behandlung eingebunden werden.<\/p>\n<\/div><\/div>\n\n\n\n<div class=\"wp-block-group alignfull\"><div class=\"wp-block-group__inner-container is-layout-flow wp-block-group-is-layout-flow\">\n<figure class=\"wp-block-gallery alignfull has-nested-images columns-3 is-cropped wp-block-gallery-1 is-layout-flex wp-block-gallery-is-layout-flex\">\n<figure class=\"wp-block-image size-full\"><img loading=\"lazy\" decoding=\"async\" width=\"960\" height=\"540\" data-id=\"750\" src=\"https:\/\/www.arcadia-praxisklinik.de\/wp-content\/uploads\/2020\/10\/Arcadia-Honey-960x540-1.jpg\" alt=\"\" class=\"wp-image-750\" srcset=\"https:\/\/www.arcadia-praxisklinik.de\/wp-content\/uploads\/2020\/10\/Arcadia-Honey-960x540-1.jpg 960w, https:\/\/www.arcadia-praxisklinik.de\/wp-content\/uploads\/2020\/10\/Arcadia-Honey-960x540-1-300x169.jpg 300w, https:\/\/www.arcadia-praxisklinik.de\/wp-content\/uploads\/2020\/10\/Arcadia-Honey-960x540-1-768x432.jpg 768w\" sizes=\"auto, (max-width: 960px) 100vw, 960px\" \/><\/figure>\n\n\n\n<figure class=\"wp-block-image size-full\"><img loading=\"lazy\" decoding=\"async\" width=\"960\" height=\"540\" data-id=\"900\" src=\"https:\/\/www.arcadia-praxisklinik.de\/wp-content\/uploads\/2020\/10\/Klangschalen-960x540-1.jpg\" alt=\"\" class=\"wp-image-900\" srcset=\"https:\/\/www.arcadia-praxisklinik.de\/wp-content\/uploads\/2020\/10\/Klangschalen-960x540-1.jpg 960w, https:\/\/www.arcadia-praxisklinik.de\/wp-content\/uploads\/2020\/10\/Klangschalen-960x540-1-300x169.jpg 300w, https:\/\/www.arcadia-praxisklinik.de\/wp-content\/uploads\/2020\/10\/Klangschalen-960x540-1-768x432.jpg 768w\" sizes=\"auto, (max-width: 960px) 100vw, 960px\" \/><\/figure>\n\n\n\n<figure class=\"wp-block-image size-full\"><img loading=\"lazy\" decoding=\"async\" width=\"960\" height=\"540\" data-id=\"762\" src=\"https:\/\/www.arcadia-praxisklinik.de\/wp-content\/uploads\/2020\/10\/Arcadia-Manual-Lymphatic-Drainage-960x540-1.jpg\" alt=\"\" class=\"wp-image-762\" srcset=\"https:\/\/www.arcadia-praxisklinik.de\/wp-content\/uploads\/2020\/10\/Arcadia-Manual-Lymphatic-Drainage-960x540-1.jpg 960w, https:\/\/www.arcadia-praxisklinik.de\/wp-content\/uploads\/2020\/10\/Arcadia-Manual-Lymphatic-Drainage-960x540-1-300x169.jpg 300w, https:\/\/www.arcadia-praxisklinik.de\/wp-content\/uploads\/2020\/10\/Arcadia-Manual-Lymphatic-Drainage-960x540-1-768x432.jpg 768w\" sizes=\"auto, (max-width: 960px) 100vw, 960px\" \/><\/figure>\n<\/figure>\n<\/div><\/div>\n\n\n\n<div class=\"wp-block-group alignfull has-blue-background-color has-background\"><div class=\"wp-block-group__inner-container is-layout-flow wp-block-group-is-layout-flow\">\n<div class=\"wp-block-columns alignwide is-style-linkteaser cols-2 is-layout-flex wp-container-core-columns-is-layout-9d6595d7 wp-block-columns-is-layout-flex\">\n<div class=\"wp-block-column is-layout-flow wp-block-column-is-layout-flow\">\n<h3 class=\"wp-block-heading has-text-align-center has-white-color has-text-color\">Unsere Diagnose-Verfahren<\/h3>\n\n\n\n<p class=\"has-text-align-center\">Jede Therapieempfehlung setzt eine ausf\u00fchrliche Diagnose der Krebserkrankung voraus.<\/p>\n\n\n\n<div class=\"wp-block-buttons has-text-align-center is-style-default is-content-justification-center is-layout-flex wp-container-core-buttons-is-layout-16018d1d wp-block-buttons-is-layout-flex\">\n<div class=\"wp-block-button is-style-white\"><a class=\"wp-block-button__link wp-element-button\" href=\"https:\/\/www.arcadia-praxisklinik.de\/integrative-krebs-behandlung\/diagnose\/\" rel=\"ghjh\">Zu den Diagnoseverfahren<\/a><\/div>\n<\/div>\n<\/div>\n\n\n\n<div class=\"wp-block-column is-layout-flow wp-block-column-is-layout-flow\">\n<h3 class=\"wp-block-heading has-text-align-center has-white-color has-text-color\">Unsere Patienten-Erfahrungen<\/h3>\n\n\n\n<p class=\"has-text-align-center\">Erfahren Sie, was unsere Patienten \u00fcber ihre Krebsbehandlung bei Arcadia erz\u00e4hlen. <\/p>\n\n\n\n<div class=\"wp-block-buttons has-text-align-center is-content-justification-center is-layout-flex wp-container-core-buttons-is-layout-16018d1d wp-block-buttons-is-layout-flex\">\n<div class=\"wp-block-button is-style-white\"><a class=\"wp-block-button__link wp-element-button\" href=\"https:\/\/www.arcadia-praxisklinik.de\/arcadia-praxis-klinik\/\">Das sagen unsere Patienten<\/a><\/div>\n<\/div>\n<\/div>\n<\/div>\n<\/div><\/div>\n","protected":false},"excerpt":{"rendered":"<p>Ganzheitliche Anwendungen f\u00fcr unsere Patienten Unseren Patienten bieten wir verschiedene therapeutische Anwendungen zur Behandlung und Entspannung. Gemeinsam mit dem behandelnden&hellip;<\/p>\n","protected":false},"author":4,"featured_media":0,"parent":40,"menu_order":0,"comment_status":"closed","ping_status":"closed","template":"","meta":{"_acf_changed":false,"footnotes":""},"class_list":["post-3355","page","type-page","status-publish","hentry"],"acf":[],"yoast_head":"<!-- This site is optimized with the Yoast SEO plugin v26.8 - https:\/\/yoast.com\/product\/yoast-seo-wordpress\/ -->\n<title>Wellness zur Entspannung w\u00e4hrend Krebsbehandlungen<\/title>\n<meta name=\"description\" content=\"Massagen und Wellness f\u00fcr Entspannung w\u00e4hrend des Aufenthalts. Spezialisiertes Therapiepersonal und vielf\u00e4ltige Angebote.\" \/>\n<meta name=\"robots\" content=\"index, follow, max-snippet:-1, max-image-preview:large, max-video-preview:-1\" \/>\n<link rel=\"canonical\" href=\"https:\/\/www.arcadia-praxisklinik.de\/de\/krebs-therapie\/massagen-und-wellness\/\" \/>\n<meta property=\"og:locale\" content=\"de_DE\" \/>\n<meta property=\"og:type\" content=\"article\" \/>\n<meta property=\"og:title\" content=\"Wellness zur Entspannung w\u00e4hrend Krebsbehandlungen\" \/>\n<meta property=\"og:description\" content=\"Massagen und Wellness f\u00fcr Entspannung w\u00e4hrend des Aufenthalts. Spezialisiertes Therapiepersonal und vielf\u00e4ltige Angebote.\" \/>\n<meta property=\"og:url\" content=\"https:\/\/www.arcadia-praxisklinik.de\/de\/krebs-therapie\/massagen-und-wellness\/\" \/>\n<meta property=\"og:site_name\" content=\"Arcadia Praxisklinik\" \/>\n<meta property=\"article:modified_time\" content=\"2025-05-28T12:08:24+00:00\" \/>\n<meta property=\"og:image\" content=\"https:\/\/www.arcadia-praxisklinik.de\/wp-content\/uploads\/2020\/10\/Arcadia-Kneipp-550x309-1.jpg\" \/>\n\t<meta property=\"og:image:width\" content=\"550\" \/>\n\t<meta property=\"og:image:height\" content=\"309\" \/>\n\t<meta property=\"og:image:type\" content=\"image\/jpeg\" \/>\n<meta name=\"twitter:card\" content=\"summary_large_image\" \/>\n<script type=\"application\/ld+json\" class=\"yoast-schema-graph\">{\"@context\":\"https:\/\/schema.org\",\"@graph\":[{\"@type\":\"WebPage\",\"@id\":\"https:\/\/www.arcadia-praxisklinik.de\/de\/krebs-therapie\/massagen-und-wellness\/\",\"url\":\"https:\/\/www.arcadia-praxisklinik.de\/de\/krebs-therapie\/massagen-und-wellness\/\",\"name\":\"Wellness zur Entspannung w\u00e4hrend Krebsbehandlungen\",\"isPartOf\":{\"@id\":\"https:\/\/www.arcadia-praxisklinik.de\/de\/#website\"},\"primaryImageOfPage\":{\"@id\":\"https:\/\/www.arcadia-praxisklinik.de\/de\/krebs-therapie\/massagen-und-wellness\/#primaryimage\"},\"image\":{\"@id\":\"https:\/\/www.arcadia-praxisklinik.de\/de\/krebs-therapie\/massagen-und-wellness\/#primaryimage\"},\"thumbnailUrl\":\"https:\/\/www.arcadia-praxisklinik.de\/wp-content\/uploads\/2020\/10\/Arcadia-Kneipp-550x309-1.jpg\",\"datePublished\":\"2025-05-28T11:42:53+00:00\",\"dateModified\":\"2025-05-28T12:08:24+00:00\",\"description\":\"Massagen und Wellness f\u00fcr Entspannung w\u00e4hrend des Aufenthalts. Spezialisiertes Therapiepersonal und vielf\u00e4ltige Angebote.\",\"breadcrumb\":{\"@id\":\"https:\/\/www.arcadia-praxisklinik.de\/de\/krebs-therapie\/massagen-und-wellness\/#breadcrumb\"},\"inLanguage\":\"de\",\"potentialAction\":[{\"@type\":\"ReadAction\",\"target\":[\"https:\/\/www.arcadia-praxisklinik.de\/de\/krebs-therapie\/massagen-und-wellness\/\"]}]},{\"@type\":\"ImageObject\",\"inLanguage\":\"de\",\"@id\":\"https:\/\/www.arcadia-praxisklinik.de\/de\/krebs-therapie\/massagen-und-wellness\/#primaryimage\",\"url\":\"https:\/\/www.arcadia-praxisklinik.de\/wp-content\/uploads\/2020\/10\/Arcadia-Kneipp-550x309-1.jpg\",\"contentUrl\":\"https:\/\/www.arcadia-praxisklinik.de\/wp-content\/uploads\/2020\/10\/Arcadia-Kneipp-550x309-1.jpg\"},{\"@type\":\"BreadcrumbList\",\"@id\":\"https:\/\/www.arcadia-praxisklinik.de\/de\/krebs-therapie\/massagen-und-wellness\/#breadcrumb\",\"itemListElement\":[{\"@type\":\"ListItem\",\"position\":1,\"name\":\"Startseite\",\"item\":\"https:\/\/www.arcadia-praxisklinik.de\/de\/\"},{\"@type\":\"ListItem\",\"position\":2,\"name\":\"Krebstherapie\",\"item\":\"https:\/\/www.arcadia-praxisklinik.de\/de\/krebs-therapie\/\"},{\"@type\":\"ListItem\",\"position\":3,\"name\":\"Massagen und Wellness\"}]},{\"@type\":\"WebSite\",\"@id\":\"https:\/\/www.arcadia-praxisklinik.de\/de\/#website\",\"url\":\"https:\/\/www.arcadia-praxisklinik.de\/de\/\",\"name\":\"Arcadia Praxisklinik\",\"description\":\"Zentrum f\u00fcr integrative Medizin und Krebstherapie in Bad Emstal\",\"potentialAction\":[{\"@type\":\"SearchAction\",\"target\":{\"@type\":\"EntryPoint\",\"urlTemplate\":\"https:\/\/www.arcadia-praxisklinik.de\/de\/?s={search_term_string}\"},\"query-input\":{\"@type\":\"PropertyValueSpecification\",\"valueRequired\":true,\"valueName\":\"search_term_string\"}}],\"inLanguage\":\"de\"}]}<\/script>\n<!-- \/ Yoast SEO plugin. -->","yoast_head_json":{"title":"Wellness zur Entspannung w\u00e4hrend Krebsbehandlungen","description":"Massagen und Wellness f\u00fcr Entspannung w\u00e4hrend des Aufenthalts. Spezialisiertes Therapiepersonal und vielf\u00e4ltige Angebote.","robots":{"index":"index","follow":"follow","max-snippet":"max-snippet:-1","max-image-preview":"max-image-preview:large","max-video-preview":"max-video-preview:-1"},"canonical":"https:\/\/www.arcadia-praxisklinik.de\/de\/krebs-therapie\/massagen-und-wellness\/","og_locale":"de_DE","og_type":"article","og_title":"Wellness zur Entspannung w\u00e4hrend Krebsbehandlungen","og_description":"Massagen und Wellness f\u00fcr Entspannung w\u00e4hrend des Aufenthalts. Spezialisiertes Therapiepersonal und vielf\u00e4ltige Angebote.","og_url":"https:\/\/www.arcadia-praxisklinik.de\/de\/krebs-therapie\/massagen-und-wellness\/","og_site_name":"Arcadia Praxisklinik","article_modified_time":"2025-05-28T12:08:24+00:00","og_image":[{"width":550,"height":309,"url":"https:\/\/www.arcadia-praxisklinik.de\/wp-content\/uploads\/2020\/10\/Arcadia-Kneipp-550x309-1.jpg","type":"image\/jpeg"}],"twitter_card":"summary_large_image","schema":{"@context":"https:\/\/schema.org","@graph":[{"@type":"WebPage","@id":"https:\/\/www.arcadia-praxisklinik.de\/de\/krebs-therapie\/massagen-und-wellness\/","url":"https:\/\/www.arcadia-praxisklinik.de\/de\/krebs-therapie\/massagen-und-wellness\/","name":"Wellness zur Entspannung w\u00e4hrend Krebsbehandlungen","isPartOf":{"@id":"https:\/\/www.arcadia-praxisklinik.de\/de\/#website"},"primaryImageOfPage":{"@id":"https:\/\/www.arcadia-praxisklinik.de\/de\/krebs-therapie\/massagen-und-wellness\/#primaryimage"},"image":{"@id":"https:\/\/www.arcadia-praxisklinik.de\/de\/krebs-therapie\/massagen-und-wellness\/#primaryimage"},"thumbnailUrl":"https:\/\/www.arcadia-praxisklinik.de\/wp-content\/uploads\/2020\/10\/Arcadia-Kneipp-550x309-1.jpg","datePublished":"2025-05-28T11:42:53+00:00","dateModified":"2025-05-28T12:08:24+00:00","description":"Massagen und Wellness f\u00fcr Entspannung w\u00e4hrend des Aufenthalts. Spezialisiertes Therapiepersonal und vielf\u00e4ltige Angebote.","breadcrumb":{"@id":"https:\/\/www.arcadia-praxisklinik.de\/de\/krebs-therapie\/massagen-und-wellness\/#breadcrumb"},"inLanguage":"de","potentialAction":[{"@type":"ReadAction","target":["https:\/\/www.arcadia-praxisklinik.de\/de\/krebs-therapie\/massagen-und-wellness\/"]}]},{"@type":"ImageObject","inLanguage":"de","@id":"https:\/\/www.arcadia-praxisklinik.de\/de\/krebs-therapie\/massagen-und-wellness\/#primaryimage","url":"https:\/\/www.arcadia-praxisklinik.de\/wp-content\/uploads\/2020\/10\/Arcadia-Kneipp-550x309-1.jpg","contentUrl":"https:\/\/www.arcadia-praxisklinik.de\/wp-content\/uploads\/2020\/10\/Arcadia-Kneipp-550x309-1.jpg"},{"@type":"BreadcrumbList","@id":"https:\/\/www.arcadia-praxisklinik.de\/de\/krebs-therapie\/massagen-und-wellness\/#breadcrumb","itemListElement":[{"@type":"ListItem","position":1,"name":"Startseite","item":"https:\/\/www.arcadia-praxisklinik.de\/de\/"},{"@type":"ListItem","position":2,"name":"Krebstherapie","item":"https:\/\/www.arcadia-praxisklinik.de\/de\/krebs-therapie\/"},{"@type":"ListItem","position":3,"name":"Massagen und Wellness"}]},{"@type":"WebSite","@id":"https:\/\/www.arcadia-praxisklinik.de\/de\/#website","url":"https:\/\/www.arcadia-praxisklinik.de\/de\/","name":"Arcadia Praxisklinik","description":"Zentrum f\u00fcr integrative Medizin und Krebstherapie in Bad Emstal","potentialAction":[{"@type":"SearchAction","target":{"@type":"EntryPoint","urlTemplate":"https:\/\/www.arcadia-praxisklinik.de\/de\/?s={search_term_string}"},"query-input":{"@type":"PropertyValueSpecification","valueRequired":true,"valueName":"search_term_string"}}],"inLanguage":"de"}]}},"_links":{"self":[{"href":"https:\/\/www.arcadia-praxisklinik.de\/de\/wp-json\/wp\/v2\/pages\/3355","targetHints":{"allow":["GET"]}}],"collection":[{"href":"https:\/\/www.arcadia-praxisklinik.de\/de\/wp-json\/wp\/v2\/pages"}],"about":[{"href":"https:\/\/www.arcadia-praxisklinik.de\/de\/wp-json\/wp\/v2\/types\/page"}],"author":[{"embeddable":true,"href":"https:\/\/www.arcadia-praxisklinik.de\/de\/wp-json\/wp\/v2\/users\/4"}],"replies":[{"embeddable":true,"href":"https:\/\/www.arcadia-praxisklinik.de\/de\/wp-json\/wp\/v2\/comments?post=3355"}],"version-history":[{"count":3,"href":"https:\/\/www.arcadia-praxisklinik.de\/de\/wp-json\/wp\/v2\/pages\/3355\/revisions"}],"predecessor-version":[{"id":3416,"href":"https:\/\/www.arcadia-praxisklinik.de\/de\/wp-json\/wp\/v2\/pages\/3355\/revisions\/3416"}],"up":[{"embeddable":true,"href":"https:\/\/www.arcadia-praxisklinik.de\/de\/wp-json\/wp\/v2\/pages\/40"}],"wp:attachment":[{"href":"https:\/\/www.arcadia-praxisklinik.de\/de\/wp-json\/wp\/v2\/media?parent=3355"}],"curies":[{"name":"wp","href":"https:\/\/api.w.org\/{rel}","templated":true}]}}