{"id":3883,"date":"2025-11-11T11:56:03","date_gmt":"2025-11-11T10:56:03","guid":{"rendered":"https:\/\/www.arcadia-praxisklinik.de\/?page_id=3883"},"modified":"2025-11-11T11:56:04","modified_gmt":"2025-11-11T10:56:04","slug":"patienten-service","status":"publish","type":"page","link":"https:\/\/www.arcadia-praxisklinik.de\/de\/patienten-service\/","title":{"rendered":"Patienten-Service"},"content":{"rendered":"\n<div class=\"wp-block-group\"><div class=\"wp-block-group__inner-container is-layout-flow wp-block-group-is-layout-flow\">\n<h2 class=\"wp-block-heading has-text-align-center\">Patientenservice<\/h2>\n\n\n\n<p class=\"has-text-align-center\">Wir m\u00f6chten, dass sich unsere Patienten in der Arcadia Praxisklinik wohlf\u00fchlen. Dazu geh\u00f6rt auch unser Rundum-Sorglos-Service. Einige der h\u00e4ufig gestellten Fragen zum Aufenthalt haben wir f\u00fcr alle Patienten  zusammengestellt.<\/p>\n<\/div><\/div>\n\n\n\n<div class=\"wp-block-group alignfull\"><div class=\"wp-block-group__inner-container is-layout-flow wp-block-group-is-layout-flow\">\n<div class=\"wp-block-columns alignwide is-layout-flex wp-container-core-columns-is-layout-9d6595d7 wp-block-columns-is-layout-flex\">\n<div class=\"wp-block-column is-layout-flow wp-block-column-is-layout-flow\" style=\"flex-basis:33.33%\">\n<h3 class=\"wp-block-heading has-text-align-left mb-0\">Ihre Fragen vor dem Aufenthalt<\/h3>\n<\/div>\n\n\n\n<div class=\"wp-block-column is-layout-flow wp-block-column-is-layout-flow\">\n<div id=\"content-block-block_2d35d2abffc5ea74cf8246cb0755f5e6\" class=\"content-block block-accordion js-accordion\">\n<div class=\"c-accordion\">\n\t\n\t\n\t\t<div class=\"c-accordion-title\" >\n\t\t\tKann ich einen Angeh\u00f6rigen w\u00e4hrend des Aufenthalts mitbringen?\t\t\t<span class=\"toggle\"><\/span>\n\t\t<\/div>\n\t\t<div class=\"c-accordion-content\"><p><span style=\"font-weight: 400;\">Viele unserer Patienten bringen eine Begleitperson mit, die w\u00e4hrend des Aufenthaltes als wichtige Unterst\u00fctzung und Hilfe f\u00fcr den Heilungsverlauf gesch\u00e4tzt wird. F\u00fcr alle Fragen bez\u00fcglich der Unterbringung k\u00f6nnen Sie sich gerne an die Arcadia Vita GmbH wenden.\u00a0<\/span><\/p>\n<p><span style=\"font-weight: 400;\">W\u00e4hrend der medizinischen Behandlungen sorgt unser medizinisches Fachpersonal f\u00fcr Ihr Wohl und die professionelle und sichere Durchf\u00fchrung Ihrer Behandlungen. In der Regel werden die Behandlungen ohne die Angeh\u00f6rigen durchgef\u00fchrt. In Einzelf\u00e4llen kann, nach vorheriger Absprache mit dem Arzt, ein naher Angeh\u00f6riger bei einer Behandlung mit dabei sein.<\/span><\/p>\n<\/div>\n\n\t\n\t\t<div class=\"c-accordion-title\" >\n\t\t\tWie kann ich mich f\u00fcr den Aufenthalt optimal vorbereiten?\t\t\t<span class=\"toggle\"><\/span>\n\t\t<\/div>\n\t\t<div class=\"c-accordion-content\"><p>Als Literatur empfehlen wir <a href=\"https:\/\/www.randomhouse.de\/Buch\/9-Wege-in-ein-krebsfreies-Leben\/Kelly-A-Turner\/Irisiana\/e465651.rhd?rhcampaignid=GA_DMD_Dynamisch&amp;gclid=Cj0KCQiAhZT9BRDmARIsAN2E-J3yrsLtrqqnm2nKIMhYOk3HcjATc8dI_WxC4-lt_GlE-PwAxcN6T2UaAobQEALw_wcB\">\u201e9 Wege in ein krebsfreies Leben: Wahre Geschichten von geheilten Menschen\u201c von Kelly Turner<\/a>. Ebenso ist der <a href=\"https:\/\/www.youtube.com\/watch?v=IBSgbqZ6mR0\">YouTube Kanal von Chris Wark \u201eChris beat cancer\u201c<\/a> sehr informativ.<\/p>\n<p>Sollten Ihre Venen schwer zug\u00e4nglich sein, empfehlen wir vor Ihrer Ankunft einen Port oder eine PICC-Line installieren zu lassen. Sollte das im Vorfeld nicht m\u00f6glich sein, k\u00f6nnen wir das in einer unserer Partnerkliniken f\u00fcr Sie organisieren.<\/p>\n<\/div>\n\n\t\n\t\t<div class=\"c-accordion-title\" >\n\t\t\tWelche medizinischen Unterlagen werden f\u00fcr die Anmeldung ben\u00f6tigt?\t\t\t<span class=\"toggle\"><\/span>\n\t\t<\/div>\n\t\t<div class=\"c-accordion-content\"><p>Wir ben\u00f6tigen Ihre aktuellsten Befunde, z.B. Diagnosebericht, MRT oder CT, Blutwerte usw. Unser Patienten-Service hilft Ihnen gerne bei R\u00fcckfragen.<\/p>\n<\/div>\n\n\t\n\t\t<div class=\"c-accordion-title\" >\n\t\t\tWieviel kostet der Aufenthalt in der Arcadia Praxisklinik?\t\t\t<span class=\"toggle\"><\/span>\n\t\t<\/div>\n\t\t<div class=\"c-accordion-content\"><p>Unsere \u00c4rzte studieren gr\u00fcndlich Ihre medizinische Dokumentation mit allen aktuellen Befunden und es folgt ein Arztgespr\u00e4ch. Stufen wir Ihr Erkrankungsstadium als behandelbar ein, unterbreiten wir Ihnen ein individuelles Behandlungsangebot.<\/p>\n<\/div>\n\n\t\n\t\t<div class=\"c-accordion-title\" >\n\t\t\tWas muss ich ich alles unbedingt mitbringen und beachten?\t\t\t<span class=\"toggle\"><\/span>\n\t\t<\/div>\n\t\t<div class=\"c-accordion-content\"><p>W\u00e4hrend Ihres Aufenthalts im Hause reicht bequeme Kleidung.<br \/>\nDie Arcadia Praxisklinik liegt in einem wundersch\u00f6nen Park, nutzen Sie die Gelegenheit f\u00fcr Wanderungen und Spazierg\u00e4nge. Am Wochenende haben Sie die M\u00f6glichkeit das Fachwerkst\u00e4dtchen Fritzlar oder die Stadt Kassel mit ihren vielf\u00e4ltigen Sehensw\u00fcrdigkeiten zu besuchen. Daf\u00fcr sollten Sie entsprechende Kleidung mitnehmen.<\/p>\n<\/div>\n\n\t\n\t\t<div class=\"c-accordion-title\" >\n\t\t\tWie schnell kann ich mit einer Krebsbehandlung beginnen?\t\t\t<span class=\"toggle\"><\/span>\n\t\t<\/div>\n\t\t<div class=\"c-accordion-content\"><p>In der Regel liegen unsere Wartezeiten f\u00fcr die Aufnahme neuer Patienten im Bereich von wenigen Wochen. Vorab studieren unsere \u00c4rzte gr\u00fcndlich Ihre medizinische Dokumentation mit allen aktuellen Befunden. Stufen wir Ihr Erkrankungsstadium als behandelbar ein, unterbreiten wir Ihnen ein Behandlungsangebot.<\/p>\n<p>Wir sind immer bem\u00fcht, Ihnen einen fr\u00fchst m\u00f6glichen Behandlungstermin anzubieten. Stehen Sie auf unserer Warteliste, kontaktieren wir Sie im Falle einer Absage eines bereits gebuchten Patienten umgehend, um Ihre Behandlung fr\u00fcher zu beginnen. In der Regel beginnt die Therapie montags um 8.30 Uhr, die Anreise sollte am Sonntag sp\u00e4testens gegen Abend erfolgen.<\/p>\n<\/div>\n\n\t\n\t<\/div>\n<\/div>\n<\/div>\n<\/div>\n<\/div><\/div>\n\n\n\n<div class=\"wp-block-group alignfull\"><div class=\"wp-block-group__inner-container is-layout-flow wp-block-group-is-layout-flow\">\n<div class=\"wp-block-columns alignwide is-layout-flex wp-container-core-columns-is-layout-9d6595d7 wp-block-columns-is-layout-flex\">\n<div class=\"wp-block-column is-layout-flow wp-block-column-is-layout-flow\" style=\"flex-basis:33.33%\">\n<h3 class=\"wp-block-heading has-text-align-left mb-0\">Ihre Fragen w\u00e4hrend des Aufenthalts<\/h3>\n<\/div>\n\n\n\n<div class=\"wp-block-column is-layout-flow wp-block-column-is-layout-flow\" style=\"flex-basis:66.66%\">\n<div id=\"content-block-block_8808accdea85fef500ba614cd1fb15f9\" class=\"content-block block-accordion js-accordion\">\n<div class=\"c-accordion\">\n\t\n\t\n\t\t<div class=\"c-accordion-title\" >\n\t\t\tWelche Sprachen sprechen die \u00c4rzte in der Arcadia Klinik?\t\t\t<span class=\"toggle\"><\/span>\n\t\t<\/div>\n\t\t<div class=\"c-accordion-content\"><p>Die \u00c4rzte in unserer Klinik sprechen Deutsch, Englisch, Schwedisch, Arabisch, Russisch und Ukrainisch. So ist es m\u00f6glich, dass wir optimal mit unseren G\u00e4sten kommunizieren.<\/p>\n<\/div>\n\n\t\n\t\t<div class=\"c-accordion-title\" >\n\t\t\tWas kann ich w\u00e4hrend meiner behandlungsfreien Zeit machen?\t\t\t<span class=\"toggle\"><\/span>\n\t\t<\/div>\n\t\t<div class=\"c-accordion-content\"><p>Sie haben die M\u00f6glichkeit verschiedene frei zur Verf\u00fcgung stehende medizinische Ger\u00e4te in den Abendstunden und am Wochenende zur Unterst\u00fctzung Ihrer Therapie zu nutzen. Eine Regelversorgung in der Nacht und am Wochenende besteht nicht. Ein telefonischer Notdienst ist aber erreichbar und im Notfall ist der Arzt innerhalb von Minuten vor Ort.<\/p>\n<p>Die Arcadia Praxisklinik liegt in einem wundersch\u00f6nen Park, nutzen Sie die Gelegenheit f\u00fcr Wanderungen und Spazierg\u00e4nge. Am Wochenende haben Sie die M\u00f6glichkeit das Fachwerkst\u00e4dtchen Fritzlar oder die Stadt Kassel mit ihren vielf\u00e4ltigen Sehensw\u00fcrdigkeiten zu besuchen.<\/p>\n<\/div>\n\n\t\n\t\t<div class=\"c-accordion-title\" >\n\t\t\tKann ich meinen Aufenthalt in der Klinik noch verl\u00e4ngern?\t\t\t<span class=\"toggle\"><\/span>\n\t\t<\/div>\n\t\t<div class=\"c-accordion-content\"><p>Da wir in der Vergangenheit h\u00e4ufig die Erfahrung gemacht haben, dass ein Gast seinen Aufenthalt verl\u00e4ngern m\u00f6chte, vermeiden wir m\u00f6glichst eine 100 % Auslastung. Somit ist Ihnen von unserer personellen Seite vollste Aufmerksamkeit gewidmet und Ihnen ist die Sorge genommen eine erfolgreiche Therapie nicht vorzeitig abbrechen zu m\u00fcssen.<\/p>\n<p>&nbsp;<\/p>\n<\/div>\n\n\t\n\t\t<div class=\"c-accordion-title\" >\n\t\t\tWas kann ich machen, wenn ich weitere Fach\u00e4rzte oder Untersuchungen ben\u00f6tige?\t\t\t<span class=\"toggle\"><\/span>\n\t\t<\/div>\n\t\t<div class=\"c-accordion-content\"><p>Zus\u00e4tzlich zu den von Arcadia angebotenen Leistungen bieten wir bei Bedarf Behandlungen in einem Krankenhaus oder von einem Facharzt an und organisieren diese Behandlungen f\u00fcr Sie. Eine Regelversorgung in der Nacht und am Wochenende besteht nicht. Ein telefonischer Notdienst ist aber erreichbar und im Notfall ist der Arzt innerhalb von Minuten vor Ort.<\/p>\n<p>&nbsp;<\/p>\n<\/div>\n\n\t\n\t<\/div>\n<\/div>\n<\/div>\n<\/div>\n<\/div><\/div>\n\n\n\n<div class=\"wp-block-group alignfull\"><div class=\"wp-block-group__inner-container is-layout-flow wp-block-group-is-layout-flow\">\n<div class=\"wp-block-columns alignwide is-layout-flex wp-container-core-columns-is-layout-9d6595d7 wp-block-columns-is-layout-flex\">\n<div class=\"wp-block-column is-layout-flow wp-block-column-is-layout-flow\" style=\"flex-basis:33.33%\">\n<h3 class=\"wp-block-heading has-text-align-left mb-0\">Ihre Fragen nach dem Aufenthalt<\/h3>\n<\/div>\n\n\n\n<div class=\"wp-block-column is-layout-flow wp-block-column-is-layout-flow\" style=\"flex-basis:66.66%\">\n<div id=\"content-block-block_9c1c207bdc0a0ac002a27117106cc9ec\" class=\"content-block block-accordion js-accordion\">\n<div class=\"c-accordion\">\n\t\n\t\n\t\t<div class=\"c-accordion-title\" >\n\t\t\tSollte ich einen weiteren Aufenthalt oder eine Nachkontrolle in der Arcadia Praxisklinik planen?\t\t\t<span class=\"toggle\"><\/span>\n\t\t<\/div>\n\t\t<div class=\"c-accordion-content\"><p>Viele G\u00e4ste reisen ein zweites oder drittes Mal an, um den bei Arcadia verbesserten Gesundheitszustand zu stabilisieren. Was in Ihrem Fall f\u00fcr Sie am besten ist, werden wir nach dem Start Ihres Weges in eine bessere Gesundheit gemeinsam bestimmen.<\/p>\n<\/div>\n\n\t\n\t\t<div class=\"c-accordion-title\" >\n\t\t\tWas kann ich nach meinem Aufenthalt noch f\u00fcr meine Gesundheit machen?\t\t\t<span class=\"toggle\"><\/span>\n\t\t<\/div>\n\t\t<div class=\"c-accordion-content\"><p>W\u00e4hrend Ihres Aufenthalts bei uns lernen sie viele Bereiche kennen, in denen eine Neuorientierung Ihres Lebensstiles eine nachhaltige Verbesserung der Gesundheit zur Folge hat. Wir bleiben gerne in Kontakt mit Ihnen, um Ihnen hierbei weiterhin hilfreich zu sein.<\/p>\n<\/div>\n\n\t\n\t\t<div class=\"c-accordion-title\" >\n\t\t\tWelche Unterlagen bekomme ich von der Arcadia Praxisklinik ausgeh\u00e4ndigt?\t\t\t<span class=\"toggle\"><\/span>\n\t\t<\/div>\n\t\t<div class=\"c-accordion-content\"><p>Unsere Patienten bekommen schon w\u00e4hrend Ihres Aufenthalt eine Patientenmappe, in denen sie die Erkenntnisse und Papiere aus den Meetings zusammentragen. Abschlie\u00dfend wird das erg\u00e4nzt durch alle Befunde und Untersuchungsergebnisse w\u00e4hrend der Behandlungszeit.<\/p>\n<\/div>\n\n\t\n\t\t<div class=\"c-accordion-title\" >\n\t\t\tAn wen kann ich mich nach meinem Aufenthalt f\u00fcr Fragen und Hilfe wenden?\t\t\t<span class=\"toggle\"><\/span>\n\t\t<\/div>\n\t\t<div class=\"c-accordion-content\"><p>Wir begleiten Sie nach Ihrer Abreise mit einem Nachsorge-Paket, welches nach ca. 4-6 Wochen ein Gespr\u00e4ch mit einem Arzt\/Coach beinhaltet. Auch dar\u00fcber hinaus stehen wir bei Sorgen und Fragen f\u00fcr Sie zur Verf\u00fcgung.<br \/>\nBitte teilen Sie uns alle neueren Untersuchungsergebnisse (Blutwerte, CT, MRT, PET etc.) mit, die nach Ihrer Behandlung bei Arcadia stattfinden, sodass wir im Bilde sind und Sie weiter beraten k\u00f6nnen.<\/p>\n<\/div>\n\n\t\n\t<\/div>\n<\/div>\n<\/div>\n<\/div>\n<\/div><\/div>\n\n\n\n<div class=\"wp-block-group alignfull has-gray-background-color has-background\"><div class=\"wp-block-group__inner-container is-layout-flow wp-block-group-is-layout-flow\">\n<div class=\"wp-block-columns alignwide is-layout-flex wp-container-core-columns-is-layout-9d6595d7 wp-block-columns-is-layout-flex\">\n<div class=\"wp-block-column is-layout-flow wp-block-column-is-layout-flow\">\n<h2 class=\"wp-block-heading\">Wir konnten Ihre Fragen nicht beantworten?<\/h2>\n\n\n\n<p>Schreiben Sie uns eine Nachricht. Wir nehmen uns Zeit, um Ihre Fragen zu beantworten. Bitte reservieren Sie einen Termin \u00fcber das Kontaktformular. Wir melden uns umgehend zur\u00fcck.<\/p>\n\n\n\n<p><strong><strong>Telefon-Service f\u00fcr unsere G\u00e4ste:<\/strong><\/strong><br>Montag bis Freitag von 8:30-12.30 Uhr<br>und 13.00-16.30 Uhr (au\u00dfer am Mittwoch)<\/p>\n<\/div>\n\n\n\n<div class=\"wp-block-column is-layout-flow wp-block-column-is-layout-flow\">\n<div class=\"wpcf7 no-js\" id=\"wpcf7-f113-o1\" lang=\"de-DE\" dir=\"ltr\" data-wpcf7-id=\"113\">\n<div class=\"screen-reader-response\"><p role=\"status\" aria-live=\"polite\" aria-atomic=\"true\"><\/p> <ul><\/ul><\/div>\n<form action=\"\/de\/wp-json\/wp\/v2\/pages\/3883#wpcf7-f113-o1\" method=\"post\" class=\"wpcf7-form init\" aria-label=\"Kontaktformular\" novalidate=\"novalidate\" data-status=\"init\">\n<fieldset class=\"hidden-fields-container\"><input type=\"hidden\" name=\"_wpcf7\" value=\"113\" \/><input type=\"hidden\" name=\"_wpcf7_version\" value=\"6.1.4\" \/><input type=\"hidden\" name=\"_wpcf7_locale\" value=\"de_DE\" \/><input type=\"hidden\" name=\"_wpcf7_unit_tag\" value=\"wpcf7-f113-o1\" \/><input type=\"hidden\" name=\"_wpcf7_container_post\" value=\"0\" \/><input type=\"hidden\" name=\"_wpcf7_posted_data_hash\" value=\"\" \/>\n<\/fieldset>\n<div class=\"c-card\">\n\t<div class=\"c-form-row\">\n\t\t<div class=\"c-form-group col-md-6\">\n\t\t\t<p><label for=\"firstname\">Vorname*<\/label><span class=\"wpcf7-form-control-wrap\" data-name=\"firstname\"><input size=\"40\" maxlength=\"400\" class=\"wpcf7-form-control wpcf7-text wpcf7-validates-as-required input-text form-control\" aria-required=\"true\" aria-invalid=\"false\" value=\"\" type=\"text\" name=\"firstname\" \/><\/span>\n\t\t\t<\/p>\n\t\t<\/div>\n\t\t<div class=\"c-form-group col-md-6\">\n\t\t\t<p><label for=\"lastname\">Nachname*<\/label><span class=\"wpcf7-form-control-wrap\" data-name=\"lastname\"><input size=\"40\" maxlength=\"400\" class=\"wpcf7-form-control wpcf7-text wpcf7-validates-as-required input-text form-control\" aria-required=\"true\" aria-invalid=\"false\" value=\"\" type=\"text\" name=\"lastname\" \/><\/span>\n\t\t\t<\/p>\n\t\t<\/div>\n\t<\/div>\n\t<div class=\"c-form-row\">\n\t\t<div class=\"c-form-group col-md-6\">\n\t\t\t<p><label for=\"email\">E-Mail*<\/label><span class=\"wpcf7-form-control-wrap\" data-name=\"email\"><input size=\"40\" maxlength=\"400\" class=\"wpcf7-form-control wpcf7-email wpcf7-validates-as-required wpcf7-text wpcf7-validates-as-email input-text form-control\" aria-required=\"true\" aria-invalid=\"false\" value=\"\" type=\"email\" name=\"email\" \/><\/span>\n\t\t\t<\/p>\n\t\t<\/div>\n\t\t<div class=\"c-form-group col-md-6\">\n\t\t\t<p><label for=\"phone\">Telefon<\/label><span class=\"wpcf7-form-control-wrap\" data-name=\"phone\"><input size=\"40\" maxlength=\"400\" class=\"wpcf7-form-control wpcf7-text input-text form-control\" aria-invalid=\"false\" value=\"\" type=\"text\" name=\"phone\" \/><\/span>\n\t\t\t<\/p>\n\t\t<\/div>\n\t<\/div>\n\t<div class=\"c-form-group\">\n\t\t<p><label for=\"land\">Land<\/label><span class=\"wpcf7-form-control-wrap\" data-name=\"land\"><input size=\"40\" maxlength=\"400\" class=\"wpcf7-form-control wpcf7-text input-text form-control\" aria-invalid=\"false\" value=\"\" type=\"text\" name=\"land\" \/><\/span>\n\t\t<\/p>\n\t<\/div>\n\t<div class=\"c-form-group\">\n\t\t<p><label for=\"Betreff\">Betreff<\/label><span class=\"wpcf7-form-control-wrap\" data-name=\"Betreff\"><select class=\"wpcf7-form-control wpcf7-select\" aria-invalid=\"false\" name=\"Betreff\"><option value=\"Kontaktanfrage\">Kontaktanfrage<\/option><option value=\"R\u00fcckruf\">R\u00fcckruf<\/option><option value=\"Terminanfrage\">Terminanfrage<\/option><\/select><\/span>\n\t\t<\/p>\n\t<\/div>\n\t<div class=\"c-form-group\">\n\t\t<p><label for=\"nachricht\">Nachricht<\/label><span class=\"wpcf7-form-control-wrap\" data-name=\"nachricht\"><textarea cols=\"1\" rows=\"3\" maxlength=\"2000\" class=\"wpcf7-form-control wpcf7-textarea input-text form-control\" aria-invalid=\"false\" name=\"nachricht\"><\/textarea><\/span>\n\t\t<\/p>\n\t<\/div>\n\t<p><span id=\"wpcf7-69fdda50c133d-wrapper\" class=\"wpcf7-form-control-wrap anrede-wrap\" ><input type=\"hidden\" name=\"anrede-time-start\" value=\"1778244176\"><input type=\"hidden\" name=\"anrede-time-check\" value=\"10\"><label for=\"wpcf7-69fdda50c133d-field\" class=\"hp-message\">Bitte lasse dieses Feld leer.<\/label><input id=\"wpcf7-69fdda50c133d-field\"  class=\"wpcf7-form-control wpcf7-text\" type=\"text\" name=\"anrede\" value=\"\" size=\"40\" tabindex=\"-1\" autocomplete=\"new-password\" \/><\/span>\n\t<\/p>\n\t<div class=\"c-form-group\">\n\t\t<div class=\"form-check\">\n\t\t\t<p><span class=\"wpcf7-form-control-wrap\" data-name=\"acceptance-344\"><span class=\"wpcf7-form-control wpcf7-acceptance\"><span class=\"wpcf7-list-item\"><label><input type=\"checkbox\" name=\"acceptance-344\" value=\"1\" aria-invalid=\"false\" \/><span class=\"wpcf7-list-item-label\">Ich habe die Datenschutzerkl\u00e4rung zur Kenntnis genommen. Ich stimme zu, dass meine Angaben und Daten zur Beantwortung meiner Anfrage elektronisch erhoben und gespeichert werden. Wir werden Ihre Daten ausschlie\u00dflich zur Kommunikation mit Ihnen verwenden und danach umgehend l\u00f6schen. Eine weitere oder l\u00e4ngerfristige Speicherung findet nicht statt. Ihre Daten werden nicht an Dritte weitergegeben. Weitere Informationen hierzu finden Sie in unserer <a href=\"#datenschutz\/\" target=\"_blank\">Datenschutzerkl\u00e4rung<\/a>.<\/span><\/label><\/span><\/span><\/span>\n\t\t\t<\/p>\n\t\t<\/div>\n\t<\/div>\n\t<p class=\"has-small-font-size\">*Pflichtangaben\n\t<\/p>\n\t<div class=\"d-flex my-1\">\n\t\t<p><input class=\"wpcf7-form-control wpcf7-submit has-spinner o-button\" type=\"submit\" value=\"Jetzt abschicken!\" \/>\n\t\t<\/p>\n\t<\/div>\n<\/div><div class=\"wpcf7-response-output\" aria-hidden=\"true\"><\/div>\n<\/form>\n<\/div>\n\n<\/div>\n<\/div>\n<\/div><\/div>\n","protected":false},"excerpt":{"rendered":"<p>Patientenservice Wir m\u00f6chten, dass sich unsere Patienten in der Arcadia Praxisklinik wohlf\u00fchlen. Dazu geh\u00f6rt auch unser Rundum-Sorglos-Service. Einige der h\u00e4ufig&hellip;<\/p>\n","protected":false},"author":4,"featured_media":0,"parent":0,"menu_order":0,"comment_status":"closed","ping_status":"closed","template":"","meta":{"_acf_changed":false,"footnotes":""},"class_list":["post-3883","page","type-page","status-publish","hentry"],"acf":[],"yoast_head":"<!-- This site is optimized with the Yoast SEO plugin v26.8 - https:\/\/yoast.com\/product\/yoast-seo-wordpress\/ -->\n<title>Wichtige Fakten zur Krebsbehandlung in der Arcadia Praxisklinik<\/title>\n<meta name=\"description\" content=\"Wir beantworten die am h\u00e4ufigsten gestellten Fragen rund um Vorbereitung, Aufenthalt und Nachtbetreuung in der Arcadia Praxisklinik.\" \/>\n<meta name=\"robots\" content=\"index, follow, max-snippet:-1, max-image-preview:large, max-video-preview:-1\" \/>\n<link rel=\"canonical\" href=\"https:\/\/www.arcadia-praxisklinik.de\/de\/patienten-service\/\" \/>\n<meta property=\"og:locale\" content=\"de_DE\" \/>\n<meta property=\"og:type\" content=\"article\" \/>\n<meta property=\"og:title\" content=\"Wichtige Fakten zur Krebsbehandlung in der Arcadia Praxisklinik\" \/>\n<meta property=\"og:description\" content=\"Wir beantworten die am h\u00e4ufigsten gestellten Fragen rund um Vorbereitung, Aufenthalt und Nachtbetreuung in der Arcadia Praxisklinik.\" \/>\n<meta property=\"og:url\" content=\"https:\/\/www.arcadia-praxisklinik.de\/de\/patienten-service\/\" \/>\n<meta property=\"og:site_name\" content=\"Arcadia Praxisklinik\" \/>\n<meta property=\"article:modified_time\" content=\"2025-11-11T10:56:04+00:00\" \/>\n<meta name=\"twitter:card\" content=\"summary_large_image\" \/>\n<script type=\"application\/ld+json\" class=\"yoast-schema-graph\">{\"@context\":\"https:\/\/schema.org\",\"@graph\":[{\"@type\":\"WebPage\",\"@id\":\"https:\/\/www.arcadia-praxisklinik.de\/de\/patienten-service\/\",\"url\":\"https:\/\/www.arcadia-praxisklinik.de\/de\/patienten-service\/\",\"name\":\"Wichtige Fakten zur Krebsbehandlung in der Arcadia Praxisklinik\",\"isPartOf\":{\"@id\":\"https:\/\/www.arcadia-praxisklinik.de\/de\/#website\"},\"datePublished\":\"2025-11-11T10:56:03+00:00\",\"dateModified\":\"2025-11-11T10:56:04+00:00\",\"description\":\"Wir beantworten die am h\u00e4ufigsten gestellten Fragen rund um Vorbereitung, Aufenthalt und Nachtbetreuung in der Arcadia Praxisklinik.\",\"breadcrumb\":{\"@id\":\"https:\/\/www.arcadia-praxisklinik.de\/de\/patienten-service\/#breadcrumb\"},\"inLanguage\":\"de\",\"potentialAction\":[{\"@type\":\"ReadAction\",\"target\":[\"https:\/\/www.arcadia-praxisklinik.de\/de\/patienten-service\/\"]}]},{\"@type\":\"BreadcrumbList\",\"@id\":\"https:\/\/www.arcadia-praxisklinik.de\/de\/patienten-service\/#breadcrumb\",\"itemListElement\":[{\"@type\":\"ListItem\",\"position\":1,\"name\":\"Startseite\",\"item\":\"https:\/\/www.arcadia-praxisklinik.de\/de\/\"},{\"@type\":\"ListItem\",\"position\":2,\"name\":\"Patienten-Service\"}]},{\"@type\":\"WebSite\",\"@id\":\"https:\/\/www.arcadia-praxisklinik.de\/de\/#website\",\"url\":\"https:\/\/www.arcadia-praxisklinik.de\/de\/\",\"name\":\"Arcadia Praxisklinik\",\"description\":\"Zentrum f\u00fcr integrative Medizin und Krebstherapie in Bad Emstal\",\"potentialAction\":[{\"@type\":\"SearchAction\",\"target\":{\"@type\":\"EntryPoint\",\"urlTemplate\":\"https:\/\/www.arcadia-praxisklinik.de\/de\/?s={search_term_string}\"},\"query-input\":{\"@type\":\"PropertyValueSpecification\",\"valueRequired\":true,\"valueName\":\"search_term_string\"}}],\"inLanguage\":\"de\"}]}<\/script>\n<!-- \/ Yoast SEO plugin. -->","yoast_head_json":{"title":"Wichtige Fakten zur Krebsbehandlung in der Arcadia Praxisklinik","description":"Wir beantworten die am h\u00e4ufigsten gestellten Fragen rund um Vorbereitung, Aufenthalt und Nachtbetreuung in der Arcadia Praxisklinik.","robots":{"index":"index","follow":"follow","max-snippet":"max-snippet:-1","max-image-preview":"max-image-preview:large","max-video-preview":"max-video-preview:-1"},"canonical":"https:\/\/www.arcadia-praxisklinik.de\/de\/patienten-service\/","og_locale":"de_DE","og_type":"article","og_title":"Wichtige Fakten zur Krebsbehandlung in der Arcadia Praxisklinik","og_description":"Wir beantworten die am h\u00e4ufigsten gestellten Fragen rund um Vorbereitung, Aufenthalt und Nachtbetreuung in der Arcadia Praxisklinik.","og_url":"https:\/\/www.arcadia-praxisklinik.de\/de\/patienten-service\/","og_site_name":"Arcadia Praxisklinik","article_modified_time":"2025-11-11T10:56:04+00:00","twitter_card":"summary_large_image","schema":{"@context":"https:\/\/schema.org","@graph":[{"@type":"WebPage","@id":"https:\/\/www.arcadia-praxisklinik.de\/de\/patienten-service\/","url":"https:\/\/www.arcadia-praxisklinik.de\/de\/patienten-service\/","name":"Wichtige Fakten zur Krebsbehandlung in der Arcadia Praxisklinik","isPartOf":{"@id":"https:\/\/www.arcadia-praxisklinik.de\/de\/#website"},"datePublished":"2025-11-11T10:56:03+00:00","dateModified":"2025-11-11T10:56:04+00:00","description":"Wir beantworten die am h\u00e4ufigsten gestellten Fragen rund um Vorbereitung, Aufenthalt und Nachtbetreuung in der Arcadia Praxisklinik.","breadcrumb":{"@id":"https:\/\/www.arcadia-praxisklinik.de\/de\/patienten-service\/#breadcrumb"},"inLanguage":"de","potentialAction":[{"@type":"ReadAction","target":["https:\/\/www.arcadia-praxisklinik.de\/de\/patienten-service\/"]}]},{"@type":"BreadcrumbList","@id":"https:\/\/www.arcadia-praxisklinik.de\/de\/patienten-service\/#breadcrumb","itemListElement":[{"@type":"ListItem","position":1,"name":"Startseite","item":"https:\/\/www.arcadia-praxisklinik.de\/de\/"},{"@type":"ListItem","position":2,"name":"Patienten-Service"}]},{"@type":"WebSite","@id":"https:\/\/www.arcadia-praxisklinik.de\/de\/#website","url":"https:\/\/www.arcadia-praxisklinik.de\/de\/","name":"Arcadia Praxisklinik","description":"Zentrum f\u00fcr integrative Medizin und Krebstherapie in Bad Emstal","potentialAction":[{"@type":"SearchAction","target":{"@type":"EntryPoint","urlTemplate":"https:\/\/www.arcadia-praxisklinik.de\/de\/?s={search_term_string}"},"query-input":{"@type":"PropertyValueSpecification","valueRequired":true,"valueName":"search_term_string"}}],"inLanguage":"de"}]}},"_links":{"self":[{"href":"https:\/\/www.arcadia-praxisklinik.de\/de\/wp-json\/wp\/v2\/pages\/3883","targetHints":{"allow":["GET"]}}],"collection":[{"href":"https:\/\/www.arcadia-praxisklinik.de\/de\/wp-json\/wp\/v2\/pages"}],"about":[{"href":"https:\/\/www.arcadia-praxisklinik.de\/de\/wp-json\/wp\/v2\/types\/page"}],"author":[{"embeddable":true,"href":"https:\/\/www.arcadia-praxisklinik.de\/de\/wp-json\/wp\/v2\/users\/4"}],"replies":[{"embeddable":true,"href":"https:\/\/www.arcadia-praxisklinik.de\/de\/wp-json\/wp\/v2\/comments?post=3883"}],"version-history":[{"count":2,"href":"https:\/\/www.arcadia-praxisklinik.de\/de\/wp-json\/wp\/v2\/pages\/3883\/revisions"}],"predecessor-version":[{"id":3886,"href":"https:\/\/www.arcadia-praxisklinik.de\/de\/wp-json\/wp\/v2\/pages\/3883\/revisions\/3886"}],"wp:attachment":[{"href":"https:\/\/www.arcadia-praxisklinik.de\/de\/wp-json\/wp\/v2\/media?parent=3883"}],"curies":[{"name":"wp","href":"https:\/\/api.w.org\/{rel}","templated":true}]}}