{"id":3889,"date":"2025-11-11T11:23:20","date_gmt":"2025-11-11T10:23:20","guid":{"rendered":"https:\/\/www.arcadia-praxisklinik.de\/?page_id=3889"},"modified":"2025-11-11T13:16:47","modified_gmt":"2025-11-11T12:16:47","slug":"therapie-team","status":"publish","type":"page","link":"https:\/\/www.arcadia-praxisklinik.de\/de\/therapie-team\/","title":{"rendered":"Therapie-Team"},"content":{"rendered":"\n<div class=\"wp-block-group\"><div class=\"wp-block-group__inner-container is-layout-flow wp-block-group-is-layout-flow\">\n<h2 class=\"wp-block-heading has-text-align-center\">Das Arcadia-Team f\u00fcr Ihre Gesundheit<\/h2>\n\n\n\n<p class=\"has-text-align-center\">Wer sich f\u00fcr eine Krebstherapie nach dem &#8222;Arcadia way to health&#8220; entscheidet, wird schnell merken, was diese Behandlungsphilosophie neben den medizinischen Anwendungen so besonders macht. Die Arcadia Mitarbeiter \u2013 von der Pflegekraft bis zum Chefarzt \u2013 haben es sich zur Mission gemacht, alle Patienten mit ganzer Kraft auf dem Weg zur Genesung zu unterst\u00fctzen. Alle gemeinsam, wie eine gro\u00dfe Familie \u2013 in guten und auch in schlechte Momenten \u2013 tragen dazu bei, dass sich unsere Patienten auf den Weg zur pers\u00f6nlichen Gesundheit machen k\u00f6nnen.<\/p>\n<\/div><\/div>\n\n\n\n<div class=\"wp-block-group alignfull has-gray-background-color has-background\"><div class=\"wp-block-group__inner-container is-layout-flow wp-block-group-is-layout-flow\">\n<h3 class=\"wp-block-heading has-text-align-center\">Fachlich und menschlich gut zu behandeln ist unsere Mission<\/h3>\n\n\n\n<p class=\"has-text-align-center\">F\u00fcr die Behandlung von Krebs und chronischen Erkrankungen in der Arcadia Praxisklinik steht allen Patienten ein erfahrenes Team an \u00c4rzten, Therapeuten und Pflegepersonal zur Seite. Seit 2005 behandelt <a href=\"https:\/\/www.arcadia-praxisklinik.de\/de\/therapie-team\/dr-med-henning-saupe\/\">Dr. med. Henning Saupe<\/a> Krebs integrativ nach dem &#8222;Arcadia Way to health&#8220; und wei\u00df, wie wichtig eine intensive Zusammenarbeit ist. Die Behandlung ist daher immer echte Teamarbeit mit dem gemeinsamen Ziel: Sie fachlich und menschlich jederzeit aufs Beste zu betreuen.<\/p>\n\n\n\n<div class=\"wp-block-columns is-layout-flex wp-container-core-columns-is-layout-9d6595d7 wp-block-columns-is-layout-flex\">\n<div class=\"wp-block-column is-layout-flow wp-block-column-is-layout-flow\">\n<figure class=\"wp-block-image size-full\"><img loading=\"lazy\" decoding=\"async\" width=\"591\" height=\"787\" src=\"https:\/\/www.arcadia-praxisklinik.de\/wp-content\/uploads\/2025\/07\/Dr.-Henning-Saupe-Portrait.png\" alt=\"\" class=\"wp-image-3596\" srcset=\"https:\/\/www.arcadia-praxisklinik.de\/wp-content\/uploads\/2025\/07\/Dr.-Henning-Saupe-Portrait.png 591w, https:\/\/www.arcadia-praxisklinik.de\/wp-content\/uploads\/2025\/07\/Dr.-Henning-Saupe-Portrait-225x300.png 225w\" sizes=\"auto, (max-width: 591px) 100vw, 591px\" \/><\/figure>\n\n\n\n<div class=\"wp-block-buttons is-content-justification-center is-layout-flex wp-container-core-buttons-is-layout-16018d1d wp-block-buttons-is-layout-flex\">\n<div class=\"wp-block-button\"><a class=\"wp-block-button__link has-small-font-size has-custom-font-size wp-element-button\" href=\"https:\/\/www.arcadia-praxisklinik.de\/de\/therapie-team\/dr-med-henning-saupe\/\">Mehr \u00fcber Dr. Henning Saupe <\/a><\/div>\n<\/div>\n<\/div>\n\n\n\n<div class=\"wp-block-column is-layout-flow wp-block-column-is-layout-flow\">\n<figure class=\"wp-block-image size-full\"><img loading=\"lazy\" decoding=\"async\" width=\"591\" height=\"787\" src=\"https:\/\/www.arcadia-praxisklinik.de\/wp-content\/uploads\/2025\/07\/Dr.-Mona-Meyer-Portrait.png\" alt=\"\" class=\"wp-image-3589\" srcset=\"https:\/\/www.arcadia-praxisklinik.de\/wp-content\/uploads\/2025\/07\/Dr.-Mona-Meyer-Portrait.png 591w, https:\/\/www.arcadia-praxisklinik.de\/wp-content\/uploads\/2025\/07\/Dr.-Mona-Meyer-Portrait-225x300.png 225w\" sizes=\"auto, (max-width: 591px) 100vw, 591px\" \/><\/figure>\n\n\n\n<div class=\"wp-block-buttons is-content-justification-center is-layout-flex wp-container-core-buttons-is-layout-16018d1d wp-block-buttons-is-layout-flex\">\n<div class=\"wp-block-button\"><a class=\"wp-block-button__link has-small-font-size has-custom-font-size wp-element-button\" href=\"https:\/\/www.arcadia-praxisklinik.de\/de\/therapie-team\/dr-mona-meyer\/\">Mehr \u00fcber Dr. Mona Meyer<\/a><\/div>\n<\/div>\n<\/div>\n\n\n\n<div class=\"wp-block-column is-layout-flow wp-block-column-is-layout-flow\">\n<figure class=\"wp-block-image size-full\"><img loading=\"lazy\" decoding=\"async\" width=\"591\" height=\"787\" src=\"https:\/\/www.arcadia-praxisklinik.de\/wp-content\/uploads\/2025\/07\/Hatim-Nour-Portrait.png\" alt=\"\" class=\"wp-image-3605\" srcset=\"https:\/\/www.arcadia-praxisklinik.de\/wp-content\/uploads\/2025\/07\/Hatim-Nour-Portrait.png 591w, https:\/\/www.arcadia-praxisklinik.de\/wp-content\/uploads\/2025\/07\/Hatim-Nour-Portrait-225x300.png 225w\" sizes=\"auto, (max-width: 591px) 100vw, 591px\" \/><\/figure>\n\n\n\n<div class=\"wp-block-buttons is-content-justification-center is-layout-flex wp-container-core-buttons-is-layout-16018d1d wp-block-buttons-is-layout-flex\">\n<div class=\"wp-block-button\"><a class=\"wp-block-button__link has-small-font-size has-custom-font-size wp-element-button\" href=\"https:\/\/www.arcadia-praxisklinik.de\/de\/therapie-team\/hatim-nour\/\">Mehr \u00fcber Hatim Nour<\/a><\/div>\n<\/div>\n<\/div>\n<\/div>\n<\/div><\/div>\n\n\n\n<div class=\"wp-block-group\"><div class=\"wp-block-group__inner-container is-layout-constrained wp-block-group-is-layout-constrained\">\n<h2 class=\"wp-block-heading has-text-align-center\">Unser Team ist f\u00fcr Sie da<\/h2>\n\n\n\n<p class=\"has-text-align-center\">Der Service in der Arcadia Praxisklinik geht weit \u00fcber bekannte Standards hinaus. Wer zu uns kommt, braucht sich um fast nichts zu k\u00fcmmern \u2013 au\u00dfer um sich selbst. Unsere \u00c4rzte, das Pflegeteam und die Mitarbeiter in der Verwaltung k\u00fcmmern sich engagiert um alle Fragen zu Ihrer Therapie. Ob am Telefon oder per E-Mail: Das Arcadia Praxisklinik Team nimmt sich gerne Zeit daf\u00fcr, Ihre Fragen ausf\u00fchrlich mit Ihnen zu besprechen \u2013 und das in mehreren Sprachen. Damit sich die Patienten in der Arcadia Praxisklinik vollkommen auf ihre Genesung konzentrieren k\u00f6nnen, k\u00fcmmert sich unser Team im Hintergrund um den reibungslosen Ablauf der Therapie.<\/p>\n<\/div><\/div>\n\n\n\n<div class=\"wp-block-group alignfull\"><div class=\"wp-block-group__inner-container is-layout-constrained wp-block-group-is-layout-constrained\">\n<figure class=\"wp-block-gallery alignfull has-nested-images columns-default is-cropped wp-block-gallery-1 is-layout-flex wp-block-gallery-is-layout-flex\">\n<figure class=\"wp-block-image size-full\"><img loading=\"lazy\" decoding=\"async\" width=\"960\" height=\"540\" data-id=\"2774\" src=\"https:\/\/www.arcadia-praxisklinik.de\/wp-content\/uploads\/2022\/02\/arcadia-bad-emstal_pflege.jpg\" alt=\"\" class=\"wp-image-2774\" srcset=\"https:\/\/www.arcadia-praxisklinik.de\/wp-content\/uploads\/2022\/02\/arcadia-bad-emstal_pflege.jpg 960w, https:\/\/www.arcadia-praxisklinik.de\/wp-content\/uploads\/2022\/02\/arcadia-bad-emstal_pflege-300x169.jpg 300w, https:\/\/www.arcadia-praxisklinik.de\/wp-content\/uploads\/2022\/02\/arcadia-bad-emstal_pflege-768x432.jpg 768w\" sizes=\"auto, (max-width: 960px) 100vw, 960px\" \/><\/figure>\n\n\n\n<figure class=\"wp-block-image size-full\"><img loading=\"lazy\" decoding=\"async\" width=\"1200\" height=\"800\" data-id=\"3058\" src=\"https:\/\/www.arcadia-praxisklinik.de\/wp-content\/uploads\/2023\/05\/arcadia-praxisklinik-doktor.jpg\" alt=\"\" class=\"wp-image-3058\" srcset=\"https:\/\/www.arcadia-praxisklinik.de\/wp-content\/uploads\/2023\/05\/arcadia-praxisklinik-doktor.jpg 1200w, https:\/\/www.arcadia-praxisklinik.de\/wp-content\/uploads\/2023\/05\/arcadia-praxisklinik-doktor-300x200.jpg 300w, https:\/\/www.arcadia-praxisklinik.de\/wp-content\/uploads\/2023\/05\/arcadia-praxisklinik-doktor-1024x683.jpg 1024w, https:\/\/www.arcadia-praxisklinik.de\/wp-content\/uploads\/2023\/05\/arcadia-praxisklinik-doktor-768x512.jpg 768w\" sizes=\"auto, (max-width: 1200px) 100vw, 1200px\" \/><\/figure>\n\n\n\n<figure class=\"wp-block-image size-full\"><img loading=\"lazy\" decoding=\"async\" width=\"960\" height=\"540\" data-id=\"2483\" src=\"https:\/\/www.arcadia-praxisklinik.de\/wp-content\/uploads\/2021\/06\/8_Status-Meeting-960x540-1.jpeg\" alt=\"\" class=\"wp-image-2483\" srcset=\"https:\/\/www.arcadia-praxisklinik.de\/wp-content\/uploads\/2021\/06\/8_Status-Meeting-960x540-1.jpeg 960w, https:\/\/www.arcadia-praxisklinik.de\/wp-content\/uploads\/2021\/06\/8_Status-Meeting-960x540-1-300x169.jpeg 300w, https:\/\/www.arcadia-praxisklinik.de\/wp-content\/uploads\/2021\/06\/8_Status-Meeting-960x540-1-768x432.jpeg 768w\" sizes=\"auto, (max-width: 960px) 100vw, 960px\" \/><\/figure>\n\n\n\n<figure class=\"wp-block-image size-full\"><img loading=\"lazy\" decoding=\"async\" width=\"960\" height=\"540\" data-id=\"2766\" src=\"https:\/\/www.arcadia-praxisklinik.de\/wp-content\/uploads\/2022\/02\/arcadia_praxisklinik_bad-emstal.jpg\" alt=\"\" class=\"wp-image-2766\" srcset=\"https:\/\/www.arcadia-praxisklinik.de\/wp-content\/uploads\/2022\/02\/arcadia_praxisklinik_bad-emstal.jpg 960w, https:\/\/www.arcadia-praxisklinik.de\/wp-content\/uploads\/2022\/02\/arcadia_praxisklinik_bad-emstal-300x169.jpg 300w, https:\/\/www.arcadia-praxisklinik.de\/wp-content\/uploads\/2022\/02\/arcadia_praxisklinik_bad-emstal-768x432.jpg 768w\" sizes=\"auto, (max-width: 960px) 100vw, 960px\" \/><\/figure>\n\n\n\n<figure class=\"wp-block-image size-full is-style-default\"><img loading=\"lazy\" decoding=\"async\" width=\"2000\" height=\"1600\" data-id=\"2984\" src=\"https:\/\/www.arcadia-praxisklinik.de\/wp-content\/uploads\/2023\/02\/Arcadia_Praxisklinik_EnergyMedicine.jpg\" alt=\"\" class=\"wp-image-2984\" srcset=\"https:\/\/www.arcadia-praxisklinik.de\/wp-content\/uploads\/2023\/02\/Arcadia_Praxisklinik_EnergyMedicine.jpg 2000w, https:\/\/www.arcadia-praxisklinik.de\/wp-content\/uploads\/2023\/02\/Arcadia_Praxisklinik_EnergyMedicine-300x240.jpg 300w, https:\/\/www.arcadia-praxisklinik.de\/wp-content\/uploads\/2023\/02\/Arcadia_Praxisklinik_EnergyMedicine-1024x819.jpg 1024w, https:\/\/www.arcadia-praxisklinik.de\/wp-content\/uploads\/2023\/02\/Arcadia_Praxisklinik_EnergyMedicine-768x614.jpg 768w, https:\/\/www.arcadia-praxisklinik.de\/wp-content\/uploads\/2023\/02\/Arcadia_Praxisklinik_EnergyMedicine-1536x1229.jpg 1536w\" sizes=\"auto, (max-width: 2000px) 100vw, 2000px\" \/><\/figure>\n<\/figure>\n<\/div><\/div>\n\n\n\n<div class=\"wp-block-group alignfull has-gray-background-color has-background\"><div class=\"wp-block-group__inner-container is-layout-flow wp-block-group-is-layout-flow\">\n<h2 class=\"wp-block-heading has-text-align-center\">Das sagen unsere Patienten \u00fcber ihren Aufenthalt<\/h2>\n\n\n\n<p class=\"has-text-align-center\">Erfahren Sie, was unsere Patienten und auch ihre Angeh\u00f6rigen \u00fcber Arcadia und ihren &#8222;way to health&#8220; denken und sagen. Sie teilen ihre Erfahrungen gerne mit anderen Krebskranken und Angeh\u00f6rigen.<\/p>\n\n\n\n<figure class=\"wp-block-embed is-type-video is-provider-youtube wp-block-embed-youtube wp-embed-aspect-16-9 wp-has-aspect-ratio\"><div class=\"wp-block-embed__wrapper\">\n<iframe loading=\"lazy\" title=\"The Story of Barbara Joan Stavola - A patient&#039;s of the Arcadia Clinic\" width=\"960\" height=\"540\" src=\"https:\/\/www.youtube.com\/embed\/f8rnWLfnNcg?feature=oembed&#038;enablejsapi=1&#038;origin=https:\/\/www.arcadia-praxisklinik.de\" frameborder=\"0\" allow=\"accelerometer; autoplay; clipboard-write; encrypted-media; gyroscope; picture-in-picture; web-share\" referrerpolicy=\"strict-origin-when-cross-origin\" allowfullscreen><\/iframe>\n<\/div><\/figure>\n<\/div><\/div>\n\n\n\n<div class=\"wp-block-group alignfull\"><div class=\"wp-block-group__inner-container is-layout-flow wp-block-group-is-layout-flow\">\n<div class=\"wp-block-columns alignwide is-layout-flex wp-container-core-columns-is-layout-9d6595d7 wp-block-columns-is-layout-flex\">\n<div class=\"wp-block-column is-layout-flow wp-block-column-is-layout-flow\">\n<h2 class=\"wp-block-heading\">Sie haben Interesse an einer Behandlung in unserem Haus? <\/h2>\n\n\n\n<p>Sie haben Fragen zu unserer Behandlungsphilosophie oder m\u00f6chten einen Termin mit unseren \u00c4rzten vereinbaren? Wir nehmen uns Zeit f\u00fcr eine <strong>individuelle Arztberatung \u2013 per Telefon, Video<\/strong> oder auch bei uns direkt in Bad Emstal. Bitte reservieren Sie einen Termin \u00fcber das Kontaktformular. Wir melden uns umgehend zur\u00fcck.<\/p>\n\n\n\n<p><strong>Telefon-Service f\u00fcr unsere G\u00e4ste:<\/strong><br>Montag, Dienstag und Donnerstag 8:30-12:30 Uhr und 14.00-16:00 Uhr<\/p>\n\n\n\n<p>Mittwoch und Freitag 8:30-12:30 Uhr<\/p>\n<\/div>\n\n\n\n<div class=\"wp-block-column is-layout-flow wp-block-column-is-layout-flow\">\n<div class=\"wpcf7 no-js\" id=\"wpcf7-f113-o1\" lang=\"de-DE\" dir=\"ltr\" data-wpcf7-id=\"113\">\n<div class=\"screen-reader-response\"><p role=\"status\" aria-live=\"polite\" aria-atomic=\"true\"><\/p> <ul><\/ul><\/div>\n<form action=\"\/de\/wp-json\/wp\/v2\/pages\/3889#wpcf7-f113-o1\" method=\"post\" class=\"wpcf7-form init\" aria-label=\"Kontaktformular\" novalidate=\"novalidate\" data-status=\"init\">\n<fieldset class=\"hidden-fields-container\"><input type=\"hidden\" name=\"_wpcf7\" value=\"113\" \/><input type=\"hidden\" name=\"_wpcf7_version\" value=\"6.1.4\" \/><input type=\"hidden\" name=\"_wpcf7_locale\" value=\"de_DE\" \/><input type=\"hidden\" name=\"_wpcf7_unit_tag\" value=\"wpcf7-f113-o1\" \/><input type=\"hidden\" name=\"_wpcf7_container_post\" value=\"0\" \/><input type=\"hidden\" name=\"_wpcf7_posted_data_hash\" value=\"\" \/>\n<\/fieldset>\n<div class=\"c-card\">\n\t<div class=\"c-form-row\">\n\t\t<div class=\"c-form-group col-md-6\">\n\t\t\t<p><label for=\"firstname\">Vorname*<\/label><span class=\"wpcf7-form-control-wrap\" data-name=\"firstname\"><input size=\"40\" maxlength=\"400\" class=\"wpcf7-form-control wpcf7-text wpcf7-validates-as-required input-text form-control\" aria-required=\"true\" aria-invalid=\"false\" value=\"\" type=\"text\" name=\"firstname\" \/><\/span>\n\t\t\t<\/p>\n\t\t<\/div>\n\t\t<div class=\"c-form-group col-md-6\">\n\t\t\t<p><label for=\"lastname\">Nachname*<\/label><span class=\"wpcf7-form-control-wrap\" data-name=\"lastname\"><input size=\"40\" maxlength=\"400\" class=\"wpcf7-form-control wpcf7-text wpcf7-validates-as-required input-text form-control\" aria-required=\"true\" aria-invalid=\"false\" value=\"\" type=\"text\" name=\"lastname\" \/><\/span>\n\t\t\t<\/p>\n\t\t<\/div>\n\t<\/div>\n\t<div class=\"c-form-row\">\n\t\t<div class=\"c-form-group col-md-6\">\n\t\t\t<p><label for=\"email\">E-Mail*<\/label><span class=\"wpcf7-form-control-wrap\" data-name=\"email\"><input size=\"40\" maxlength=\"400\" class=\"wpcf7-form-control wpcf7-email wpcf7-validates-as-required wpcf7-text wpcf7-validates-as-email input-text form-control\" aria-required=\"true\" aria-invalid=\"false\" value=\"\" type=\"email\" name=\"email\" \/><\/span>\n\t\t\t<\/p>\n\t\t<\/div>\n\t\t<div class=\"c-form-group col-md-6\">\n\t\t\t<p><label for=\"phone\">Telefon<\/label><span class=\"wpcf7-form-control-wrap\" data-name=\"phone\"><input size=\"40\" maxlength=\"400\" class=\"wpcf7-form-control wpcf7-text input-text form-control\" aria-invalid=\"false\" value=\"\" type=\"text\" name=\"phone\" \/><\/span>\n\t\t\t<\/p>\n\t\t<\/div>\n\t<\/div>\n\t<div class=\"c-form-group\">\n\t\t<p><label for=\"land\">Land<\/label><span class=\"wpcf7-form-control-wrap\" data-name=\"land\"><input size=\"40\" maxlength=\"400\" class=\"wpcf7-form-control wpcf7-text input-text form-control\" aria-invalid=\"false\" value=\"\" type=\"text\" name=\"land\" \/><\/span>\n\t\t<\/p>\n\t<\/div>\n\t<div class=\"c-form-group\">\n\t\t<p><label for=\"Betreff\">Betreff<\/label><span class=\"wpcf7-form-control-wrap\" data-name=\"Betreff\"><select class=\"wpcf7-form-control wpcf7-select\" aria-invalid=\"false\" name=\"Betreff\"><option value=\"Kontaktanfrage\">Kontaktanfrage<\/option><option value=\"R\u00fcckruf\">R\u00fcckruf<\/option><option value=\"Terminanfrage\">Terminanfrage<\/option><\/select><\/span>\n\t\t<\/p>\n\t<\/div>\n\t<div class=\"c-form-group\">\n\t\t<p><label for=\"nachricht\">Nachricht<\/label><span class=\"wpcf7-form-control-wrap\" data-name=\"nachricht\"><textarea cols=\"1\" rows=\"3\" maxlength=\"2000\" class=\"wpcf7-form-control wpcf7-textarea input-text form-control\" aria-invalid=\"false\" name=\"nachricht\"><\/textarea><\/span>\n\t\t<\/p>\n\t<\/div>\n\t<p><span id=\"wpcf7-69e3299ba9de1-wrapper\" class=\"wpcf7-form-control-wrap anrede-wrap\" ><input type=\"hidden\" name=\"anrede-time-start\" value=\"1776495003\"><input type=\"hidden\" name=\"anrede-time-check\" value=\"10\"><label for=\"wpcf7-69e3299ba9de1-field\" class=\"hp-message\">Bitte lasse dieses Feld leer.<\/label><input id=\"wpcf7-69e3299ba9de1-field\"  class=\"wpcf7-form-control wpcf7-text\" type=\"text\" name=\"anrede\" value=\"\" size=\"40\" tabindex=\"-1\" autocomplete=\"new-password\" \/><\/span>\n\t<\/p>\n\t<div class=\"c-form-group\">\n\t\t<div class=\"form-check\">\n\t\t\t<p><span class=\"wpcf7-form-control-wrap\" data-name=\"acceptance-344\"><span class=\"wpcf7-form-control wpcf7-acceptance\"><span class=\"wpcf7-list-item\"><label><input type=\"checkbox\" name=\"acceptance-344\" value=\"1\" aria-invalid=\"false\" \/><span class=\"wpcf7-list-item-label\">Ich habe die Datenschutzerkl\u00e4rung zur Kenntnis genommen. Ich stimme zu, dass meine Angaben und Daten zur Beantwortung meiner Anfrage elektronisch erhoben und gespeichert werden. Wir werden Ihre Daten ausschlie\u00dflich zur Kommunikation mit Ihnen verwenden und danach umgehend l\u00f6schen. Eine weitere oder l\u00e4ngerfristige Speicherung findet nicht statt. Ihre Daten werden nicht an Dritte weitergegeben. Weitere Informationen hierzu finden Sie in unserer <a href=\"#datenschutz\/\" target=\"_blank\">Datenschutzerkl\u00e4rung<\/a>.<\/span><\/label><\/span><\/span><\/span>\n\t\t\t<\/p>\n\t\t<\/div>\n\t<\/div>\n\t<p class=\"has-small-font-size\">*Pflichtangaben\n\t<\/p>\n\t<div class=\"d-flex my-1\">\n\t\t<p><input class=\"wpcf7-form-control wpcf7-submit has-spinner o-button\" type=\"submit\" value=\"Jetzt abschicken!\" \/>\n\t\t<\/p>\n\t<\/div>\n<\/div><div class=\"wpcf7-response-output\" aria-hidden=\"true\"><\/div>\n<\/form>\n<\/div>\n\n<\/div>\n<\/div>\n<\/div><\/div>\n","protected":false},"excerpt":{"rendered":"<p>Das Arcadia-Team f\u00fcr Ihre Gesundheit Wer sich f\u00fcr eine Krebstherapie nach dem &#8222;Arcadia way to health&#8220; entscheidet, wird schnell merken,&hellip;<\/p>\n","protected":false},"author":4,"featured_media":0,"parent":0,"menu_order":0,"comment_status":"closed","ping_status":"closed","template":"","meta":{"_acf_changed":false,"footnotes":""},"class_list":["post-3889","page","type-page","status-publish","hentry"],"acf":[],"yoast_head":"<!-- This site is optimized with the Yoast SEO plugin v26.8 - https:\/\/yoast.com\/product\/yoast-seo-wordpress\/ -->\n<title>Besonderer Service: Rundumbetreuung w\u00e4hrend Krebsbehandlung<\/title>\n<meta name=\"description\" content=\"Vom Behandlungszeitraum bis zum Abschluss der Therapie und noch dar\u00fcber hinaus: kompetente, pers\u00f6nliche Betreuung.\" \/>\n<meta name=\"robots\" content=\"index, follow, max-snippet:-1, max-image-preview:large, max-video-preview:-1\" \/>\n<link rel=\"canonical\" href=\"https:\/\/www.arcadia-praxisklinik.de\/de\/therapie-team\/\" \/>\n<meta property=\"og:locale\" content=\"de_DE\" \/>\n<meta property=\"og:type\" content=\"article\" \/>\n<meta property=\"og:title\" content=\"Besonderer Service: Rundumbetreuung w\u00e4hrend Krebsbehandlung\" \/>\n<meta property=\"og:description\" content=\"Vom Behandlungszeitraum bis zum Abschluss der Therapie und noch dar\u00fcber hinaus: kompetente, pers\u00f6nliche Betreuung.\" \/>\n<meta property=\"og:url\" content=\"https:\/\/www.arcadia-praxisklinik.de\/de\/therapie-team\/\" \/>\n<meta property=\"og:site_name\" content=\"Arcadia Praxisklinik\" \/>\n<meta property=\"article:modified_time\" content=\"2025-11-11T12:16:47+00:00\" \/>\n<meta property=\"og:image\" content=\"https:\/\/www.arcadia-praxisklinik.de\/wp-content\/uploads\/2025\/07\/Dr.-Henning-Saupe-Portrait.png\" \/>\n\t<meta property=\"og:image:width\" content=\"591\" \/>\n\t<meta property=\"og:image:height\" content=\"787\" \/>\n\t<meta property=\"og:image:type\" content=\"image\/png\" \/>\n<meta name=\"twitter:card\" content=\"summary_large_image\" \/>\n<script type=\"application\/ld+json\" class=\"yoast-schema-graph\">{\"@context\":\"https:\/\/schema.org\",\"@graph\":[{\"@type\":\"WebPage\",\"@id\":\"https:\/\/www.arcadia-praxisklinik.de\/de\/therapie-team\/\",\"url\":\"https:\/\/www.arcadia-praxisklinik.de\/de\/therapie-team\/\",\"name\":\"Besonderer Service: Rundumbetreuung w\u00e4hrend Krebsbehandlung\",\"isPartOf\":{\"@id\":\"https:\/\/www.arcadia-praxisklinik.de\/de\/#website\"},\"primaryImageOfPage\":{\"@id\":\"https:\/\/www.arcadia-praxisklinik.de\/de\/therapie-team\/#primaryimage\"},\"image\":{\"@id\":\"https:\/\/www.arcadia-praxisklinik.de\/de\/therapie-team\/#primaryimage\"},\"thumbnailUrl\":\"https:\/\/www.arcadia-praxisklinik.de\/wp-content\/uploads\/2025\/07\/Dr.-Henning-Saupe-Portrait.png\",\"datePublished\":\"2025-11-11T10:23:20+00:00\",\"dateModified\":\"2025-11-11T12:16:47+00:00\",\"description\":\"Vom Behandlungszeitraum bis zum Abschluss der Therapie und noch dar\u00fcber hinaus: kompetente, pers\u00f6nliche Betreuung.\",\"breadcrumb\":{\"@id\":\"https:\/\/www.arcadia-praxisklinik.de\/de\/therapie-team\/#breadcrumb\"},\"inLanguage\":\"de\",\"potentialAction\":[{\"@type\":\"ReadAction\",\"target\":[\"https:\/\/www.arcadia-praxisklinik.de\/de\/therapie-team\/\"]}]},{\"@type\":\"ImageObject\",\"inLanguage\":\"de\",\"@id\":\"https:\/\/www.arcadia-praxisklinik.de\/de\/therapie-team\/#primaryimage\",\"url\":\"https:\/\/www.arcadia-praxisklinik.de\/wp-content\/uploads\/2025\/07\/Dr.-Henning-Saupe-Portrait.png\",\"contentUrl\":\"https:\/\/www.arcadia-praxisklinik.de\/wp-content\/uploads\/2025\/07\/Dr.-Henning-Saupe-Portrait.png\"},{\"@type\":\"BreadcrumbList\",\"@id\":\"https:\/\/www.arcadia-praxisklinik.de\/de\/therapie-team\/#breadcrumb\",\"itemListElement\":[{\"@type\":\"ListItem\",\"position\":1,\"name\":\"Startseite\",\"item\":\"https:\/\/www.arcadia-praxisklinik.de\/de\/\"},{\"@type\":\"ListItem\",\"position\":2,\"name\":\"Therapie-Team\"}]},{\"@type\":\"WebSite\",\"@id\":\"https:\/\/www.arcadia-praxisklinik.de\/de\/#website\",\"url\":\"https:\/\/www.arcadia-praxisklinik.de\/de\/\",\"name\":\"Arcadia Praxisklinik\",\"description\":\"Zentrum f\u00fcr integrative Medizin und Krebstherapie in Bad Emstal\",\"potentialAction\":[{\"@type\":\"SearchAction\",\"target\":{\"@type\":\"EntryPoint\",\"urlTemplate\":\"https:\/\/www.arcadia-praxisklinik.de\/de\/?s={search_term_string}\"},\"query-input\":{\"@type\":\"PropertyValueSpecification\",\"valueRequired\":true,\"valueName\":\"search_term_string\"}}],\"inLanguage\":\"de\"}]}<\/script>\n<!-- \/ Yoast SEO plugin. -->","yoast_head_json":{"title":"Besonderer Service: Rundumbetreuung w\u00e4hrend Krebsbehandlung","description":"Vom Behandlungszeitraum bis zum Abschluss der Therapie und noch dar\u00fcber hinaus: kompetente, pers\u00f6nliche Betreuung.","robots":{"index":"index","follow":"follow","max-snippet":"max-snippet:-1","max-image-preview":"max-image-preview:large","max-video-preview":"max-video-preview:-1"},"canonical":"https:\/\/www.arcadia-praxisklinik.de\/de\/therapie-team\/","og_locale":"de_DE","og_type":"article","og_title":"Besonderer Service: Rundumbetreuung w\u00e4hrend Krebsbehandlung","og_description":"Vom Behandlungszeitraum bis zum Abschluss der Therapie und noch dar\u00fcber hinaus: kompetente, pers\u00f6nliche Betreuung.","og_url":"https:\/\/www.arcadia-praxisklinik.de\/de\/therapie-team\/","og_site_name":"Arcadia Praxisklinik","article_modified_time":"2025-11-11T12:16:47+00:00","og_image":[{"width":591,"height":787,"url":"https:\/\/www.arcadia-praxisklinik.de\/wp-content\/uploads\/2025\/07\/Dr.-Henning-Saupe-Portrait.png","type":"image\/png"}],"twitter_card":"summary_large_image","schema":{"@context":"https:\/\/schema.org","@graph":[{"@type":"WebPage","@id":"https:\/\/www.arcadia-praxisklinik.de\/de\/therapie-team\/","url":"https:\/\/www.arcadia-praxisklinik.de\/de\/therapie-team\/","name":"Besonderer Service: Rundumbetreuung w\u00e4hrend Krebsbehandlung","isPartOf":{"@id":"https:\/\/www.arcadia-praxisklinik.de\/de\/#website"},"primaryImageOfPage":{"@id":"https:\/\/www.arcadia-praxisklinik.de\/de\/therapie-team\/#primaryimage"},"image":{"@id":"https:\/\/www.arcadia-praxisklinik.de\/de\/therapie-team\/#primaryimage"},"thumbnailUrl":"https:\/\/www.arcadia-praxisklinik.de\/wp-content\/uploads\/2025\/07\/Dr.-Henning-Saupe-Portrait.png","datePublished":"2025-11-11T10:23:20+00:00","dateModified":"2025-11-11T12:16:47+00:00","description":"Vom Behandlungszeitraum bis zum Abschluss der Therapie und noch dar\u00fcber hinaus: kompetente, pers\u00f6nliche Betreuung.","breadcrumb":{"@id":"https:\/\/www.arcadia-praxisklinik.de\/de\/therapie-team\/#breadcrumb"},"inLanguage":"de","potentialAction":[{"@type":"ReadAction","target":["https:\/\/www.arcadia-praxisklinik.de\/de\/therapie-team\/"]}]},{"@type":"ImageObject","inLanguage":"de","@id":"https:\/\/www.arcadia-praxisklinik.de\/de\/therapie-team\/#primaryimage","url":"https:\/\/www.arcadia-praxisklinik.de\/wp-content\/uploads\/2025\/07\/Dr.-Henning-Saupe-Portrait.png","contentUrl":"https:\/\/www.arcadia-praxisklinik.de\/wp-content\/uploads\/2025\/07\/Dr.-Henning-Saupe-Portrait.png"},{"@type":"BreadcrumbList","@id":"https:\/\/www.arcadia-praxisklinik.de\/de\/therapie-team\/#breadcrumb","itemListElement":[{"@type":"ListItem","position":1,"name":"Startseite","item":"https:\/\/www.arcadia-praxisklinik.de\/de\/"},{"@type":"ListItem","position":2,"name":"Therapie-Team"}]},{"@type":"WebSite","@id":"https:\/\/www.arcadia-praxisklinik.de\/de\/#website","url":"https:\/\/www.arcadia-praxisklinik.de\/de\/","name":"Arcadia Praxisklinik","description":"Zentrum f\u00fcr integrative Medizin und Krebstherapie in Bad Emstal","potentialAction":[{"@type":"SearchAction","target":{"@type":"EntryPoint","urlTemplate":"https:\/\/www.arcadia-praxisklinik.de\/de\/?s={search_term_string}"},"query-input":{"@type":"PropertyValueSpecification","valueRequired":true,"valueName":"search_term_string"}}],"inLanguage":"de"}]}},"_links":{"self":[{"href":"https:\/\/www.arcadia-praxisklinik.de\/de\/wp-json\/wp\/v2\/pages\/3889","targetHints":{"allow":["GET"]}}],"collection":[{"href":"https:\/\/www.arcadia-praxisklinik.de\/de\/wp-json\/wp\/v2\/pages"}],"about":[{"href":"https:\/\/www.arcadia-praxisklinik.de\/de\/wp-json\/wp\/v2\/types\/page"}],"author":[{"embeddable":true,"href":"https:\/\/www.arcadia-praxisklinik.de\/de\/wp-json\/wp\/v2\/users\/4"}],"replies":[{"embeddable":true,"href":"https:\/\/www.arcadia-praxisklinik.de\/de\/wp-json\/wp\/v2\/comments?post=3889"}],"version-history":[{"count":10,"href":"https:\/\/www.arcadia-praxisklinik.de\/de\/wp-json\/wp\/v2\/pages\/3889\/revisions"}],"predecessor-version":[{"id":3922,"href":"https:\/\/www.arcadia-praxisklinik.de\/de\/wp-json\/wp\/v2\/pages\/3889\/revisions\/3922"}],"wp:attachment":[{"href":"https:\/\/www.arcadia-praxisklinik.de\/de\/wp-json\/wp\/v2\/media?parent=3889"}],"curies":[{"name":"wp","href":"https:\/\/api.w.org\/{rel}","templated":true}]}}