{"id":3895,"date":"2025-11-11T11:37:36","date_gmt":"2025-11-11T10:37:36","guid":{"rendered":"https:\/\/www.arcadia-praxisklinik.de\/?page_id=3895"},"modified":"2025-11-11T13:26:32","modified_gmt":"2025-11-11T12:26:32","slug":"ernaehrung","status":"publish","type":"page","link":"https:\/\/www.arcadia-praxisklinik.de\/de\/krebs-therapie\/ernaehrung\/","title":{"rendered":"Ern\u00e4hrung"},"content":{"rendered":"\n<div class=\"wp-block-group\"><div class=\"wp-block-group__inner-container is-layout-flow wp-block-group-is-layout-flow\">\n<h2 class=\"wp-block-heading has-text-align-center\">Unsere Ern\u00e4hrung &#8211; unsere Gesundheit<\/h2>\n\n\n\n<p class=\"has-text-align-center\">Das Thema Ern\u00e4hrung spielt bei Arcadia eine essentielle Rolle. Wir betrachten eine durch Vielfalt und Ausgewogenheit gekennzeichnete Ern\u00e4hrung als Schl\u00fcssel zu Gesundheit und Wohlbefinden und damit als einen grundlegenden Baustein unserer angebotenen <a href=\"https:\/\/www.arcadia-praxisklinik.de\/de\/krebs-therapie\/\">Therapien<\/a>.<\/p>\n\n\n\n<p class=\"has-text-align-center\">Wir setzen uns nicht nur in individuellen und pers\u00f6nlich gef\u00fchrten Gespr\u00e4chen intensiv mit der Frage auseinander, was \u00fcberhaupt \u201egesunde Ern\u00e4hrung\u201c ist und woraus sie besteht.<\/p>\n\n\n\n<p class=\"has-text-align-center\">Dabei sind wir uns bewusst, dass Ern\u00e4hrung ein grundlegendes, durchaus sehr emotionales Thema ist, das durch viele pers\u00f6nliche, kulturelle, religi\u00f6se, geografische, alters- und gewohnheitsbedingte Umst\u00e4nde, durch k\u00f6rperliche und genetische Voraussetzungen usw. beeinflusst wird.<\/p>\n\n\n\n<p class=\"has-text-align-center\">In dem Ma\u00dfe, in dem \u201egesunde Ern\u00e4hrung\u201c fast t\u00e4glich in aller Munde ist \u2014 sei es durch Werbung auf den Stra\u00dfen, im Fernsehen, im Radio, durch die verschiedenen sozialen Medien, Trends, sogenannte \u201eFoodluencer\u201c usw. \u2014 werden immer wieder nicht nur eindeutige, sondern auch einseitige Antworten propagiert.<\/p>\n\n\n\n<p class=\"has-text-align-center\">Diese Antworten sind oft recht extrem und nicht selten wird damit ein absolutes Heilsversprechen gegeben, das so nicht gehalten werden kann. Extreme Di\u00e4ten k\u00f6nnen, vor allem f\u00fcr einen geschw\u00e4chten Organismus, durchaus auch gef\u00e4hrlich werden.<\/p>\n\n\n\n<p class=\"has-text-align-center\">Andererseits sind unsere Ern\u00e4hrungsempfehlungen dadurch gekennzeichnet, dass wir individuell mit unseren Patienten herausfinden, was sie f\u00fcr Bed\u00fcrfnisse haben, was ihr K\u00f6rper wirklich braucht oder loswerden sollte. In unserem Therapieangebot rund um Ern\u00e4hrung sind daher immer auch spezielle Nahrungserg\u00e4nzungsmittel genauso wie verschiedene Entgiftungsmethoden mit einbezogen.<\/p>\n<\/div><\/div>\n\n\n\n<div class=\"wp-block-group alignfull has-gray-background-color has-background\"><div class=\"wp-block-group__inner-container is-layout-flow wp-block-group-is-layout-flow\">\n<h3 class=\"wp-block-heading has-text-align-center\">Gesunde Ern\u00e4hrung und die 12 Vitalfelder<\/h3>\n\n\n\n<p class=\"has-text-align-center\">Unserer Klinik-Philosophie entsprechend verfolgen wir ein ganzheitliches Modell und kl\u00e4ren unsere Patienten \u00fcber gesunde Ern\u00e4hrung unter dem Aspekt der von <a href=\"https:\/\/www.faim.org\/dr-henning-saupe\">Dr. Saupe<\/a> erforschten \u201e12 Vitalfelder\u201c auf: Im Hinblick auf die Ern\u00e4hrung geht es hierbei konkret um eine antientz\u00fcndliche, entgiftungsf\u00f6rdernde, ausgewogen n\u00e4hrstoffreiche und Blutzucker stabilisierende Ern\u00e4hrungsweise, um die Infektabwehr-, bzw. Immunsystem- und Mitochondrien-st\u00e4rkende Ern\u00e4hrung, um die ausreichende Zufuhr von Wasser und die Sauerstoffs\u00e4ttigung der Zellen, um das gesunde Mikrobiom und einen ausgeglichenen S\u00e4ure-Basen-Haushalt.<br><\/p>\n\n\n\n<p class=\"has-text-align-center\">Die 12 Vitalfelder werden nicht nur durch das beeinflusst, was wir essen, sie stehen auch untereinander in Beziehung und beeinflussen sich wechselseitig.<\/p>\n\n\n\n<p class=\"has-text-align-center\"><a href=\"https:\/\/www.arcadia-praxisklinik.de\/wp-content\/uploads\/2021\/03\/Arcadia_-Ernaehrung_Krebs_Leitfaden.pdf\">Hier finden Sie einen \u00dcberblick \u00fcber die Inhalte des Ern\u00e4hrungsleitfadens <\/a><\/p>\n\n\n\n<div class=\"wp-block-buttons is-content-justification-center is-layout-flex wp-container-core-buttons-is-layout-16018d1d wp-block-buttons-is-layout-flex\">\n<div class=\"wp-block-button is-style-default\"><a class=\"wp-block-button__link wp-element-button\" href=\"https:\/\/arcadia-vita-shop.de\/de\/home\/93-gesunde-ernaehrung.html\" target=\"_blank\" rel=\"noreferrer noopener\">Jetzt Ern\u00e4hrungsleitfaden bestellen<\/a><\/div>\n<\/div>\n<\/div><\/div>\n\n\n\n<div class=\"wp-block-group\"><div class=\"wp-block-group__inner-container is-layout-flow wp-block-group-is-layout-flow\">\n<div class=\"wp-block-columns are-vertically-aligned-top is-layout-flex wp-container-core-columns-is-layout-9d6595d7 wp-block-columns-is-layout-flex\">\n<div class=\"wp-block-column is-vertically-aligned-top is-layout-flow wp-block-column-is-layout-flow\">\n<h3 class=\"wp-block-heading\">Die Arcadia-Ern\u00e4hrung: ausgewogen, gesundheitsf\u00f6rdernd, schmackhaft und vollwertig<\/h3>\n\n\n\n<figure class=\"wp-block-image size-full\"><img loading=\"lazy\" decoding=\"async\" width=\"550\" height=\"309\" src=\"https:\/\/www.arcadia-praxisklinik.de\/wp-content\/uploads\/2020\/10\/Lowcarb-550x309-1.jpg\" alt=\"\" class=\"wp-image-874\" srcset=\"https:\/\/www.arcadia-praxisklinik.de\/wp-content\/uploads\/2020\/10\/Lowcarb-550x309-1.jpg 550w, https:\/\/www.arcadia-praxisklinik.de\/wp-content\/uploads\/2020\/10\/Lowcarb-550x309-1-300x169.jpg 300w\" sizes=\"auto, (max-width: 550px) 100vw, 550px\" \/><\/figure>\n<\/div>\n\n\n\n<div class=\"wp-block-column is-vertically-aligned-top is-layout-flow wp-block-column-is-layout-flow\">\n<p>Grunds\u00e4tzlich l\u00e4sst sich diese Ern\u00e4hrungsweise als eine abwechslungsreiche, saisonal (und regional) gepr\u00e4gte, vollwertige Mischkost beschreiben, in die so viel Obst und Gem\u00fcse in den t\u00e4glichen Speiseplan aufgenommen werden sollte, wie m\u00f6glich; am besten naturbelassen und unverarbeitet. Sie kann aber mit entsprechendem Augenmerk auf bestimmte Lebensmittel, \u00d6le und Supplements (Nahrungserg\u00e4nzungsmittel) auch als vegetarische Kost praktiziert werden.<br>Unter dem Aspekt der Ern\u00e4hrung und der damit verbundenen Auswirkung auf unseren Organismus untersuchen wir bei Arcadia zusammen mit unseren Patienten, welches Verhalten, welche Ern\u00e4hrungsweisen und Nahrungsmittel genau dieses oder jenes ausl\u00f6sen, verbessern, unterst\u00fctzen oder verhindern.<\/p>\n<\/div>\n<\/div>\n<\/div><\/div>\n\n\n\n<div class=\"wp-block-group alignfull has-gray-background-color has-background\"><div class=\"wp-block-group__inner-container is-layout-flow wp-block-group-is-layout-flow\">\n<h3 class=\"wp-block-heading has-text-align-center\">Wissenschaftlich und verst\u00e4ndlich in der Theorie &#8211; effektiv in der Praxis<\/h3>\n\n\n\n<p class=\"has-text-align-center\">Auf der theoretischen Ebene werden die vitalisierenden, gesundheitsf\u00f6rdernden Zusammenh\u00e4nge der Ern\u00e4hrung unter Ber\u00fccksichtigung universeller und individueller Bed\u00fcrfnisse&nbsp;sowohl in pers\u00f6nlichen Gespr\u00e4chen als auch durch Vortr\u00e4ge, Informationsmaterial und Literaturempfehlungen verdeutlicht. <\/p>\n<\/div><\/div>\n\n\n\n<div class=\"wp-block-group alignfull\"><div class=\"wp-block-group__inner-container is-layout-flow wp-block-group-is-layout-flow\">\n<figure class=\"wp-block-gallery alignfull has-nested-images columns-default is-cropped wp-block-gallery-1 is-layout-flex wp-block-gallery-is-layout-flex\">\n<figure class=\"wp-block-image size-full\"><img loading=\"lazy\" decoding=\"async\" width=\"1920\" height=\"1080\" data-id=\"906\" src=\"https:\/\/www.arcadia-praxisklinik.de\/wp-content\/uploads\/2020\/10\/Suplements.jpg\" alt=\"\" class=\"wp-image-906\" srcset=\"https:\/\/www.arcadia-praxisklinik.de\/wp-content\/uploads\/2020\/10\/Suplements.jpg 1920w, https:\/\/www.arcadia-praxisklinik.de\/wp-content\/uploads\/2020\/10\/Suplements-300x169.jpg 300w, https:\/\/www.arcadia-praxisklinik.de\/wp-content\/uploads\/2020\/10\/Suplements-1024x576.jpg 1024w, https:\/\/www.arcadia-praxisklinik.de\/wp-content\/uploads\/2020\/10\/Suplements-768x432.jpg 768w, https:\/\/www.arcadia-praxisklinik.de\/wp-content\/uploads\/2020\/10\/Suplements-1536x864.jpg 1536w\" sizes=\"auto, (max-width: 1920px) 100vw, 1920px\" \/><\/figure>\n\n\n\n<figure class=\"wp-block-image size-full\"><img loading=\"lazy\" decoding=\"async\" width=\"550\" height=\"310\" data-id=\"981\" src=\"https:\/\/www.arcadia-praxisklinik.de\/wp-content\/uploads\/2020\/10\/AdobeStock_307984466_550x310-1.jpg\" alt=\"\" class=\"wp-image-981\" srcset=\"https:\/\/www.arcadia-praxisklinik.de\/wp-content\/uploads\/2020\/10\/AdobeStock_307984466_550x310-1.jpg 550w, https:\/\/www.arcadia-praxisklinik.de\/wp-content\/uploads\/2020\/10\/AdobeStock_307984466_550x310-1-300x169.jpg 300w\" sizes=\"auto, (max-width: 550px) 100vw, 550px\" \/><\/figure>\n\n\n\n<figure class=\"wp-block-image size-full\"><img loading=\"lazy\" decoding=\"async\" width=\"2560\" height=\"1440\" data-id=\"888\" src=\"https:\/\/www.arcadia-praxisklinik.de\/wp-content\/uploads\/2020\/10\/Pineapple-scaled.jpg\" alt=\"\" class=\"wp-image-888\" srcset=\"https:\/\/www.arcadia-praxisklinik.de\/wp-content\/uploads\/2020\/10\/Pineapple-scaled.jpg 2560w, https:\/\/www.arcadia-praxisklinik.de\/wp-content\/uploads\/2020\/10\/Pineapple-300x169.jpg 300w, https:\/\/www.arcadia-praxisklinik.de\/wp-content\/uploads\/2020\/10\/Pineapple-1024x576.jpg 1024w, https:\/\/www.arcadia-praxisklinik.de\/wp-content\/uploads\/2020\/10\/Pineapple-768x432.jpg 768w, https:\/\/www.arcadia-praxisklinik.de\/wp-content\/uploads\/2020\/10\/Pineapple-1536x864.jpg 1536w, https:\/\/www.arcadia-praxisklinik.de\/wp-content\/uploads\/2020\/10\/Pineapple-2048x1152.jpg 2048w\" sizes=\"auto, (max-width: 2560px) 100vw, 2560px\" \/><\/figure>\n<\/figure>\n<\/div><\/div>\n\n\n\n<div class=\"wp-block-group alignfull\"><div class=\"wp-block-group__inner-container is-layout-flow wp-block-group-is-layout-flow\">\n<div class=\"wp-block-columns alignwide is-layout-flex wp-container-core-columns-is-layout-9d6595d7 wp-block-columns-is-layout-flex\">\n<div class=\"wp-block-column is-layout-flow wp-block-column-is-layout-flow\">\n<h2 class=\"wp-block-heading\">Sie haben Interesse an einer Behandlung in unserem Haus? <\/h2>\n\n\n\n<p>Sie haben Fragen zur Krebstherapie in unserer Praxisklinik oder m\u00f6chten einen Termin mit unseren \u00c4rzten vereinbaren? Wir nehmen uns Zeit f\u00fcr eine <strong>individuelle Arztberatung \u2013 per Telefon, Video<\/strong> oder auch bei uns direkt in Bad Emstal. Bitte reservieren Sie einen Termin \u00fcber das Kontaktformular. Wir melden uns umgehend zur\u00fcck.<\/p>\n\n\n\n<p><strong>Telefon-Service f\u00fcr unsere G\u00e4ste:<\/strong><br>Montag, Dienstag und Donnerstag 8:30-12:30 Uhr und 14.00-16:00 Uhr<\/p>\n\n\n\n<p>Mittwoch und Freitag 8:30-12:30 Uhr<\/p>\n<\/div>\n\n\n\n<div class=\"wp-block-column is-layout-flow wp-block-column-is-layout-flow\">\n<div class=\"wpcf7 no-js\" id=\"wpcf7-f113-o1\" lang=\"de-DE\" dir=\"ltr\" data-wpcf7-id=\"113\">\n<div class=\"screen-reader-response\"><p role=\"status\" aria-live=\"polite\" aria-atomic=\"true\"><\/p> <ul><\/ul><\/div>\n<form action=\"\/de\/wp-json\/wp\/v2\/pages\/3895#wpcf7-f113-o1\" method=\"post\" class=\"wpcf7-form init\" aria-label=\"Kontaktformular\" novalidate=\"novalidate\" data-status=\"init\">\n<fieldset class=\"hidden-fields-container\"><input type=\"hidden\" name=\"_wpcf7\" value=\"113\" \/><input type=\"hidden\" name=\"_wpcf7_version\" value=\"6.1.4\" \/><input type=\"hidden\" name=\"_wpcf7_locale\" value=\"de_DE\" \/><input type=\"hidden\" name=\"_wpcf7_unit_tag\" value=\"wpcf7-f113-o1\" \/><input type=\"hidden\" name=\"_wpcf7_container_post\" value=\"0\" \/><input type=\"hidden\" name=\"_wpcf7_posted_data_hash\" value=\"\" \/>\n<\/fieldset>\n<div class=\"c-card\">\n\t<div class=\"c-form-row\">\n\t\t<div class=\"c-form-group col-md-6\">\n\t\t\t<p><label for=\"firstname\">Vorname*<\/label><span class=\"wpcf7-form-control-wrap\" data-name=\"firstname\"><input size=\"40\" maxlength=\"400\" class=\"wpcf7-form-control wpcf7-text wpcf7-validates-as-required input-text form-control\" aria-required=\"true\" aria-invalid=\"false\" value=\"\" type=\"text\" name=\"firstname\" \/><\/span>\n\t\t\t<\/p>\n\t\t<\/div>\n\t\t<div class=\"c-form-group col-md-6\">\n\t\t\t<p><label for=\"lastname\">Nachname*<\/label><span class=\"wpcf7-form-control-wrap\" data-name=\"lastname\"><input size=\"40\" maxlength=\"400\" class=\"wpcf7-form-control wpcf7-text wpcf7-validates-as-required input-text form-control\" aria-required=\"true\" aria-invalid=\"false\" value=\"\" type=\"text\" name=\"lastname\" \/><\/span>\n\t\t\t<\/p>\n\t\t<\/div>\n\t<\/div>\n\t<div class=\"c-form-row\">\n\t\t<div class=\"c-form-group col-md-6\">\n\t\t\t<p><label for=\"email\">E-Mail*<\/label><span class=\"wpcf7-form-control-wrap\" data-name=\"email\"><input size=\"40\" maxlength=\"400\" class=\"wpcf7-form-control wpcf7-email wpcf7-validates-as-required wpcf7-text wpcf7-validates-as-email input-text form-control\" aria-required=\"true\" aria-invalid=\"false\" value=\"\" type=\"email\" name=\"email\" \/><\/span>\n\t\t\t<\/p>\n\t\t<\/div>\n\t\t<div class=\"c-form-group col-md-6\">\n\t\t\t<p><label for=\"phone\">Telefon<\/label><span class=\"wpcf7-form-control-wrap\" data-name=\"phone\"><input size=\"40\" maxlength=\"400\" class=\"wpcf7-form-control wpcf7-text input-text form-control\" aria-invalid=\"false\" value=\"\" type=\"text\" name=\"phone\" \/><\/span>\n\t\t\t<\/p>\n\t\t<\/div>\n\t<\/div>\n\t<div class=\"c-form-group\">\n\t\t<p><label for=\"land\">Land<\/label><span class=\"wpcf7-form-control-wrap\" data-name=\"land\"><input size=\"40\" maxlength=\"400\" class=\"wpcf7-form-control wpcf7-text input-text form-control\" aria-invalid=\"false\" value=\"\" type=\"text\" name=\"land\" \/><\/span>\n\t\t<\/p>\n\t<\/div>\n\t<div class=\"c-form-group\">\n\t\t<p><label for=\"Betreff\">Betreff<\/label><span class=\"wpcf7-form-control-wrap\" data-name=\"Betreff\"><select class=\"wpcf7-form-control wpcf7-select\" aria-invalid=\"false\" name=\"Betreff\"><option value=\"Kontaktanfrage\">Kontaktanfrage<\/option><option value=\"R\u00fcckruf\">R\u00fcckruf<\/option><option value=\"Terminanfrage\">Terminanfrage<\/option><\/select><\/span>\n\t\t<\/p>\n\t<\/div>\n\t<div class=\"c-form-group\">\n\t\t<p><label for=\"nachricht\">Nachricht<\/label><span class=\"wpcf7-form-control-wrap\" data-name=\"nachricht\"><textarea cols=\"1\" rows=\"3\" maxlength=\"2000\" class=\"wpcf7-form-control wpcf7-textarea input-text form-control\" aria-invalid=\"false\" name=\"nachricht\"><\/textarea><\/span>\n\t\t<\/p>\n\t<\/div>\n\t<p><span id=\"wpcf7-69fdd99cb6d38-wrapper\" class=\"wpcf7-form-control-wrap anrede-wrap\" ><input type=\"hidden\" name=\"anrede-time-start\" value=\"1778243996\"><input type=\"hidden\" name=\"anrede-time-check\" value=\"10\"><label for=\"wpcf7-69fdd99cb6d38-field\" class=\"hp-message\">Bitte lasse dieses Feld leer.<\/label><input id=\"wpcf7-69fdd99cb6d38-field\"  class=\"wpcf7-form-control wpcf7-text\" type=\"text\" name=\"anrede\" value=\"\" size=\"40\" tabindex=\"-1\" autocomplete=\"new-password\" \/><\/span>\n\t<\/p>\n\t<div class=\"c-form-group\">\n\t\t<div class=\"form-check\">\n\t\t\t<p><span class=\"wpcf7-form-control-wrap\" data-name=\"acceptance-344\"><span class=\"wpcf7-form-control wpcf7-acceptance\"><span class=\"wpcf7-list-item\"><label><input type=\"checkbox\" name=\"acceptance-344\" value=\"1\" aria-invalid=\"false\" \/><span class=\"wpcf7-list-item-label\">Ich habe die Datenschutzerkl\u00e4rung zur Kenntnis genommen. Ich stimme zu, dass meine Angaben und Daten zur Beantwortung meiner Anfrage elektronisch erhoben und gespeichert werden. Wir werden Ihre Daten ausschlie\u00dflich zur Kommunikation mit Ihnen verwenden und danach umgehend l\u00f6schen. Eine weitere oder l\u00e4ngerfristige Speicherung findet nicht statt. Ihre Daten werden nicht an Dritte weitergegeben. Weitere Informationen hierzu finden Sie in unserer <a href=\"#datenschutz\/\" target=\"_blank\">Datenschutzerkl\u00e4rung<\/a>.<\/span><\/label><\/span><\/span><\/span>\n\t\t\t<\/p>\n\t\t<\/div>\n\t<\/div>\n\t<p class=\"has-small-font-size\">*Pflichtangaben\n\t<\/p>\n\t<div class=\"d-flex my-1\">\n\t\t<p><input class=\"wpcf7-form-control wpcf7-submit has-spinner o-button\" type=\"submit\" value=\"Jetzt abschicken!\" \/>\n\t\t<\/p>\n\t<\/div>\n<\/div><div class=\"wpcf7-response-output\" aria-hidden=\"true\"><\/div>\n<\/form>\n<\/div>\n\n<\/div>\n<\/div>\n\n\n\n<p><\/p>\n<\/div><\/div>\n","protected":false},"excerpt":{"rendered":"<p>Unsere Ern\u00e4hrung &#8211; unsere Gesundheit Das Thema Ern\u00e4hrung spielt bei Arcadia eine essentielle Rolle. Wir betrachten eine durch Vielfalt und&hellip;<\/p>\n","protected":false},"author":4,"featured_media":0,"parent":40,"menu_order":0,"comment_status":"closed","ping_status":"closed","template":"","meta":{"_acf_changed":false,"footnotes":""},"class_list":["post-3895","page","type-page","status-publish","hentry"],"acf":[],"yoast_head":"<!-- This site is optimized with the Yoast SEO plugin v26.8 - https:\/\/yoast.com\/product\/yoast-seo-wordpress\/ -->\n<title>Ern\u00e4hrung als Basis f\u00fcr ganzheitliche Krebstherapie<\/title>\n<meta name=\"description\" content=\"Ern\u00e4hrung f\u00fcr mehr Wohlbefinden: Spezielle Ern\u00e4hrung individuell auf Patientenbed\u00fcrfnisse abgestimmt. Ern\u00e4hrungsleitfaden ansehen.\" \/>\n<meta name=\"robots\" content=\"index, follow, max-snippet:-1, max-image-preview:large, max-video-preview:-1\" \/>\n<link rel=\"canonical\" href=\"https:\/\/www.arcadia-praxisklinik.de\/de\/krebs-therapie\/ernaehrung\/\" \/>\n<meta property=\"og:locale\" content=\"de_DE\" \/>\n<meta property=\"og:type\" content=\"article\" \/>\n<meta property=\"og:title\" content=\"Ern\u00e4hrung als Basis f\u00fcr ganzheitliche Krebstherapie\" \/>\n<meta property=\"og:description\" content=\"Ern\u00e4hrung f\u00fcr mehr Wohlbefinden: Spezielle Ern\u00e4hrung individuell auf Patientenbed\u00fcrfnisse abgestimmt. Ern\u00e4hrungsleitfaden ansehen.\" \/>\n<meta property=\"og:url\" content=\"https:\/\/www.arcadia-praxisklinik.de\/de\/krebs-therapie\/ernaehrung\/\" \/>\n<meta property=\"og:site_name\" content=\"Arcadia Praxisklinik\" \/>\n<meta property=\"article:modified_time\" content=\"2025-11-11T12:26:32+00:00\" \/>\n<meta property=\"og:image\" content=\"https:\/\/www.arcadia-praxisklinik.de\/wp-content\/uploads\/2020\/10\/Lowcarb-550x309-1.jpg\" \/>\n\t<meta property=\"og:image:width\" content=\"550\" \/>\n\t<meta property=\"og:image:height\" content=\"309\" \/>\n\t<meta property=\"og:image:type\" content=\"image\/jpeg\" \/>\n<meta name=\"twitter:card\" content=\"summary_large_image\" \/>\n<script type=\"application\/ld+json\" class=\"yoast-schema-graph\">{\"@context\":\"https:\/\/schema.org\",\"@graph\":[{\"@type\":\"WebPage\",\"@id\":\"https:\/\/www.arcadia-praxisklinik.de\/de\/krebs-therapie\/ernaehrung\/\",\"url\":\"https:\/\/www.arcadia-praxisklinik.de\/de\/krebs-therapie\/ernaehrung\/\",\"name\":\"Ern\u00e4hrung als Basis f\u00fcr ganzheitliche Krebstherapie\",\"isPartOf\":{\"@id\":\"https:\/\/www.arcadia-praxisklinik.de\/de\/#website\"},\"primaryImageOfPage\":{\"@id\":\"https:\/\/www.arcadia-praxisklinik.de\/de\/krebs-therapie\/ernaehrung\/#primaryimage\"},\"image\":{\"@id\":\"https:\/\/www.arcadia-praxisklinik.de\/de\/krebs-therapie\/ernaehrung\/#primaryimage\"},\"thumbnailUrl\":\"https:\/\/www.arcadia-praxisklinik.de\/wp-content\/uploads\/2020\/10\/Lowcarb-550x309-1.jpg\",\"datePublished\":\"2025-11-11T10:37:36+00:00\",\"dateModified\":\"2025-11-11T12:26:32+00:00\",\"description\":\"Ern\u00e4hrung f\u00fcr mehr Wohlbefinden: Spezielle Ern\u00e4hrung individuell auf Patientenbed\u00fcrfnisse abgestimmt. Ern\u00e4hrungsleitfaden ansehen.\",\"breadcrumb\":{\"@id\":\"https:\/\/www.arcadia-praxisklinik.de\/de\/krebs-therapie\/ernaehrung\/#breadcrumb\"},\"inLanguage\":\"de\",\"potentialAction\":[{\"@type\":\"ReadAction\",\"target\":[\"https:\/\/www.arcadia-praxisklinik.de\/de\/krebs-therapie\/ernaehrung\/\"]}]},{\"@type\":\"ImageObject\",\"inLanguage\":\"de\",\"@id\":\"https:\/\/www.arcadia-praxisklinik.de\/de\/krebs-therapie\/ernaehrung\/#primaryimage\",\"url\":\"https:\/\/www.arcadia-praxisklinik.de\/wp-content\/uploads\/2020\/10\/Lowcarb-550x309-1.jpg\",\"contentUrl\":\"https:\/\/www.arcadia-praxisklinik.de\/wp-content\/uploads\/2020\/10\/Lowcarb-550x309-1.jpg\"},{\"@type\":\"BreadcrumbList\",\"@id\":\"https:\/\/www.arcadia-praxisklinik.de\/de\/krebs-therapie\/ernaehrung\/#breadcrumb\",\"itemListElement\":[{\"@type\":\"ListItem\",\"position\":1,\"name\":\"Startseite\",\"item\":\"https:\/\/www.arcadia-praxisklinik.de\/de\/\"},{\"@type\":\"ListItem\",\"position\":2,\"name\":\"Krebstherapie\",\"item\":\"https:\/\/www.arcadia-praxisklinik.de\/de\/krebs-therapie\/\"},{\"@type\":\"ListItem\",\"position\":3,\"name\":\"Ern\u00e4hrung\"}]},{\"@type\":\"WebSite\",\"@id\":\"https:\/\/www.arcadia-praxisklinik.de\/de\/#website\",\"url\":\"https:\/\/www.arcadia-praxisklinik.de\/de\/\",\"name\":\"Arcadia Praxisklinik\",\"description\":\"Zentrum f\u00fcr integrative Medizin und Krebstherapie in Bad Emstal\",\"potentialAction\":[{\"@type\":\"SearchAction\",\"target\":{\"@type\":\"EntryPoint\",\"urlTemplate\":\"https:\/\/www.arcadia-praxisklinik.de\/de\/?s={search_term_string}\"},\"query-input\":{\"@type\":\"PropertyValueSpecification\",\"valueRequired\":true,\"valueName\":\"search_term_string\"}}],\"inLanguage\":\"de\"}]}<\/script>\n<!-- \/ Yoast SEO plugin. -->","yoast_head_json":{"title":"Ern\u00e4hrung als Basis f\u00fcr ganzheitliche Krebstherapie","description":"Ern\u00e4hrung f\u00fcr mehr Wohlbefinden: Spezielle Ern\u00e4hrung individuell auf Patientenbed\u00fcrfnisse abgestimmt. Ern\u00e4hrungsleitfaden ansehen.","robots":{"index":"index","follow":"follow","max-snippet":"max-snippet:-1","max-image-preview":"max-image-preview:large","max-video-preview":"max-video-preview:-1"},"canonical":"https:\/\/www.arcadia-praxisklinik.de\/de\/krebs-therapie\/ernaehrung\/","og_locale":"de_DE","og_type":"article","og_title":"Ern\u00e4hrung als Basis f\u00fcr ganzheitliche Krebstherapie","og_description":"Ern\u00e4hrung f\u00fcr mehr Wohlbefinden: Spezielle Ern\u00e4hrung individuell auf Patientenbed\u00fcrfnisse abgestimmt. Ern\u00e4hrungsleitfaden ansehen.","og_url":"https:\/\/www.arcadia-praxisklinik.de\/de\/krebs-therapie\/ernaehrung\/","og_site_name":"Arcadia Praxisklinik","article_modified_time":"2025-11-11T12:26:32+00:00","og_image":[{"width":550,"height":309,"url":"https:\/\/www.arcadia-praxisklinik.de\/wp-content\/uploads\/2020\/10\/Lowcarb-550x309-1.jpg","type":"image\/jpeg"}],"twitter_card":"summary_large_image","schema":{"@context":"https:\/\/schema.org","@graph":[{"@type":"WebPage","@id":"https:\/\/www.arcadia-praxisklinik.de\/de\/krebs-therapie\/ernaehrung\/","url":"https:\/\/www.arcadia-praxisklinik.de\/de\/krebs-therapie\/ernaehrung\/","name":"Ern\u00e4hrung als Basis f\u00fcr ganzheitliche Krebstherapie","isPartOf":{"@id":"https:\/\/www.arcadia-praxisklinik.de\/de\/#website"},"primaryImageOfPage":{"@id":"https:\/\/www.arcadia-praxisklinik.de\/de\/krebs-therapie\/ernaehrung\/#primaryimage"},"image":{"@id":"https:\/\/www.arcadia-praxisklinik.de\/de\/krebs-therapie\/ernaehrung\/#primaryimage"},"thumbnailUrl":"https:\/\/www.arcadia-praxisklinik.de\/wp-content\/uploads\/2020\/10\/Lowcarb-550x309-1.jpg","datePublished":"2025-11-11T10:37:36+00:00","dateModified":"2025-11-11T12:26:32+00:00","description":"Ern\u00e4hrung f\u00fcr mehr Wohlbefinden: Spezielle Ern\u00e4hrung individuell auf Patientenbed\u00fcrfnisse abgestimmt. Ern\u00e4hrungsleitfaden ansehen.","breadcrumb":{"@id":"https:\/\/www.arcadia-praxisklinik.de\/de\/krebs-therapie\/ernaehrung\/#breadcrumb"},"inLanguage":"de","potentialAction":[{"@type":"ReadAction","target":["https:\/\/www.arcadia-praxisklinik.de\/de\/krebs-therapie\/ernaehrung\/"]}]},{"@type":"ImageObject","inLanguage":"de","@id":"https:\/\/www.arcadia-praxisklinik.de\/de\/krebs-therapie\/ernaehrung\/#primaryimage","url":"https:\/\/www.arcadia-praxisklinik.de\/wp-content\/uploads\/2020\/10\/Lowcarb-550x309-1.jpg","contentUrl":"https:\/\/www.arcadia-praxisklinik.de\/wp-content\/uploads\/2020\/10\/Lowcarb-550x309-1.jpg"},{"@type":"BreadcrumbList","@id":"https:\/\/www.arcadia-praxisklinik.de\/de\/krebs-therapie\/ernaehrung\/#breadcrumb","itemListElement":[{"@type":"ListItem","position":1,"name":"Startseite","item":"https:\/\/www.arcadia-praxisklinik.de\/de\/"},{"@type":"ListItem","position":2,"name":"Krebstherapie","item":"https:\/\/www.arcadia-praxisklinik.de\/de\/krebs-therapie\/"},{"@type":"ListItem","position":3,"name":"Ern\u00e4hrung"}]},{"@type":"WebSite","@id":"https:\/\/www.arcadia-praxisklinik.de\/de\/#website","url":"https:\/\/www.arcadia-praxisklinik.de\/de\/","name":"Arcadia Praxisklinik","description":"Zentrum f\u00fcr integrative Medizin und Krebstherapie in Bad Emstal","potentialAction":[{"@type":"SearchAction","target":{"@type":"EntryPoint","urlTemplate":"https:\/\/www.arcadia-praxisklinik.de\/de\/?s={search_term_string}"},"query-input":{"@type":"PropertyValueSpecification","valueRequired":true,"valueName":"search_term_string"}}],"inLanguage":"de"}]}},"_links":{"self":[{"href":"https:\/\/www.arcadia-praxisklinik.de\/de\/wp-json\/wp\/v2\/pages\/3895","targetHints":{"allow":["GET"]}}],"collection":[{"href":"https:\/\/www.arcadia-praxisklinik.de\/de\/wp-json\/wp\/v2\/pages"}],"about":[{"href":"https:\/\/www.arcadia-praxisklinik.de\/de\/wp-json\/wp\/v2\/types\/page"}],"author":[{"embeddable":true,"href":"https:\/\/www.arcadia-praxisklinik.de\/de\/wp-json\/wp\/v2\/users\/4"}],"replies":[{"embeddable":true,"href":"https:\/\/www.arcadia-praxisklinik.de\/de\/wp-json\/wp\/v2\/comments?post=3895"}],"version-history":[{"count":4,"href":"https:\/\/www.arcadia-praxisklinik.de\/de\/wp-json\/wp\/v2\/pages\/3895\/revisions"}],"predecessor-version":[{"id":3905,"href":"https:\/\/www.arcadia-praxisklinik.de\/de\/wp-json\/wp\/v2\/pages\/3895\/revisions\/3905"}],"up":[{"embeddable":true,"href":"https:\/\/www.arcadia-praxisklinik.de\/de\/wp-json\/wp\/v2\/pages\/40"}],"wp:attachment":[{"href":"https:\/\/www.arcadia-praxisklinik.de\/de\/wp-json\/wp\/v2\/media?parent=3895"}],"curies":[{"name":"wp","href":"https:\/\/api.w.org\/{rel}","templated":true}]}}