{"id":4067,"date":"2026-04-24T09:59:17","date_gmt":"2026-04-24T07:59:17","guid":{"rendered":"https:\/\/www.arcadia-praxisklinik.de\/?page_id=4067"},"modified":"2026-04-24T10:52:54","modified_gmt":"2026-04-24T08:52:54","slug":"ganzkoerper-photo-bio-modulation","status":"publish","type":"page","link":"https:\/\/www.arcadia-praxisklinik.de\/de\/krebs-therapie\/ganzkoerper-photo-bio-modulation\/","title":{"rendered":"Ganzk\u00f6rper Photo-Bio-Modulation"},"content":{"rendered":"\n<div class=\"wp-block-group\"><div class=\"wp-block-group__inner-container is-layout-flow wp-block-group-is-layout-flow\">\n<h2 class=\"wp-block-heading has-text-align-center\">Ganzk\u00f6rper Photo-Bio-Modulation in der ganzheitlichen Medizin<\/h2>\n\n\n\n<p class=\"has-text-align-center\">Die meisten Ursachen chronischer Krankheiten beginnen im Inneren unserer Zellen, dort wo die biochemische Energie der Zelle entsteht: in den Mitochondrien. Genau hier setzt die Lichttherapie mit besonderen Lichtwellenl\u00e4ngen, Photo-Bio-Modulation genannt, an. &nbsp;Anfang 2026 ist das in Korea entwickelte Ganzk\u00f6rper-PBM-Ger\u00e4t von Hue Light zum ersten Mal auch in Deutschland in unserer Praxis in Betrieb genommen worden.&nbsp;<\/p>\n\n\n\n<p class=\"has-text-align-center\">Die Arcadia-Praxisklinik bietet damit <strong>als erste Praxis in Deutschland<\/strong> diese innovative Behandlungsmethode mit der Hue Light PBM Kammer an. Seit ungef\u00e4hr 10 Jahren gibt es dazu klinische Forschung mit immer mehr publizierten Ergebnissen, die die Wirkung auf zellul\u00e4re Regenerationsprozesse, Mikrozirkulation und Entz\u00fcndungsregulation gut dokumentiert.&nbsp;<\/p>\n<\/div><\/div>\n\n\n\n<div class=\"wp-block-group alignfull has-gray-background-color has-background\"><div class=\"wp-block-group__inner-container is-layout-flow wp-block-group-is-layout-flow\">\n<div class=\"wp-block-columns are-vertically-aligned-top is-layout-flex wp-container-core-columns-is-layout-9d6595d7 wp-block-columns-is-layout-flex\">\n<div class=\"wp-block-column is-vertically-aligned-top is-layout-flow wp-block-column-is-layout-flow\">\n<h3 class=\"wp-block-heading\">Was ist Photo-Bio-Modulation?<\/h3>\n\n\n\n<figure class=\"wp-block-image size-full\"><img loading=\"lazy\" decoding=\"async\" width=\"2560\" height=\"1690\" src=\"https:\/\/www.arcadia-praxisklinik.de\/wp-content\/uploads\/2026\/03\/250418_04-f-scaled.jpg\" alt=\"\" class=\"wp-image-4060\" srcset=\"https:\/\/www.arcadia-praxisklinik.de\/wp-content\/uploads\/2026\/03\/250418_04-f-scaled.jpg 2560w, https:\/\/www.arcadia-praxisklinik.de\/wp-content\/uploads\/2026\/03\/250418_04-f-300x198.jpg 300w, https:\/\/www.arcadia-praxisklinik.de\/wp-content\/uploads\/2026\/03\/250418_04-f-1024x676.jpg 1024w, https:\/\/www.arcadia-praxisklinik.de\/wp-content\/uploads\/2026\/03\/250418_04-f-768x507.jpg 768w, https:\/\/www.arcadia-praxisklinik.de\/wp-content\/uploads\/2026\/03\/250418_04-f-1536x1014.jpg 1536w, https:\/\/www.arcadia-praxisklinik.de\/wp-content\/uploads\/2026\/03\/250418_04-f-2048x1352.jpg 2048w\" sizes=\"auto, (max-width: 2560px) 100vw, 2560px\" \/><\/figure>\n<\/div>\n\n\n\n<div class=\"wp-block-column is-vertically-aligned-top is-layout-flow wp-block-column-is-layout-flow\">\n<p><br>Als erste Praxis in Deutschland setzen wir die Ganzk\u00f6rper Photo-Bio-Modulation (PBM) mit der koreanischen Hue Light Lichtkammer ein.&nbsp;PBM ist eine effektive, schmerzfreie und nicht-invasive Methode, um die Zellregeneration zu f\u00f6rdern. 38.000 Hochleistungs-LEDs mit einer Leistung von 4.000 Watt geben ihre Kraft an Ihre Zellen weiter. Die Energie der Lichtwellen wird von wichtigen Steuer-Molek\u00fclen unserer Zellen aufgenommen und zur Regulation von Reparation, Durchblutung, Entgiftung und zur Entz\u00fcndungskontrolle benutzt. Nebenwirkungen sind nicht bekannt.&nbsp;<\/p>\n<\/div>\n<\/div>\n<\/div><\/div>\n\n\n\n<div class=\"wp-block-group\"><div class=\"wp-block-group__inner-container is-layout-flow wp-block-group-is-layout-flow\">\n<h3 class=\"wp-block-heading has-text-align-center\">Die Kraft des Lichts \u2013 Impulse f\u00fcr die Zellen<\/h3>\n\n\n\n<p class=\"has-text-align-center\">In der Arcadia Praxisklinik setzen wir die Ganzk\u00f6rper Photo-Bio-Modulation seit Januar 2026 ein. Das innovative Lichtsystem arbeitet mit sogenannten Nogier-Frequenzen, die von dem franz\u00f6sischen Arzt und Forscher Dr. Paul Nogier in den 1960er Jahren erstmals entdeckt und beschrieben wurden. Das Licht wird somit gepulst abgegeben, was zur Folge hat, dass man durch verschiedene Frequenzen unterschiedliche Gewebearten gezielt anregen kann.&nbsp;<\/p>\n\n\n\n<p class=\"has-text-align-center\"><\/p>\n<\/div><\/div>\n\n\n\n<div class=\"wp-block-group alignfull has-gray-background-color has-background\"><div class=\"wp-block-group__inner-container is-layout-flow wp-block-group-is-layout-flow\">\n<div class=\"wp-block-columns are-vertically-aligned-top is-layout-flex wp-container-core-columns-is-layout-9d6595d7 wp-block-columns-is-layout-flex\">\n<div class=\"wp-block-column is-vertically-aligned-top is-layout-flow wp-block-column-is-layout-flow\">\n<h3 class=\"wp-block-heading\">Sanft, schmerzfrei und nicht-invasiv: Die Ganzk\u00f6rper Photo-Bio-Modulation<\/h3>\n\n\n\n<figure class=\"wp-block-image size-full\"><img loading=\"lazy\" decoding=\"async\" width=\"2002\" height=\"1363\" src=\"https:\/\/www.arcadia-praxisklinik.de\/wp-content\/uploads\/2026\/03\/250424-Hue-Light-0215-2-scaled-e1776769379820.jpg\" alt=\"PBM Chamber\" class=\"wp-image-4056\" srcset=\"https:\/\/www.arcadia-praxisklinik.de\/wp-content\/uploads\/2026\/03\/250424-Hue-Light-0215-2-scaled-e1776769379820.jpg 2002w, https:\/\/www.arcadia-praxisklinik.de\/wp-content\/uploads\/2026\/03\/250424-Hue-Light-0215-2-scaled-e1776769379820-300x204.jpg 300w, https:\/\/www.arcadia-praxisklinik.de\/wp-content\/uploads\/2026\/03\/250424-Hue-Light-0215-2-scaled-e1776769379820-1024x697.jpg 1024w, https:\/\/www.arcadia-praxisklinik.de\/wp-content\/uploads\/2026\/03\/250424-Hue-Light-0215-2-scaled-e1776769379820-768x523.jpg 768w, https:\/\/www.arcadia-praxisklinik.de\/wp-content\/uploads\/2026\/03\/250424-Hue-Light-0215-2-scaled-e1776769379820-1536x1046.jpg 1536w\" sizes=\"auto, (max-width: 2002px) 100vw, 2002px\" \/><\/figure>\n<\/div>\n\n\n\n<div class=\"wp-block-column is-vertically-aligned-top is-layout-flow wp-block-column-is-layout-flow\">\n<p>In der Arcadia Praxisklinik setzen wir die Ganzk\u00f6rper Photo-Bio-Modulation als erg\u00e4nzende Ma\u00dfnahme ein, um Ihren K\u00f6rper bei der Regeneration zu unterst\u00fctzen.<\/p>\n\n\n\n<p>Die PBM wird begleitend eingesetzt bei:<\/p>\n\n\n\n<ul class=\"wp-block-list\">\n<li>chronischen Erkrankungen<\/li>\n\n\n\n<li>entz\u00fcndlichen Belastungen<\/li>\n\n\n\n<li>eingeschr\u00e4nkter Durchblutung von Gewebe<\/li>\n\n\n\n<li>Schmerzen oder verlangsamter Regeneration<\/li>\n\n\n\n<li>Phasen hoher k\u00f6rperlicher oder mentaler Ersch\u00f6pfung<br><\/li>\n<\/ul>\n<\/div>\n<\/div>\n<\/div><\/div>\n\n\n\n<div class=\"wp-block-group\"><div class=\"wp-block-group__inner-container is-layout-flow wp-block-group-is-layout-flow\">\n<h2 class=\"wp-block-heading has-text-align-center\">Ganzk\u00f6rper Photo-Bio-Modulation in der Arcadia Praxisklinik<\/h2>\n\n\n\n<p class=\"has-text-align-center\">Als erste Klinik in Deutschland setzen wir das Ganzk\u00f6rper Photo-Bio-Modulatiossystem von Hue Light als unterst\u00fctzende Behandlung ein, die in unser medizinisches Gesamtkonzept eingebettet ist. Unsere Erfahrung erm\u00f6glicht es uns, die Lichtimpulse pr\u00e4zise auf Ihre physiologischen Bed\u00fcrfnisse abzustimmen.<\/p>\n<\/div><\/div>\n\n\n\n<div class=\"wp-block-group alignfull\"><div class=\"wp-block-group__inner-container is-layout-flow wp-block-group-is-layout-flow\"><\/div><\/div>\n\n\n\n<div class=\"wp-block-group alignfull\"><div class=\"wp-block-group__inner-container is-layout-flow wp-block-group-is-layout-flow\">\n<h2 class=\"wp-block-heading has-text-align-center\">Wissenswertes zur Photo-Bio-Modulationstherapie <\/h2>\n\n\n\n<div id=\"content-block-block_d1c980e3e859b1e418bb615f51d4fa7d\" class=\"content-block block-accordion js-accordion\">\n<div class=\"c-accordion\">\n\t\n\t\n\t<\/div>\n<\/div>\n\n\n\n<div id=\"content-block-block_eb52d37a6f089224c523bf7042016364\" class=\"content-block block-accordion js-accordion\">\n<div class=\"c-accordion\">\n\t\n\t\n\t\t<div class=\"c-accordion-title\" >\n\t\t\tWie erhalte ich die Photo-Bio-Modulation?\t\t\t<span class=\"toggle\"><\/span>\n\t\t<\/div>\n\t\t<div class=\"c-accordion-content\"><p>To ensure the highest quality of treatment, access to therapy follows a straightforward process:<\/p>\n<p>During the medical consultation and medical history review, we determine whether PBM can effectively support your specific recovery goals.<br \/>\nOur doctors then identify which frequency modulations (e.g. to support mental performance or circulation) provide the appropriate stimuli.<br \/>\nYou will receive your personalised treatment plan, which includes several PBM sessions.<\/p>\n<\/div>\n\n\t\n\t\t<div class=\"c-accordion-title\" >\n\t\t\tWas sind die Vorteile der Photo-Bio-Modulation?\t\t\t<span class=\"toggle\"><\/span>\n\t\t<\/div>\n\t\t<div class=\"c-accordion-content\"><ul class=\"ul1\">\n<li class=\"li1\">Wir erreichen den ganzen K\u00f6rper: \u00dcber tausende Hochleistungs-LEDs wird fast der gesamte Organismus gleichzeitig stimuliert. Damit sprechen wir Ihren zellul\u00e4ren Stoffwechsel an.<\/li>\n<li class=\"li1\">Die Anwendung ist tiefenwirksam: Die Kombination aus rotem und nahinfrarotem Licht dringt tief in die K\u00f6rperzellen ein, ohne die Haut thermisch zu belasten. Sie f\u00fchlen eine angenehme W\u00e4rme.<\/li>\n<li class=\"li1\">Diese effiziente Anwendung dauert 20 Minuten.<\/li>\n<\/ul>\n<\/div>\n\n\t\n\t\t<div class=\"c-accordion-title\" >\n\t\t\tWie l\u00e4uft die Photo-Bio-Modulation ab und wie f\u00fchlt sie sich an?\t\t\t<span class=\"toggle\"><\/span>\n\t\t<\/div>\n\t\t<div class=\"c-accordion-content\"><p>Sie entkleiden sich m\u00f6glichst komplett, damit das Licht Ihren gesamten K\u00f6rper erreichen kann. Dann ruhen Sie ganz entspannt f\u00fcr ca. 20 Minuten auf der Liege des Ger\u00e4tes. Parallel erhalten Sie eine Inhalation mit molekularem Wasserstoff. Das unterst\u00fctzt und optimiert die Behandlung.<\/p>\n<p>Die tief sp\u00fcrbare, sanfte Erw\u00e4rmung resultiert aus der angeregten Mikrozirkulation \u2013 vergleichbar mit einem entspannten Sonnenbad am Strand. Nach der Ganzk\u00f6rper Photo-Bio-Modulation berichten viele Patienten \u00fcber ein Gef\u00fchl von Entspannung und Vitalisierung. Die regenerativen Prozesse auf zellul\u00e4rer Ebene k\u00f6nnen sich auch \u00fcber die folgenden Stunden oder sogar Tage entfalten.<\/p>\n<p>&nbsp;<\/p>\n<\/div>\n\n\t\n\t<\/div>\n<\/div>\n<\/div><\/div>\n\n\n\n<div class=\"wp-block-group alignfull has-blue-background-color has-background\"><div class=\"wp-block-group__inner-container is-layout-flow wp-block-group-is-layout-flow\">\n<div class=\"wp-block-columns alignwide is-style-linkteaser cols-2 is-layout-flex wp-container-core-columns-is-layout-9d6595d7 wp-block-columns-is-layout-flex\">\n<div class=\"wp-block-column is-layout-flow wp-block-column-is-layout-flow\">\n<h3 class=\"wp-block-heading has-text-align-center has-white-color has-text-color\">Unsere Diagnose-Verfahren<\/h3>\n\n\n\n<p class=\"has-text-align-center\">Jede Therapieempfehlung setzt eine ausf\u00fchrliche Diagnose der Krebserkrankung voraus.<\/p>\n\n\n\n<div class=\"wp-block-buttons has-text-align-center is-style-default is-content-justification-center is-layout-flex wp-container-core-buttons-is-layout-16018d1d wp-block-buttons-is-layout-flex\">\n<div class=\"wp-block-button is-style-white\"><a class=\"wp-block-button__link wp-element-button\" href=\"https:\/\/www.arcadia-praxisklinik.de\/integrative-krebs-behandlung\/diagnose\/\" rel=\"ghjh\">Zu den Diagnoseverfahren<\/a><\/div>\n<\/div>\n<\/div>\n\n\n\n<div class=\"wp-block-column is-layout-flow wp-block-column-is-layout-flow\">\n<h3 class=\"wp-block-heading has-text-align-center has-white-color has-text-color\">Unsere Patienten-Erfahrungen<\/h3>\n\n\n\n<p class=\"has-text-align-center\">Erfahren Sie, was unsere Patienten \u00fcber ihre Krebsbehandlung bei Arcadia erz\u00e4hlen. <\/p>\n\n\n\n<div class=\"wp-block-buttons has-text-align-center is-content-justification-center is-layout-flex wp-container-core-buttons-is-layout-16018d1d wp-block-buttons-is-layout-flex\">\n<div class=\"wp-block-button is-style-white\"><a class=\"wp-block-button__link wp-element-button\" href=\"https:\/\/www.arcadia-praxisklinik.de\/arcadia-praxis-klinik\/\">Das sagen unsere Patienten<\/a><\/div>\n<\/div>\n<\/div>\n<\/div>\n<\/div><\/div>\n","protected":false},"excerpt":{"rendered":"<p>Ganzk\u00f6rper Photo-Bio-Modulation in der ganzheitlichen Medizin Die meisten Ursachen chronischer Krankheiten beginnen im Inneren unserer Zellen, dort wo die biochemische&hellip;<\/p>\n","protected":false},"author":4,"featured_media":4060,"parent":40,"menu_order":0,"comment_status":"closed","ping_status":"closed","template":"","meta":{"_acf_changed":false,"footnotes":""},"class_list":["post-4067","page","type-page","status-publish","has-post-thumbnail","hentry"],"acf":[],"yoast_head":"<!-- This site is optimized with the Yoast SEO plugin v26.8 - https:\/\/yoast.com\/product\/yoast-seo-wordpress\/ -->\n<title>Ganzk\u00f6rper Photo-Bio-Modulation in der ganzheitlichen Medizin<\/title>\n<meta name=\"description\" content=\"Die Arcadia-Praxisklinik bietet als erste Praxis in Deutschland diese innovative Behandlungsmethode mit der Hue Light PBM Kammer an.\" \/>\n<meta name=\"robots\" content=\"index, follow, max-snippet:-1, max-image-preview:large, max-video-preview:-1\" \/>\n<link rel=\"canonical\" href=\"https:\/\/www.arcadia-praxisklinik.de\/de\/krebs-therapie\/ganzkoerper-photo-bio-modulation\/\" \/>\n<meta property=\"og:locale\" content=\"de_DE\" \/>\n<meta property=\"og:type\" content=\"article\" \/>\n<meta property=\"og:title\" content=\"Ganzk\u00f6rper Photo-Bio-Modulation in der ganzheitlichen Medizin\" \/>\n<meta property=\"og:description\" content=\"Die Arcadia-Praxisklinik bietet als erste Praxis in Deutschland diese innovative Behandlungsmethode mit der Hue Light PBM Kammer an.\" \/>\n<meta property=\"og:url\" content=\"https:\/\/www.arcadia-praxisklinik.de\/de\/krebs-therapie\/ganzkoerper-photo-bio-modulation\/\" \/>\n<meta property=\"og:site_name\" content=\"Arcadia Praxisklinik\" \/>\n<meta property=\"article:modified_time\" content=\"2026-04-24T08:52:54+00:00\" \/>\n<meta property=\"og:image\" content=\"https:\/\/www.arcadia-praxisklinik.de\/wp-content\/uploads\/2026\/03\/250418_04-f-scaled.jpg\" \/>\n\t<meta property=\"og:image:width\" content=\"2560\" \/>\n\t<meta property=\"og:image:height\" content=\"1690\" \/>\n\t<meta property=\"og:image:type\" content=\"image\/jpeg\" \/>\n<meta name=\"twitter:card\" content=\"summary_large_image\" \/>\n<script type=\"application\/ld+json\" class=\"yoast-schema-graph\">{\"@context\":\"https:\/\/schema.org\",\"@graph\":[{\"@type\":\"WebPage\",\"@id\":\"https:\/\/www.arcadia-praxisklinik.de\/de\/krebs-therapie\/ganzkoerper-photo-bio-modulation\/\",\"url\":\"https:\/\/www.arcadia-praxisklinik.de\/de\/krebs-therapie\/ganzkoerper-photo-bio-modulation\/\",\"name\":\"Ganzk\u00f6rper Photo-Bio-Modulation in der ganzheitlichen Medizin\",\"isPartOf\":{\"@id\":\"https:\/\/www.arcadia-praxisklinik.de\/de\/#website\"},\"primaryImageOfPage\":{\"@id\":\"https:\/\/www.arcadia-praxisklinik.de\/de\/krebs-therapie\/ganzkoerper-photo-bio-modulation\/#primaryimage\"},\"image\":{\"@id\":\"https:\/\/www.arcadia-praxisklinik.de\/de\/krebs-therapie\/ganzkoerper-photo-bio-modulation\/#primaryimage\"},\"thumbnailUrl\":\"https:\/\/www.arcadia-praxisklinik.de\/wp-content\/uploads\/2026\/03\/250418_04-f-scaled.jpg\",\"datePublished\":\"2026-04-24T07:59:17+00:00\",\"dateModified\":\"2026-04-24T08:52:54+00:00\",\"description\":\"Die Arcadia-Praxisklinik bietet als erste Praxis in Deutschland diese innovative Behandlungsmethode mit der Hue Light PBM Kammer an.\",\"breadcrumb\":{\"@id\":\"https:\/\/www.arcadia-praxisklinik.de\/de\/krebs-therapie\/ganzkoerper-photo-bio-modulation\/#breadcrumb\"},\"inLanguage\":\"de\",\"potentialAction\":[{\"@type\":\"ReadAction\",\"target\":[\"https:\/\/www.arcadia-praxisklinik.de\/de\/krebs-therapie\/ganzkoerper-photo-bio-modulation\/\"]}]},{\"@type\":\"ImageObject\",\"inLanguage\":\"de\",\"@id\":\"https:\/\/www.arcadia-praxisklinik.de\/de\/krebs-therapie\/ganzkoerper-photo-bio-modulation\/#primaryimage\",\"url\":\"https:\/\/www.arcadia-praxisklinik.de\/wp-content\/uploads\/2026\/03\/250418_04-f-scaled.jpg\",\"contentUrl\":\"https:\/\/www.arcadia-praxisklinik.de\/wp-content\/uploads\/2026\/03\/250418_04-f-scaled.jpg\",\"width\":2560,\"height\":1690,\"caption\":\"Evoto\"},{\"@type\":\"BreadcrumbList\",\"@id\":\"https:\/\/www.arcadia-praxisklinik.de\/de\/krebs-therapie\/ganzkoerper-photo-bio-modulation\/#breadcrumb\",\"itemListElement\":[{\"@type\":\"ListItem\",\"position\":1,\"name\":\"Startseite\",\"item\":\"https:\/\/www.arcadia-praxisklinik.de\/de\/\"},{\"@type\":\"ListItem\",\"position\":2,\"name\":\"Krebstherapie\",\"item\":\"https:\/\/www.arcadia-praxisklinik.de\/de\/krebs-therapie\/\"},{\"@type\":\"ListItem\",\"position\":3,\"name\":\"Ganzk\u00f6rper Photo-Bio-Modulation\"}]},{\"@type\":\"WebSite\",\"@id\":\"https:\/\/www.arcadia-praxisklinik.de\/de\/#website\",\"url\":\"https:\/\/www.arcadia-praxisklinik.de\/de\/\",\"name\":\"Arcadia Praxisklinik\",\"description\":\"Zentrum f\u00fcr integrative Medizin und Krebstherapie in Bad Emstal\",\"potentialAction\":[{\"@type\":\"SearchAction\",\"target\":{\"@type\":\"EntryPoint\",\"urlTemplate\":\"https:\/\/www.arcadia-praxisklinik.de\/de\/?s={search_term_string}\"},\"query-input\":{\"@type\":\"PropertyValueSpecification\",\"valueRequired\":true,\"valueName\":\"search_term_string\"}}],\"inLanguage\":\"de\"}]}<\/script>\n<!-- \/ Yoast SEO plugin. -->","yoast_head_json":{"title":"Ganzk\u00f6rper Photo-Bio-Modulation in der ganzheitlichen Medizin","description":"Die Arcadia-Praxisklinik bietet als erste Praxis in Deutschland diese innovative Behandlungsmethode mit der Hue Light PBM Kammer an.","robots":{"index":"index","follow":"follow","max-snippet":"max-snippet:-1","max-image-preview":"max-image-preview:large","max-video-preview":"max-video-preview:-1"},"canonical":"https:\/\/www.arcadia-praxisklinik.de\/de\/krebs-therapie\/ganzkoerper-photo-bio-modulation\/","og_locale":"de_DE","og_type":"article","og_title":"Ganzk\u00f6rper Photo-Bio-Modulation in der ganzheitlichen Medizin","og_description":"Die Arcadia-Praxisklinik bietet als erste Praxis in Deutschland diese innovative Behandlungsmethode mit der Hue Light PBM Kammer an.","og_url":"https:\/\/www.arcadia-praxisklinik.de\/de\/krebs-therapie\/ganzkoerper-photo-bio-modulation\/","og_site_name":"Arcadia Praxisklinik","article_modified_time":"2026-04-24T08:52:54+00:00","og_image":[{"width":2560,"height":1690,"url":"https:\/\/www.arcadia-praxisklinik.de\/wp-content\/uploads\/2026\/03\/250418_04-f-scaled.jpg","type":"image\/jpeg"}],"twitter_card":"summary_large_image","schema":{"@context":"https:\/\/schema.org","@graph":[{"@type":"WebPage","@id":"https:\/\/www.arcadia-praxisklinik.de\/de\/krebs-therapie\/ganzkoerper-photo-bio-modulation\/","url":"https:\/\/www.arcadia-praxisklinik.de\/de\/krebs-therapie\/ganzkoerper-photo-bio-modulation\/","name":"Ganzk\u00f6rper Photo-Bio-Modulation in der ganzheitlichen Medizin","isPartOf":{"@id":"https:\/\/www.arcadia-praxisklinik.de\/de\/#website"},"primaryImageOfPage":{"@id":"https:\/\/www.arcadia-praxisklinik.de\/de\/krebs-therapie\/ganzkoerper-photo-bio-modulation\/#primaryimage"},"image":{"@id":"https:\/\/www.arcadia-praxisklinik.de\/de\/krebs-therapie\/ganzkoerper-photo-bio-modulation\/#primaryimage"},"thumbnailUrl":"https:\/\/www.arcadia-praxisklinik.de\/wp-content\/uploads\/2026\/03\/250418_04-f-scaled.jpg","datePublished":"2026-04-24T07:59:17+00:00","dateModified":"2026-04-24T08:52:54+00:00","description":"Die Arcadia-Praxisklinik bietet als erste Praxis in Deutschland diese innovative Behandlungsmethode mit der Hue Light PBM Kammer an.","breadcrumb":{"@id":"https:\/\/www.arcadia-praxisklinik.de\/de\/krebs-therapie\/ganzkoerper-photo-bio-modulation\/#breadcrumb"},"inLanguage":"de","potentialAction":[{"@type":"ReadAction","target":["https:\/\/www.arcadia-praxisklinik.de\/de\/krebs-therapie\/ganzkoerper-photo-bio-modulation\/"]}]},{"@type":"ImageObject","inLanguage":"de","@id":"https:\/\/www.arcadia-praxisklinik.de\/de\/krebs-therapie\/ganzkoerper-photo-bio-modulation\/#primaryimage","url":"https:\/\/www.arcadia-praxisklinik.de\/wp-content\/uploads\/2026\/03\/250418_04-f-scaled.jpg","contentUrl":"https:\/\/www.arcadia-praxisklinik.de\/wp-content\/uploads\/2026\/03\/250418_04-f-scaled.jpg","width":2560,"height":1690,"caption":"Evoto"},{"@type":"BreadcrumbList","@id":"https:\/\/www.arcadia-praxisklinik.de\/de\/krebs-therapie\/ganzkoerper-photo-bio-modulation\/#breadcrumb","itemListElement":[{"@type":"ListItem","position":1,"name":"Startseite","item":"https:\/\/www.arcadia-praxisklinik.de\/de\/"},{"@type":"ListItem","position":2,"name":"Krebstherapie","item":"https:\/\/www.arcadia-praxisklinik.de\/de\/krebs-therapie\/"},{"@type":"ListItem","position":3,"name":"Ganzk\u00f6rper Photo-Bio-Modulation"}]},{"@type":"WebSite","@id":"https:\/\/www.arcadia-praxisklinik.de\/de\/#website","url":"https:\/\/www.arcadia-praxisklinik.de\/de\/","name":"Arcadia Praxisklinik","description":"Zentrum f\u00fcr integrative Medizin und Krebstherapie in Bad Emstal","potentialAction":[{"@type":"SearchAction","target":{"@type":"EntryPoint","urlTemplate":"https:\/\/www.arcadia-praxisklinik.de\/de\/?s={search_term_string}"},"query-input":{"@type":"PropertyValueSpecification","valueRequired":true,"valueName":"search_term_string"}}],"inLanguage":"de"}]}},"_links":{"self":[{"href":"https:\/\/www.arcadia-praxisklinik.de\/de\/wp-json\/wp\/v2\/pages\/4067","targetHints":{"allow":["GET"]}}],"collection":[{"href":"https:\/\/www.arcadia-praxisklinik.de\/de\/wp-json\/wp\/v2\/pages"}],"about":[{"href":"https:\/\/www.arcadia-praxisklinik.de\/de\/wp-json\/wp\/v2\/types\/page"}],"author":[{"embeddable":true,"href":"https:\/\/www.arcadia-praxisklinik.de\/de\/wp-json\/wp\/v2\/users\/4"}],"replies":[{"embeddable":true,"href":"https:\/\/www.arcadia-praxisklinik.de\/de\/wp-json\/wp\/v2\/comments?post=4067"}],"version-history":[{"count":33,"href":"https:\/\/www.arcadia-praxisklinik.de\/de\/wp-json\/wp\/v2\/pages\/4067\/revisions"}],"predecessor-version":[{"id":4178,"href":"https:\/\/www.arcadia-praxisklinik.de\/de\/wp-json\/wp\/v2\/pages\/4067\/revisions\/4178"}],"up":[{"embeddable":true,"href":"https:\/\/www.arcadia-praxisklinik.de\/de\/wp-json\/wp\/v2\/pages\/40"}],"wp:featuredmedia":[{"embeddable":true,"href":"https:\/\/www.arcadia-praxisklinik.de\/de\/wp-json\/wp\/v2\/media\/4060"}],"wp:attachment":[{"href":"https:\/\/www.arcadia-praxisklinik.de\/de\/wp-json\/wp\/v2\/media?parent=4067"}],"curies":[{"name":"wp","href":"https:\/\/api.w.org\/{rel}","templated":true}]}}