{"id":46,"date":"2020-08-05T11:46:04","date_gmt":"2020-08-05T09:46:04","guid":{"rendered":"http:\/\/arcadia.denkanross.de\/?page_id=46"},"modified":"2021-07-26T15:53:12","modified_gmt":"2021-07-26T13:53:12","slug":"impressum","status":"publish","type":"page","link":"https:\/\/www.arcadia-praxisklinik.de\/de\/impressum\/","title":{"rendered":"Impressum"},"content":{"rendered":"\n<h1 class=\"wp-block-heading\">Impressum<\/h1>\n\n\n\n<h2 class=\"wp-block-heading\">Angaben gem\u00e4\u00df \u00a7 5 TMG<\/h2>\n\n\n\n<p>Arcadia Praxisklinik GmbH<br>Im Kurpark 1<br>34308 Bad Emstal<\/p>\n\n\n\n<p>Handelsregister: HRB 17169<br>Registergericht: Amtsgericht Kassel<\/p>\n\n\n\n<p><strong>Gesch\u00e4ftsf\u00fchrer:<\/strong><br>Dr. med. Henning Saupe<\/p>\n\n\n\n<h2 class=\"wp-block-heading\">Kontakt<\/h2>\n\n\n\n<p>Telefon: +49 56 24 &#8211; 923 79 18<br>Telefax: +49 56 24 &#8211; 923 79 29<br>E-Mail: info@arcadia-praxis.de<\/p>\n\n\n\n<h2 class=\"wp-block-heading\">Umsatzsteuer-ID<\/h2>\n\n\n\n<p>Umsatzsteuer-Identifikationsnummer gem\u00e4\u00df \u00a7 27 a Umsatzsteuergesetz:<br>DE309855627<\/p>\n\n\n\n<h2 class=\"wp-block-heading\">Aufsichtsbeh\u00f6rde<\/h2>\n\n\n\n<p>Landes\u00e4rztekammer Hessen<br>Hanauer Landstra\u00dfe 152, 60314 Frankfurt<\/p>\n\n\n\n<p><a href=\"https:\/\/www.laekh.de\/\">https:\/\/www.laekh.de\/<\/a><br><a href=\"https:\/\/www.kvhessen.de\/\">https:\/\/www.kvhessen.de\/<\/a><\/p>\n\n\n\n<h2 class=\"wp-block-heading\">Berufsbezeichnung und berufsrechtliche Regelungen<\/h2>\n\n\n\n<p>Berufsbezeichnung: \u00c4rzte<br>Zust\u00e4ndige Kammer: \u00c4rztekammer Hessen<br>Verliehen in: Deutschland<br>Es gelten folgende berufsrechtliche Regelungen: Heilberufsgesetz<br>Regelungen einsehbar unter: <a href=\"https:\/\/www.laekh.de\/fileadmin\/user_upload\/Aerzte\/Rund_ums_Recht\/Rechtsquellen\/Heilberufsgesetz.pdf\">https:\/\/www.laekh.de\/fileadmin\/user_upload\/Aerzte\/Rund_ums_Recht\/Rechtsquellen\/Heilberufsgesetz.pdf<\/a><br><a href=\"https:\/\/www.laekh.de\/fileadmin\/user_upload\/Aerzte\/Rund_ums_Recht\/Rechtsquellen\/Berufsordnung.pdf\">https:\/\/www.laekh.de\/fileadmin\/user_upload\/Aerzte\/Rund_ums_Recht\/Rechtsquellen\/Berufsordnung.pdf<\/a><\/p>\n\n\n\n<p>Sollten diese Links nicht mehr funktionieren, k\u00f6nnen Sie die Regelungen auf den folgenden Websites einsehen:<br><a href=\"https:\/\/www.laekh.de\/https:\/\/www.kvhessen.de\/\">https:\/\/www.laekh.de\/<\/a><br><a href=\"https:\/\/www.laekh.de\/https:\/\/www.kvhessen.de\/\">https:\/\/www.kvhessen.de\/<\/a><\/p>\n\n\n\n<h2 class=\"wp-block-heading\">Angaben zur Berufshaftpflichtversicherung<\/h2>\n\n\n\n<p><strong>Name und Sitz des Versicherers:<\/strong><br>HDI Versicherungs AG<br>HDI Platz 1<br>30659 Hannover<\/p>\n\n\n\n<p><strong>Geltungsraum der Versicherung:<\/strong><br>Deutschland<\/p>\n\n\n\n<h2 class=\"wp-block-heading\">Verantwortlich f\u00fcr den Inhalt nach \u00a7 55 Abs. 2 RStV<\/h2>\n\n\n\n<p>Dr. Henning Saupe<br>Im Kurpark 1<br>34308 Bad Emstal<\/p>\n\n\n\n<h2 class=\"wp-block-heading\">Verbraucher\u00adstreit\u00adbeilegung\/Universal\u00adschlichtungs\u00adstelle<\/h2>\n\n\n\n<p>Die Europ\u00e4ische Kommission stellt eine Plattform zur Onlinestreitbeteiligung (OS) bereit, die Sie hier finden k\u00f6nnen: <a href=\"http:\/\/ec.europa.eu\/consumers\/odr\/\">http:\/\/ec.europa.eu\/consumers\/odr\/<\/a><br><br>Wir sind nicht bereit oder verpflichtet, an Streitbeilegungsverfahren vor einer Verbraucherschlichtungsstelle teilzunehmen.<\/p>\n\n\n\n<h3 class=\"wp-block-heading\">Haftung f\u00fcr Inhalte<\/h3>\n\n\n\n<p>Als Diensteanbieter sind wir gem\u00e4\u00df \u00a7 7 Abs.1 TMG f\u00fcr eigene Inhalte auf diesen Seiten nach den allgemeinen Gesetzen verantwortlich. Nach \u00a7\u00a7 8 bis 10 TMG sind wir als Diensteanbieter jedoch nicht verpflichtet, \u00fcbermittelte oder gespeicherte fremde Informationen zu \u00fcberwachen oder nach Umst\u00e4nden zu forschen, die auf eine rechtswidrige T\u00e4tigkeit hinweisen.<\/p>\n\n\n\n<p>Verpflichtungen zur Entfernung oder Sperrung der Nutzung von Informationen nach den allgemeinen Gesetzen bleiben hiervon unber\u00fchrt. Eine diesbez\u00fcgliche Haftung ist jedoch erst ab dem Zeitpunkt der Kenntnis einer konkreten Rechtsverletzung m\u00f6glich. Bei Bekanntwerden von entsprechenden Rechtsverletzungen werden wir diese Inhalte umgehend entfernen.<\/p>\n\n\n\n<h3 class=\"wp-block-heading\">Haftung f\u00fcr Links<\/h3>\n\n\n\n<p>Unser Angebot enth\u00e4lt Links zu externen Websites Dritter, auf deren Inhalte wir keinen Einfluss haben. Deshalb k\u00f6nnen wir f\u00fcr diese fremden Inhalte auch keine Gew\u00e4hr \u00fcbernehmen. F\u00fcr die Inhalte der verlinkten Seiten ist stets der jeweilige Anbieter oder Betreiber der Seiten verantwortlich. Die verlinkten Seiten wurden zum Zeitpunkt der Verlinkung auf m\u00f6gliche Rechtsverst\u00f6\u00dfe \u00fcberpr\u00fcft. Rechtswidrige Inhalte waren zum Zeitpunkt der Verlinkung nicht erkennbar.<\/p>\n\n\n\n<p>Eine permanente inhaltliche Kontrolle der verlinkten Seiten ist jedoch ohne konkrete Anhaltspunkte einer Rechtsverletzung nicht zumutbar. Bei Bekanntwerden von Rechtsverletzungen werden wir derartige Links umgehend entfernen.<\/p>\n\n\n\n<h3 class=\"wp-block-heading\">Urheberrecht<\/h3>\n\n\n\n<p>Die durch die Seitenbetreiber erstellten Inhalte und Werke auf diesen Seiten unterliegen dem deutschen Urheberrecht. Die Vervielf\u00e4ltigung, Bearbeitung, Verbreitung und jede Art der Verwertung au\u00dferhalb der Grenzen des Urheberrechtes bed\u00fcrfen der schriftlichen Zustimmung des jeweiligen Autors bzw. Erstellers. Downloads und Kopien dieser Seite sind nur f\u00fcr den privaten, nicht kommerziellen Gebrauch gestattet.<\/p>\n\n\n\n<p>Soweit die Inhalte auf dieser Seite nicht vom Betreiber erstellt wurden, werden die Urheberrechte Dritter beachtet. Insbesondere werden Inhalte Dritter als solche gekennzeichnet. Sollten Sie trotzdem auf eine Urheberrechtsverletzung aufmerksam werden, bitten wir um einen entsprechenden Hinweis. Bei Bekanntwerden von Rechtsverletzungen werden wir derartige Inhalte umgehend entfernen.<\/p>\n\n\n\n<p>Quelle: <a href=\"https:\/\/www.e-recht24.de\">eRecht24<\/a><\/p>\n\n\n\n<h3 class=\"wp-block-heading\">Bildnachweis<\/h3>\n\n\n\n<p>Die verwendeten Bilder wurden vom Auftraggeber zur Verf\u00fcgung gestellt. Zus\u00e4tzlich verwendetes Bildmaterial:<\/p>\n\n\n\n<p>RFBSIP (158928583) &#8211; <a rel=\"noreferrer noopener\" href=\"https:\/\/stock.adobe.com\/de\/\" target=\"_blank\">Adobe Stock<\/a><br>Art_Photo (335456733) &#8211; <a rel=\"noreferrer noopener\" href=\"https:\/\/stock.adobe.com\/de\/\" target=\"_blank\">Adobe Stock<\/a><br>angellodeco (211045328) &#8211;  <a href=\"https:\/\/stock.adobe.com\/de\/\">Adobe Stock<\/a><br>netrun78 (354429749) &#8211; <a rel=\"noreferrer noopener\" href=\"https:\/\/stock.adobe.com\/de\/\" target=\"_blank\">Adobe Stock <\/a><br>Dragon Images (222279831) &#8211; <a rel=\"noreferrer noopener\" href=\"https:\/\/stock.adobe.com\/de\/\" target=\"_blank\">Adobe Stock<\/a><br>bit24 (307984466) &#8211; <a rel=\"noreferrer noopener\" href=\"https:\/\/stock.adobe.com\/de\/\" target=\"_blank\">Adobe Stock<\/a><br>Microgen (314120171) &#8211; <a rel=\"noreferrer noopener\" href=\"https:\/\/stock.adobe.com\/de\/\" target=\"_blank\">Adobe Stock<\/a><br>Rido (332969670) &#8211; <a rel=\"noreferrer noopener\" href=\"https:\/\/stock.adobe.com\/de\/\" target=\"_blank\">Adobe Stock<\/a><br>Coolpicture (377071086) &#8211; <a rel=\"noreferrer noopener\" href=\"https:\/\/stock.adobe.com\/de\/\" target=\"_blank\">Adobe Stock<\/a><br>New Africa (365031588) &#8211; <a rel=\"noreferrer noopener\" href=\"https:\/\/stock.adobe.com\/de\/\" target=\"_blank\">Adobe Stock<\/a><br>lisegagne (117148571) &#8211; <a rel=\"noreferrer noopener\" href=\"https:\/\/www.istockphoto.com\/de\" target=\"_blank\">iStock<\/a><br>Photographee.eu (174681660) &#8211; <a rel=\"noreferrer noopener\" href=\"https:\/\/stock.adobe.com\/de\/\" target=\"_blank\">Adobe Stock<\/a><br>Krakenimages.com (201498454) &#8211; <a rel=\"noreferrer noopener\" href=\"https:\/\/stock.adobe.com\/de\/\" target=\"_blank\">Adobe Stock<\/a><br>Microgen (227090967) &#8211; <a rel=\"noreferrer noopener\" href=\"https:\/\/stock.adobe.com\/de\/\" target=\"_blank\">Adobe Stock<\/a><br>surachat (175551575) &#8211; <a rel=\"noreferrer noopener\" href=\"https:\/\/stock.adobe.com\/de\/\" target=\"_blank\">Adobe Stock<\/a><br><\/p>\n\n\n\n<h3 class=\"wp-block-heading\">Konzeption, Gestaltung und technische Umsetzung<\/h3>\n\n\n\n<p> <a href=\"https:\/\/denkanross.de\/\">Denkanro\u00df Lebensstil Kommunikation GmbH<\/a><\/p>\n","protected":false},"excerpt":{"rendered":"<p>Impressum Angaben gem\u00e4\u00df \u00a7 5 TMG Arcadia Praxisklinik GmbHIm Kurpark 134308 Bad Emstal Handelsregister: HRB 17169Registergericht: Amtsgericht Kassel Gesch\u00e4ftsf\u00fchrer:Dr. med.&hellip;<\/p>\n","protected":false},"author":1,"featured_media":0,"parent":0,"menu_order":0,"comment_status":"closed","ping_status":"closed","template":"","meta":{"_acf_changed":false,"footnotes":""},"class_list":["post-46","page","type-page","status-publish","hentry"],"acf":[],"yoast_head":"<!-- This site is optimized with the Yoast SEO plugin v26.8 - https:\/\/yoast.com\/product\/yoast-seo-wordpress\/ -->\n<title>Impressum - Arcadia Praxisklinik<\/title>\n<meta name=\"robots\" content=\"index, follow, max-snippet:-1, max-image-preview:large, max-video-preview:-1\" \/>\n<link rel=\"canonical\" href=\"https:\/\/www.arcadia-praxisklinik.de\/de\/impressum\/\" \/>\n<meta property=\"og:locale\" content=\"de_DE\" \/>\n<meta property=\"og:type\" content=\"article\" \/>\n<meta property=\"og:title\" content=\"Impressum - Arcadia Praxisklinik\" \/>\n<meta property=\"og:description\" content=\"Impressum Angaben gem\u00e4\u00df \u00a7 5 TMG Arcadia Praxisklinik GmbHIm Kurpark 134308 Bad Emstal Handelsregister: HRB 17169Registergericht: Amtsgericht Kassel Gesch\u00e4ftsf\u00fchrer:Dr. med.&hellip;\" \/>\n<meta property=\"og:url\" content=\"https:\/\/www.arcadia-praxisklinik.de\/de\/impressum\/\" \/>\n<meta property=\"og:site_name\" content=\"Arcadia Praxisklinik\" \/>\n<meta property=\"article:modified_time\" content=\"2021-07-26T13:53:12+00:00\" \/>\n<meta name=\"twitter:card\" content=\"summary_large_image\" \/>\n<script type=\"application\/ld+json\" class=\"yoast-schema-graph\">{\"@context\":\"https:\/\/schema.org\",\"@graph\":[{\"@type\":\"WebPage\",\"@id\":\"https:\/\/www.arcadia-praxisklinik.de\/de\/impressum\/\",\"url\":\"https:\/\/www.arcadia-praxisklinik.de\/de\/impressum\/\",\"name\":\"Impressum - Arcadia Praxisklinik\",\"isPartOf\":{\"@id\":\"https:\/\/www.arcadia-praxisklinik.de\/de\/#website\"},\"datePublished\":\"2020-08-05T09:46:04+00:00\",\"dateModified\":\"2021-07-26T13:53:12+00:00\",\"breadcrumb\":{\"@id\":\"https:\/\/www.arcadia-praxisklinik.de\/de\/impressum\/#breadcrumb\"},\"inLanguage\":\"de\",\"potentialAction\":[{\"@type\":\"ReadAction\",\"target\":[\"https:\/\/www.arcadia-praxisklinik.de\/de\/impressum\/\"]}]},{\"@type\":\"BreadcrumbList\",\"@id\":\"https:\/\/www.arcadia-praxisklinik.de\/de\/impressum\/#breadcrumb\",\"itemListElement\":[{\"@type\":\"ListItem\",\"position\":1,\"name\":\"Startseite\",\"item\":\"https:\/\/www.arcadia-praxisklinik.de\/de\/\"},{\"@type\":\"ListItem\",\"position\":2,\"name\":\"Impressum\"}]},{\"@type\":\"WebSite\",\"@id\":\"https:\/\/www.arcadia-praxisklinik.de\/de\/#website\",\"url\":\"https:\/\/www.arcadia-praxisklinik.de\/de\/\",\"name\":\"Arcadia Praxisklinik\",\"description\":\"Zentrum f\u00fcr integrative Medizin und Krebstherapie in Bad Emstal\",\"potentialAction\":[{\"@type\":\"SearchAction\",\"target\":{\"@type\":\"EntryPoint\",\"urlTemplate\":\"https:\/\/www.arcadia-praxisklinik.de\/de\/?s={search_term_string}\"},\"query-input\":{\"@type\":\"PropertyValueSpecification\",\"valueRequired\":true,\"valueName\":\"search_term_string\"}}],\"inLanguage\":\"de\"}]}<\/script>\n<!-- \/ Yoast SEO plugin. -->","yoast_head_json":{"title":"Impressum - Arcadia Praxisklinik","robots":{"index":"index","follow":"follow","max-snippet":"max-snippet:-1","max-image-preview":"max-image-preview:large","max-video-preview":"max-video-preview:-1"},"canonical":"https:\/\/www.arcadia-praxisklinik.de\/de\/impressum\/","og_locale":"de_DE","og_type":"article","og_title":"Impressum - Arcadia Praxisklinik","og_description":"Impressum Angaben gem\u00e4\u00df \u00a7 5 TMG Arcadia Praxisklinik GmbHIm Kurpark 134308 Bad Emstal Handelsregister: HRB 17169Registergericht: Amtsgericht Kassel Gesch\u00e4ftsf\u00fchrer:Dr. med.&hellip;","og_url":"https:\/\/www.arcadia-praxisklinik.de\/de\/impressum\/","og_site_name":"Arcadia Praxisklinik","article_modified_time":"2021-07-26T13:53:12+00:00","twitter_card":"summary_large_image","schema":{"@context":"https:\/\/schema.org","@graph":[{"@type":"WebPage","@id":"https:\/\/www.arcadia-praxisklinik.de\/de\/impressum\/","url":"https:\/\/www.arcadia-praxisklinik.de\/de\/impressum\/","name":"Impressum - Arcadia Praxisklinik","isPartOf":{"@id":"https:\/\/www.arcadia-praxisklinik.de\/de\/#website"},"datePublished":"2020-08-05T09:46:04+00:00","dateModified":"2021-07-26T13:53:12+00:00","breadcrumb":{"@id":"https:\/\/www.arcadia-praxisklinik.de\/de\/impressum\/#breadcrumb"},"inLanguage":"de","potentialAction":[{"@type":"ReadAction","target":["https:\/\/www.arcadia-praxisklinik.de\/de\/impressum\/"]}]},{"@type":"BreadcrumbList","@id":"https:\/\/www.arcadia-praxisklinik.de\/de\/impressum\/#breadcrumb","itemListElement":[{"@type":"ListItem","position":1,"name":"Startseite","item":"https:\/\/www.arcadia-praxisklinik.de\/de\/"},{"@type":"ListItem","position":2,"name":"Impressum"}]},{"@type":"WebSite","@id":"https:\/\/www.arcadia-praxisklinik.de\/de\/#website","url":"https:\/\/www.arcadia-praxisklinik.de\/de\/","name":"Arcadia Praxisklinik","description":"Zentrum f\u00fcr integrative Medizin und Krebstherapie in Bad Emstal","potentialAction":[{"@type":"SearchAction","target":{"@type":"EntryPoint","urlTemplate":"https:\/\/www.arcadia-praxisklinik.de\/de\/?s={search_term_string}"},"query-input":{"@type":"PropertyValueSpecification","valueRequired":true,"valueName":"search_term_string"}}],"inLanguage":"de"}]}},"_links":{"self":[{"href":"https:\/\/www.arcadia-praxisklinik.de\/de\/wp-json\/wp\/v2\/pages\/46","targetHints":{"allow":["GET"]}}],"collection":[{"href":"https:\/\/www.arcadia-praxisklinik.de\/de\/wp-json\/wp\/v2\/pages"}],"about":[{"href":"https:\/\/www.arcadia-praxisklinik.de\/de\/wp-json\/wp\/v2\/types\/page"}],"author":[{"embeddable":true,"href":"https:\/\/www.arcadia-praxisklinik.de\/de\/wp-json\/wp\/v2\/users\/1"}],"replies":[{"embeddable":true,"href":"https:\/\/www.arcadia-praxisklinik.de\/de\/wp-json\/wp\/v2\/comments?post=46"}],"version-history":[{"count":12,"href":"https:\/\/www.arcadia-praxisklinik.de\/de\/wp-json\/wp\/v2\/pages\/46\/revisions"}],"predecessor-version":[{"id":2596,"href":"https:\/\/www.arcadia-praxisklinik.de\/de\/wp-json\/wp\/v2\/pages\/46\/revisions\/2596"}],"wp:attachment":[{"href":"https:\/\/www.arcadia-praxisklinik.de\/de\/wp-json\/wp\/v2\/media?parent=46"}],"curies":[{"name":"wp","href":"https:\/\/api.w.org\/{rel}","templated":true}]}}