{"id":83,"date":"2020-08-06T09:34:15","date_gmt":"2020-08-06T07:34:15","guid":{"rendered":"http:\/\/arcadia.denkanross.de\/?page_id=83"},"modified":"2023-05-17T12:34:23","modified_gmt":"2023-05-17T10:34:23","slug":"hyperthermie","status":"publish","type":"page","link":"https:\/\/www.arcadia-praxisklinik.de\/de\/krebs-therapie\/hyperthermie\/","title":{"rendered":"Hyperthermie"},"content":{"rendered":"\n<div class=\"wp-block-group\"><div class=\"wp-block-group__inner-container is-layout-flow wp-block-group-is-layout-flow\">\n<h2 class=\"has-text-align-center wp-block-heading\">Hyperthermie f\u00fcr die Krebsbehandlung<\/h2>\n\n\n\n<p class=\"has-text-align-center\">Die Hyperthermie \u2013 eine medizinische Behandlung mit gezielter, kontrollierter \u00dcberw\u00e4rmung \u2013 kann bei der <a href=\"https:\/\/www.arcadia-praxisklinik.de\/de\/integrative-krebs-behandlung\/\">Behandlung von Krebs<\/a> und anderen <a href=\"https:\/\/www.arcadia-praxisklinik.de\/de\/integrative-krebs-behandlung\/chronische-erkrankungen\/\">chronischen Erkrankungen<\/a> gewinnbringend eingesetzt werden. Die Hyperthermie wird f\u00fcr die Krebsbehandlung immer mit anderen Behandlungen wie <a href=\"https:\/\/www.arcadia-praxisklinik.de\/de\/krebs-therapie\/biologische-infusionstherapie\/\">Infusionen<\/a> oder der Sauerstofftherapie kombiniert.<\/p>\n\n\n\n<p class=\"has-text-align-center\"><br>Das Wissen \u00fcber die gesundheitsf\u00f6rdernde Wirkung des Fiebers ist nicht neu und bereits aus dem Altertum bekannt. Erst durch die wissenschaftliche Erforschung von Physiologie und Immunsystem in der Neuzeit findet sie immer mehr Best\u00e4tigung in der medizinischen Praxis. Seit mehr als 15 Jahren behandeln wir Krebs in der Arcadia Praxisklinik mit Hyperthermie. <a href=\"https:\/\/www.arcadia-praxisklinik.de\/arcadia-praxis-klinik\/\" data-type=\"page\" data-id=\"36\">Unsere Patienten sind dankbar<\/a> \u00fcber die Behandlungs-Ergebnisse, die sie dadurch erleben.<\/p>\n<\/div><\/div>\n\n\n\n<div class=\"wp-block-group alignfull has-gray-background-color has-background\"><div class=\"wp-block-group__inner-container is-layout-flow wp-block-group-is-layout-flow\">\n<div class=\"wp-block-columns are-vertically-aligned-top is-layout-flex wp-container-core-columns-is-layout-9d6595d7 wp-block-columns-is-layout-flex\">\n<div class=\"wp-block-column is-vertically-aligned-top is-layout-flow wp-block-column-is-layout-flow\">\n<h3 class=\"wp-block-heading\">Hyperthermie: Mit W\u00e4rme und Technik gegen den Krebs<\/h3>\n\n\n\n<figure class=\"wp-block-image size-large\"><img loading=\"lazy\" decoding=\"async\" width=\"960\" height=\"540\" src=\"https:\/\/www.arcadia-praxisklinik.de\/wp-content\/uploads\/2023\/05\/Anja-3.jpg\" alt=\"\" class=\"wp-image-3038\" srcset=\"https:\/\/www.arcadia-praxisklinik.de\/wp-content\/uploads\/2023\/05\/Anja-3.jpg 960w, https:\/\/www.arcadia-praxisklinik.de\/wp-content\/uploads\/2023\/05\/Anja-3-300x169.jpg 300w, https:\/\/www.arcadia-praxisklinik.de\/wp-content\/uploads\/2023\/05\/Anja-3-768x432.jpg 768w\" sizes=\"auto, (max-width: 960px) 100vw, 960px\" \/><\/figure>\n<\/div>\n\n\n\n<div class=\"wp-block-column is-vertically-aligned-top is-layout-flow wp-block-column-is-layout-flow\">\n<p>Nat\u00fcrliches Fieber ist nie die Ursache einer Erkrankung: Es ist die gesunde Reaktion des K\u00f6rpers, um eine Krankheit von \u201einnen\u201c durch die Kraft des Immunsystems zu heilen. Durch das gezielte, kontrollierte Ausl\u00f6sen von \u00dcberw\u00e4rmung helfen wir dem Organismus seine Selbstheilungskr\u00e4fte zu aktivieren und damit das Gesundheitsgleichgewicht wieder zu erreichen. Modernste technische Ausstattung zur Hyperthermie-Behandlung steht uns daf\u00fcr in der Arcadia Praxisklinik zur Verf\u00fcgung.<\/p>\n\n\n\n<p><\/p>\n<\/div>\n<\/div>\n<\/div><\/div>\n\n\n\n<div class=\"wp-block-group\"><div class=\"wp-block-group__inner-container is-layout-flow wp-block-group-is-layout-flow\">\n<div class=\"wp-block-columns are-vertically-aligned-top is-layout-flex wp-container-core-columns-is-layout-9d6595d7 wp-block-columns-is-layout-flex\">\n<div class=\"wp-block-column is-vertically-aligned-top is-layout-flow wp-block-column-is-layout-flow\">\n<h3 class=\"wp-block-heading\">Weltweit etabliert: Die Hyperthermie-Behandlung bei Krebs<\/h3>\n\n\n\n<figure class=\"wp-block-image size-full\"><img loading=\"lazy\" decoding=\"async\" width=\"550\" height=\"309\" src=\"https:\/\/www.arcadia-praxisklinik.de\/wp-content\/uploads\/2020\/10\/HY-DEEP-600_550x309.jpg\" alt=\"\" class=\"wp-image-1085\" srcset=\"https:\/\/www.arcadia-praxisklinik.de\/wp-content\/uploads\/2020\/10\/HY-DEEP-600_550x309.jpg 550w, https:\/\/www.arcadia-praxisklinik.de\/wp-content\/uploads\/2020\/10\/HY-DEEP-600_550x309-300x169.jpg 300w\" sizes=\"auto, (max-width: 550px) 100vw, 550px\" \/><\/figure>\n<\/div>\n\n\n\n<div class=\"wp-block-column is-vertically-aligned-top is-layout-flow wp-block-column-is-layout-flow\">\n<p>Die Krebsbehandlung mit Hyperthermie ist in vielen L\u00e4ndern der Welt gut etabliert und wird von f\u00fchrenden Onkologen schon als <strong>vierte S\u00e4ule der Krebstherapie<\/strong> angesehen \u2013 neben der Operation, der Bestrahlung und der Chemotherapie. Daher wenden wir Hyperthermie in der <a href=\"https:\/\/www.arcadia-praxisklinik.de\/de\/arcadia-praxis-klinik\/\">Arcadia Praxisklinik<\/a> individuell in allen m\u00f6glichen Anwendungsformen an.<\/p>\n<\/div>\n<\/div>\n<\/div><\/div>\n\n\n\n<div class=\"wp-block-group alignfull has-gray-background-color has-background\"><div class=\"wp-block-group__inner-container is-layout-flow wp-block-group-is-layout-flow\">\n<h3 class=\"has-text-align-center wp-block-heading\">Hyperthermie: Die Behandlungserfolge sprechen f\u00fcr sich<\/h3>\n\n\n\n<p class=\"has-text-align-center\">Seit dem Altertum medizinisch angewendet, wird die Hyperthermie in der Neuzeit seit mehr als 60 Jahren intensiv erforscht und weiterentwickelt. Besonders wichtig ist, dass inzwischen hunderttausende von Behandlungen mit gut dokumentierten Erfolgen und praktisch ohne Nebenwirkungen durchgef\u00fchrt worden sind. In der Arcadia Praxisklinik behandeln wir bereits seit 2005 unsere Patienten mit verschiedensten Krebserkrankungen schonend und effektiv mit Hyperthermie.<\/p>\n<\/div><\/div>\n\n\n\n<div class=\"wp-block-group\"><div class=\"wp-block-group__inner-container is-layout-flow wp-block-group-is-layout-flow\">\n<h2 class=\"has-text-align-center wp-block-heading\">Hyperthermie-Behandlungen in der Arcadia Praxisklinik<\/h2>\n\n\n\n<p class=\"has-text-align-center\">Bei der Hyperthermie-Behandlung unterscheidet man zwischen der lokalen Hyperthermie mit Radiowellen und der Ganzk\u00f6rper-Hyperthermie mit Infra-Rot Strahlern. Beides bieten wir in der Arcadia Praxisklinik an. Mit modernster technischer Ausstattung k\u00f6nnen wir so dem Krebs wirkungsvoll und sanft zugleich \u201ezu Leibe r\u00fccken\u201c und gleichzeitig das Immunsystem st\u00e4rken.<\/p>\n<\/div><\/div>\n\n\n\n<div class=\"wp-block-group alignfull\"><div class=\"wp-block-group__inner-container is-layout-flow wp-block-group-is-layout-flow\">\n<p><\/p>\n<\/div><\/div>\n\n\n\n<div class=\"wp-block-group alignwide\"><div class=\"wp-block-group__inner-container is-layout-flow wp-block-group-is-layout-flow\">\n<h2 class=\"has-text-align-center wp-block-heading\">Wissenswertes zur Hyperthermie bei Krebs<\/h2>\n\n\n\n<div id=\"content-block-block_5f32f3b5f63b0\" class=\"content-block block-accordion js-accordion alignwide\">\n<div class=\"c-accordion\">\n\t\n\t\n\t\t<div class=\"c-accordion-title\" >\n\t\t\tHilft Hyperthermie auch bei Hautkrebs?\t\t\t<span class=\"toggle\"><\/span>\n\t\t<\/div>\n\t\t<div class=\"c-accordion-content\"><p>Auch bei Hautkrebs kann Hyperthermie zur Wirksamkeitsverst\u00e4rkung medikamentenbasierter Behandlungen effizient angewendet werden.<\/p>\n<p>An der Hautoberfl\u00e4che wird durch Hyperthermie eine \u00dcberhitzung erzeugt, die die Krebszellen sch\u00e4digt und am Wachstum hindert. Verschiedene Hautkrebs-Arten und Pr\u00e4kanzerosen (Vorstufen von Krebs), sowie Hautmetastasen k\u00f6nnen damit, am besten in Kombination mit einem spezifischen Arzneimittel, erfolgreich behandelt werden.<\/p>\n<p>Ein geeigneter Therapieplan mit der ben\u00f6tigten Behandlungsdauer wird nach einer ausf\u00fchrlichen Voruntersuchung von unseren \u00c4rzten erstellt.<\/p>\n<\/div>\n\n\t\n\t\t<div class=\"c-accordion-title\" >\n\t\t\tWie lange dauert die Hyperthermie-Behandlung?\t\t\t<span class=\"toggle\"><\/span>\n\t\t<\/div>\n\t\t<div class=\"c-accordion-content\"><p>In der Regel dauert eine lokale Tiefenhyperthermie-Anwendung eine Stunde. Ein Behandlungszyklus umfasst 10-15 Einzelbehandlungen, mit 2 bis 4 Behandlungen pro Woche. Nur in speziellen Ausnahmen, wie z. B. bei Hirntumoren, beginnt man mit k\u00fcrzeren Behandlungszeiten. Die genaue Anzahl der Behandlungen in einem Zyklus ist abh\u00e4ngig von der individuellen Diagnose und dem pers\u00f6nlichen Therapieplan der Gesamtheit aller \u00fcbrigen Therapien.<\/p>\n<\/div>\n\n\t\n\t\t<div class=\"c-accordion-title\" >\n\t\t\tKann man Hyperthermie mit Chemotherapie und Bestrahlung kombinieren?\t\t\t<span class=\"toggle\"><\/span>\n\t\t<\/div>\n\t\t<div class=\"c-accordion-content\"><p>Unbedingt empfehlenswert ist der Einsatz von Hyperthermie als Erg\u00e4nzung zu einer Chemotherapie und Bestrahlungen. Zahlreiche wissenschaftliche Studien belegen die positiven Effekte von Hyperthermie in Kombination mit den konventionellen Krebstherapien.<\/p>\n<p>Durch die \u00dcberw\u00e4rmung kommt es zu einer besseren Durchblutung, so dass die Medikamente besser aufgenommen werden k\u00f6nnen. Der Synergieeffekt von Hyperthermie und Cisplatin, einem h\u00e4ufig verwendeten Chemotherapeutikum, kann z. B. um ein Vielfaches h\u00f6her liegen, als bei der alleinigen Behandlung mit Cisplatin bei normalen Temperaturen.<\/p>\n<p>Auch in der Kombination der Hyperthermie mit der klassischen Strahlentherapie zeigen sich positive Effekte \u2013 ganz ohne die Nebenwirkungen der Bestrahlung zu verst\u00e4rken. Krebszellen sind nicht nur \u00e4u\u00dferst hitzeempfindlich, auch werden Sch\u00e4den an der Krebszelle durch die Hitzeeinwirkung schlechter repariert. Auch dieser Effekt ist durch zahlreiche Studien belegt.<\/p>\n<\/div>\n\n\t\n\t\t<div class=\"c-accordion-title\" >\n\t\t\tKann Hyperthermie auch zur Entgiftung eingesetzt werden?\t\t\t<span class=\"toggle\"><\/span>\n\t\t<\/div>\n\t\t<div class=\"c-accordion-content\"><p>Hyperthermie-Behandlungen wirken sich nicht nur vorteilhaft auf das Immunsystem aus. Sie haben einen weiteren positiven &#8222;Nebeneffekt&#8220;: Die \u00dcberhitzung aktiviert den Stoffwechsel und regt somit die Entgiftung \u00fcber die Haut an. Die Durchblutung und Sauerstoffversorgung wird verbessert und dem K\u00f6rper wird somit geholfen, sich von den Giftstoffen zu befreien.<\/p>\n<p>Ausf\u00fchrliche Blutuntersuchungen \u2013 mit speziellen Diagnoseverfahren \u2013 helfen uns in der Arcadia Praxisklinik\u00a0belastenden Toxinen auf die Spur zu kommen und entsprechende Entgiftungsma\u00dfnahmen zu empfehlen.<\/p>\n<\/div>\n\n\t\n\t\t<div class=\"c-accordion-title\" >\n\t\t\tWie wirkt sich Hyperthermie auf das Immunsystem aus?\t\t\t<span class=\"toggle\"><\/span>\n\t\t<\/div>\n\t\t<div class=\"c-accordion-content\"><p>W\u00e4rme stimuliert die k\u00f6rpereigenen Abw\u00e4hrkr\u00e4fte. Nachgewiesen ist, das Hyperthermie sich g\u00fcnstig auf unser Immunsystem auswirkt: Die \u00dcberhitzung l\u00f6st verschiedene positive immunologische Effekte aus. Bereits nach nur einer Behandlung kann man z.B. beobachten, dass die wei\u00dfen Blutk\u00f6rperchen wesentlich aktiver sind. Der Patient merkt diese Ver\u00e4nderungen haupts\u00e4chlich durch eine Verbesserung seines Allgemeinzustandes.<\/p>\n<\/div>\n\n\t\n\t\t<div class=\"c-accordion-title\" >\n\t\t\tWie funktioniert die lokale Tiefenhyperthermie?\t\t\t<span class=\"toggle\"><\/span>\n\t\t<\/div>\n\t\t<div class=\"c-accordion-content\"><p>Bei der lokalen Tiefenhyperthermie wird das vom Krebs befallene Gebiet eines Organs auf Temperaturen bis zu 43\u00b0 C erhitzt. Die Krebszellen werden dabei elektromagnetischen Wellen mit einer Frequenz von 13,5 Megahertz ausgesetzt. Die hitzeempfindlichen Krebszellen reagieren st\u00e4rker auf die \u00dcberw\u00e4rmung als die gesunden Zellen, die kaum durch Einwirkung dieser Frequenz beeintr\u00e4chtigt werden. In Krebszellen kommt es nach einiger Zeit der Einwirkung der \u00dcberw\u00e4rmung zum \u201eprogrammierten Zelltod\u201c, auch Apoptose genannt. Gesunde Zellen werden dabei nicht gesch\u00e4digt, da sie sich bei dieser Frequenz nur geringf\u00fcgig erw\u00e4rmen.<\/p>\n<p>Die lokale Tiefenhyperthermie kann als einzelne Behandlungsform oder in Kombination mit Strahlen- und\/oder Chemotherapie durchgef\u00fchrt werden. F\u00fcr die Kombination mit traditionellen Behandlungsformen, wie Strahlen- oder Chemotherapie, liegen zahlreiche wissenschaftliche Studien vor.<\/p>\n<\/div>\n\n\t\n\t<\/div>\n<\/div>\n<\/div><\/div>\n\n\n\n<div class=\"wp-block-group alignfull has-blue-background-color has-background\"><div class=\"wp-block-group__inner-container is-layout-flow wp-block-group-is-layout-flow\">\n<div class=\"wp-block-columns alignwide is-style-linkteaser cols-3 is-layout-flex wp-container-core-columns-is-layout-9d6595d7 wp-block-columns-is-layout-flex\">\n<div class=\"wp-block-column is-layout-flow wp-block-column-is-layout-flow\">\n<h3 class=\"has-white-color has-text-color wp-block-heading\">Sie m\u00f6chten eine Beratung vereinbaren?<\/h3>\n\n\n\n<p>Nutzen Sie unser Kontaktformular und vereinbaren Sie einen Termin.<\/p>\n\n\n\n<div class=\"wp-block-buttons aligncenter has-text-align-center is-layout-flex wp-block-buttons-is-layout-flex\">\n<div class=\"wp-block-button is-style-white\"><a class=\"wp-block-button__link\" href=\"https:\/\/www.arcadia-praxisklinik.de\/kontakt\/\">Nehmen Sie Kontakt auf<\/a><\/div>\n<\/div>\n<\/div>\n\n\n\n<div class=\"wp-block-column is-layout-flow wp-block-column-is-layout-flow\">\n<h3 class=\"has-white-color has-text-color wp-block-heading\">Erweiterte Diagnose-Verfahren<\/h3>\n\n\n\n<p>Jede Therapieempfehlung setzt eine ausf\u00fchrliche Diagnose der Krebserkrankung voraus.<\/p>\n\n\n\n<div class=\"wp-block-buttons aligncenter has-text-align-center is-layout-flex wp-block-buttons-is-layout-flex\">\n<div class=\"wp-block-button is-style-white\"><a class=\"wp-block-button__link\" href=\"https:\/\/www.arcadia-praxisklinik.de\/integrative-krebs-behandlung\/diagnose\/\">Unsere Diagnoseverfahren<\/a><\/div>\n<\/div>\n<\/div>\n\n\n\n<div class=\"wp-block-column is-layout-flow wp-block-column-is-layout-flow\">\n<h3 class=\"has-white-color has-text-color wp-block-heading\">Unsere Patienten-Erfahrungen<\/h3>\n\n\n\n<p>Erfahren Sie, was unsere Patienten \u00fcber ihre Krebsbehandlung bei Arcadia erz\u00e4hlen.<\/p>\n\n\n\n<div class=\"wp-block-buttons has-text-align-center is-layout-flex wp-block-buttons-is-layout-flex\">\n<div class=\"wp-block-button is-style-white\"><a class=\"wp-block-button__link\" href=\"https:\/\/www.arcadia-praxisklinik.de\/arcadia-praxis-klinik\/\">Unsere Patienten<\/a><\/div>\n<\/div>\n<\/div>\n<\/div>\n\n\n\n<p><\/p>\n<\/div><\/div>\n\n\n\n<p><\/p>\n","protected":false},"excerpt":{"rendered":"<p>Hyperthermie f\u00fcr die Krebsbehandlung Die Hyperthermie \u2013 eine medizinische Behandlung mit gezielter, kontrollierter \u00dcberw\u00e4rmung \u2013 kann bei der Behandlung von&hellip;<\/p>\n","protected":false},"author":2,"featured_media":0,"parent":40,"menu_order":0,"comment_status":"closed","ping_status":"closed","template":"","meta":{"_acf_changed":false,"footnotes":""},"class_list":["post-83","page","type-page","status-publish","hentry"],"acf":[],"yoast_head":"<!-- This site is optimized with the Yoast SEO plugin v26.8 - https:\/\/yoast.com\/product\/yoast-seo-wordpress\/ -->\n<title>Durch Hyperthermie mit W\u00e4rme Krebs behandeln<\/title>\n<meta name=\"description\" content=\"Gezielte, kontrollierbare \u00dcberw\u00e4rmung zur Behandlung von Krebs und anderen chronischen Erkrankung. Mehr als 15 Jahre Erfahrung.\" \/>\n<meta name=\"robots\" content=\"index, follow, max-snippet:-1, max-image-preview:large, max-video-preview:-1\" \/>\n<link rel=\"canonical\" href=\"https:\/\/www.arcadia-praxisklinik.de\/de\/krebs-therapie\/hyperthermie\/\" \/>\n<meta property=\"og:locale\" content=\"de_DE\" \/>\n<meta property=\"og:type\" content=\"article\" \/>\n<meta property=\"og:title\" content=\"Durch Hyperthermie mit W\u00e4rme Krebs behandeln\" \/>\n<meta property=\"og:description\" content=\"Gezielte, kontrollierbare \u00dcberw\u00e4rmung zur Behandlung von Krebs und anderen chronischen Erkrankung. Mehr als 15 Jahre Erfahrung.\" \/>\n<meta property=\"og:url\" content=\"https:\/\/www.arcadia-praxisklinik.de\/de\/krebs-therapie\/hyperthermie\/\" \/>\n<meta property=\"og:site_name\" content=\"Arcadia Praxisklinik\" \/>\n<meta property=\"article:modified_time\" content=\"2023-05-17T10:34:23+00:00\" \/>\n<meta property=\"og:image\" content=\"https:\/\/www.arcadia-praxisklinik.de\/wp-content\/uploads\/2023\/05\/Anja-3.jpg\" \/>\n<meta name=\"twitter:card\" content=\"summary_large_image\" \/>\n<script type=\"application\/ld+json\" class=\"yoast-schema-graph\">{\"@context\":\"https:\/\/schema.org\",\"@graph\":[{\"@type\":\"WebPage\",\"@id\":\"https:\/\/www.arcadia-praxisklinik.de\/de\/krebs-therapie\/hyperthermie\/\",\"url\":\"https:\/\/www.arcadia-praxisklinik.de\/de\/krebs-therapie\/hyperthermie\/\",\"name\":\"Durch Hyperthermie mit W\u00e4rme Krebs behandeln\",\"isPartOf\":{\"@id\":\"https:\/\/www.arcadia-praxisklinik.de\/de\/#website\"},\"primaryImageOfPage\":{\"@id\":\"https:\/\/www.arcadia-praxisklinik.de\/de\/krebs-therapie\/hyperthermie\/#primaryimage\"},\"image\":{\"@id\":\"https:\/\/www.arcadia-praxisklinik.de\/de\/krebs-therapie\/hyperthermie\/#primaryimage\"},\"thumbnailUrl\":\"https:\/\/www.arcadia-praxisklinik.de\/wp-content\/uploads\/2023\/05\/Anja-3.jpg\",\"datePublished\":\"2020-08-06T07:34:15+00:00\",\"dateModified\":\"2023-05-17T10:34:23+00:00\",\"description\":\"Gezielte, kontrollierbare \u00dcberw\u00e4rmung zur Behandlung von Krebs und anderen chronischen Erkrankung. Mehr als 15 Jahre Erfahrung.\",\"breadcrumb\":{\"@id\":\"https:\/\/www.arcadia-praxisklinik.de\/de\/krebs-therapie\/hyperthermie\/#breadcrumb\"},\"inLanguage\":\"de\",\"potentialAction\":[{\"@type\":\"ReadAction\",\"target\":[\"https:\/\/www.arcadia-praxisklinik.de\/de\/krebs-therapie\/hyperthermie\/\"]}]},{\"@type\":\"ImageObject\",\"inLanguage\":\"de\",\"@id\":\"https:\/\/www.arcadia-praxisklinik.de\/de\/krebs-therapie\/hyperthermie\/#primaryimage\",\"url\":\"https:\/\/www.arcadia-praxisklinik.de\/wp-content\/uploads\/2023\/05\/Anja-3.jpg\",\"contentUrl\":\"https:\/\/www.arcadia-praxisklinik.de\/wp-content\/uploads\/2023\/05\/Anja-3.jpg\"},{\"@type\":\"BreadcrumbList\",\"@id\":\"https:\/\/www.arcadia-praxisklinik.de\/de\/krebs-therapie\/hyperthermie\/#breadcrumb\",\"itemListElement\":[{\"@type\":\"ListItem\",\"position\":1,\"name\":\"Startseite\",\"item\":\"https:\/\/www.arcadia-praxisklinik.de\/de\/\"},{\"@type\":\"ListItem\",\"position\":2,\"name\":\"Krebstherapie\",\"item\":\"https:\/\/www.arcadia-praxisklinik.de\/de\/krebs-therapie\/\"},{\"@type\":\"ListItem\",\"position\":3,\"name\":\"Hyperthermie\"}]},{\"@type\":\"WebSite\",\"@id\":\"https:\/\/www.arcadia-praxisklinik.de\/de\/#website\",\"url\":\"https:\/\/www.arcadia-praxisklinik.de\/de\/\",\"name\":\"Arcadia Praxisklinik\",\"description\":\"Zentrum f\u00fcr integrative Medizin und Krebstherapie in Bad Emstal\",\"potentialAction\":[{\"@type\":\"SearchAction\",\"target\":{\"@type\":\"EntryPoint\",\"urlTemplate\":\"https:\/\/www.arcadia-praxisklinik.de\/de\/?s={search_term_string}\"},\"query-input\":{\"@type\":\"PropertyValueSpecification\",\"valueRequired\":true,\"valueName\":\"search_term_string\"}}],\"inLanguage\":\"de\"}]}<\/script>\n<!-- \/ Yoast SEO plugin. -->","yoast_head_json":{"title":"Durch Hyperthermie mit W\u00e4rme Krebs behandeln","description":"Gezielte, kontrollierbare \u00dcberw\u00e4rmung zur Behandlung von Krebs und anderen chronischen Erkrankung. Mehr als 15 Jahre Erfahrung.","robots":{"index":"index","follow":"follow","max-snippet":"max-snippet:-1","max-image-preview":"max-image-preview:large","max-video-preview":"max-video-preview:-1"},"canonical":"https:\/\/www.arcadia-praxisklinik.de\/de\/krebs-therapie\/hyperthermie\/","og_locale":"de_DE","og_type":"article","og_title":"Durch Hyperthermie mit W\u00e4rme Krebs behandeln","og_description":"Gezielte, kontrollierbare \u00dcberw\u00e4rmung zur Behandlung von Krebs und anderen chronischen Erkrankung. Mehr als 15 Jahre Erfahrung.","og_url":"https:\/\/www.arcadia-praxisklinik.de\/de\/krebs-therapie\/hyperthermie\/","og_site_name":"Arcadia Praxisklinik","article_modified_time":"2023-05-17T10:34:23+00:00","og_image":[{"url":"https:\/\/www.arcadia-praxisklinik.de\/wp-content\/uploads\/2023\/05\/Anja-3.jpg","type":"","width":"","height":""}],"twitter_card":"summary_large_image","schema":{"@context":"https:\/\/schema.org","@graph":[{"@type":"WebPage","@id":"https:\/\/www.arcadia-praxisklinik.de\/de\/krebs-therapie\/hyperthermie\/","url":"https:\/\/www.arcadia-praxisklinik.de\/de\/krebs-therapie\/hyperthermie\/","name":"Durch Hyperthermie mit W\u00e4rme Krebs behandeln","isPartOf":{"@id":"https:\/\/www.arcadia-praxisklinik.de\/de\/#website"},"primaryImageOfPage":{"@id":"https:\/\/www.arcadia-praxisklinik.de\/de\/krebs-therapie\/hyperthermie\/#primaryimage"},"image":{"@id":"https:\/\/www.arcadia-praxisklinik.de\/de\/krebs-therapie\/hyperthermie\/#primaryimage"},"thumbnailUrl":"https:\/\/www.arcadia-praxisklinik.de\/wp-content\/uploads\/2023\/05\/Anja-3.jpg","datePublished":"2020-08-06T07:34:15+00:00","dateModified":"2023-05-17T10:34:23+00:00","description":"Gezielte, kontrollierbare \u00dcberw\u00e4rmung zur Behandlung von Krebs und anderen chronischen Erkrankung. Mehr als 15 Jahre Erfahrung.","breadcrumb":{"@id":"https:\/\/www.arcadia-praxisklinik.de\/de\/krebs-therapie\/hyperthermie\/#breadcrumb"},"inLanguage":"de","potentialAction":[{"@type":"ReadAction","target":["https:\/\/www.arcadia-praxisklinik.de\/de\/krebs-therapie\/hyperthermie\/"]}]},{"@type":"ImageObject","inLanguage":"de","@id":"https:\/\/www.arcadia-praxisklinik.de\/de\/krebs-therapie\/hyperthermie\/#primaryimage","url":"https:\/\/www.arcadia-praxisklinik.de\/wp-content\/uploads\/2023\/05\/Anja-3.jpg","contentUrl":"https:\/\/www.arcadia-praxisklinik.de\/wp-content\/uploads\/2023\/05\/Anja-3.jpg"},{"@type":"BreadcrumbList","@id":"https:\/\/www.arcadia-praxisklinik.de\/de\/krebs-therapie\/hyperthermie\/#breadcrumb","itemListElement":[{"@type":"ListItem","position":1,"name":"Startseite","item":"https:\/\/www.arcadia-praxisklinik.de\/de\/"},{"@type":"ListItem","position":2,"name":"Krebstherapie","item":"https:\/\/www.arcadia-praxisklinik.de\/de\/krebs-therapie\/"},{"@type":"ListItem","position":3,"name":"Hyperthermie"}]},{"@type":"WebSite","@id":"https:\/\/www.arcadia-praxisklinik.de\/de\/#website","url":"https:\/\/www.arcadia-praxisklinik.de\/de\/","name":"Arcadia Praxisklinik","description":"Zentrum f\u00fcr integrative Medizin und Krebstherapie in Bad Emstal","potentialAction":[{"@type":"SearchAction","target":{"@type":"EntryPoint","urlTemplate":"https:\/\/www.arcadia-praxisklinik.de\/de\/?s={search_term_string}"},"query-input":{"@type":"PropertyValueSpecification","valueRequired":true,"valueName":"search_term_string"}}],"inLanguage":"de"}]}},"_links":{"self":[{"href":"https:\/\/www.arcadia-praxisklinik.de\/de\/wp-json\/wp\/v2\/pages\/83","targetHints":{"allow":["GET"]}}],"collection":[{"href":"https:\/\/www.arcadia-praxisklinik.de\/de\/wp-json\/wp\/v2\/pages"}],"about":[{"href":"https:\/\/www.arcadia-praxisklinik.de\/de\/wp-json\/wp\/v2\/types\/page"}],"author":[{"embeddable":true,"href":"https:\/\/www.arcadia-praxisklinik.de\/de\/wp-json\/wp\/v2\/users\/2"}],"replies":[{"embeddable":true,"href":"https:\/\/www.arcadia-praxisklinik.de\/de\/wp-json\/wp\/v2\/comments?post=83"}],"version-history":[{"count":51,"href":"https:\/\/www.arcadia-praxisklinik.de\/de\/wp-json\/wp\/v2\/pages\/83\/revisions"}],"predecessor-version":[{"id":3044,"href":"https:\/\/www.arcadia-praxisklinik.de\/de\/wp-json\/wp\/v2\/pages\/83\/revisions\/3044"}],"up":[{"embeddable":true,"href":"https:\/\/www.arcadia-praxisklinik.de\/de\/wp-json\/wp\/v2\/pages\/40"}],"wp:attachment":[{"href":"https:\/\/www.arcadia-praxisklinik.de\/de\/wp-json\/wp\/v2\/media?parent=83"}],"curies":[{"name":"wp","href":"https:\/\/api.w.org\/{rel}","templated":true}]}}