{"id":3509,"date":"2025-10-30T10:51:12","date_gmt":"2025-10-30T09:51:12","guid":{"rendered":"https:\/\/www.arcadia-praxisklinik.de\/?page_id=3509"},"modified":"2025-10-30T10:51:12","modified_gmt":"2025-10-30T09:51:12","slug":"mentions-legales","status":"publish","type":"page","link":"https:\/\/www.arcadia-praxisklinik.de\/fr\/mentions-legales\/","title":{"rendered":"Mentions l\u00e9gales"},"content":{"rendered":"\n<div class=\"wp-block-group\"><div class=\"wp-block-group__inner-container is-layout-constrained wp-block-group-is-layout-constrained\">\n<h2 class=\"wp-block-heading\">Informations conform\u00e9ment au \u00a7 5 de la loi allemande sur les t\u00e9l\u00e9m\u00e9dias (TMG)<\/h2>\n\n\n\n<p>Arcadia Praxisklinik GmbH<br>Im Kurpark 1<br>34308 Bad Emstal<\/p>\n\n\n\n<p>registre du commerce: HRB 17169<br>tribunal d&rsquo;enregistrement: Amtsgericht Kassel<\/p>\n\n\n\n<p><strong>directeur g\u00e9n\u00e9ral:<\/strong><br>Dr. med. Henning Saupe<\/p>\n\n\n\n<h2 class=\"wp-block-heading\">Contact<\/h2>\n\n\n\n<p>t\u00e9l\u00e9phone: +49 56 24 &#8211; 923 79 18<br>t\u00e9l\u00e9copie: +49 56 24 &#8211; 923 79 29<br>Email: info@arcadia-praxis.de<\/p>\n\n\n\n<h2 class=\"wp-block-heading\">Num\u00e9ro d&rsquo;identification fiscale<\/h2>\n\n\n\n<p>Num\u00e9ro d&rsquo;identification TVA conform\u00e9ment au \u00a7 27 a de la loi allemande sur la taxe sur le chiffre d&rsquo;affaires: DE309855627<\/p>\n\n\n\n<h2 class=\"wp-block-heading\">autorit\u00e9 de surveillance<\/h2>\n\n\n\n<p>Landes\u00e4rztekammer Hessen<br>Hanauer Landstra\u00dfe 152, 60314 Frankfurt<\/p>\n\n\n\n<p><a href=\"https:\/\/www.laekh.de\/\">https:\/\/www.laekh.de\/<\/a><br><a href=\"https:\/\/www.kvhessen.de\/\">https:\/\/www.kvhessen.de\/<\/a><\/p>\n\n\n\n<h2 class=\"wp-block-heading\">D\u00e9nomination professionnelle et r\u00e9glementations professionnelles<\/h2>\n\n\n\n<p>Intitul\u00e9 de la profession : M\u00e9decins<br>Chambre comp\u00e9tente : Chambre des m\u00e9decins de Hesse<br>D\u00e9livr\u00e9 en : Allemagne<br>Les r\u00e9glementations professionnelles suivantes s&rsquo;appliquent : Loi sur les professions m\u00e9dicales<br>R\u00e9glementations consultables \u00e0 l&rsquo;adresse:<br><a href=\"https:\/\/www.laekh.de\/fileadmin\/user_upload\/Aerzte\/Rund_ums_Recht\/Rechtsquellen\/Heilberufsgesetz.pdf\">https:\/\/www.laekh.de\/fileadmin\/user_upload\/Aerzte\/Rund_ums_Recht\/Rechtsquellen\/Heilberufsgesetz.pdf<\/a><br><a href=\"https:\/\/www.laekh.de\/fileadmin\/user_upload\/Aerzte\/Rund_ums_Recht\/Rechtsquellen\/Berufsordnung.pdf\">https:\/\/www.laekh.de\/fileadmin\/user_upload\/Aerzte\/Rund_ums_Recht\/Rechtsquellen\/Berufsordnung.pdf<\/a><\/p>\n\n\n\n<p>Si ces liens ne fonctionnent plus, vous pouvez consulter les dispositions sur les sites web suivants :<br><a href=\"https:\/\/www.laekh.de\/https:\/\/www.kvhessen.de\/\">https:\/\/www.laekh.de\/<\/a><br><a href=\"https:\/\/www.laekh.de\/https:\/\/www.kvhessen.de\/\">https:\/\/www.kvhessen.de\/<\/a><\/p>\n\n\n\n<h2 class=\"wp-block-heading\">Informations relatives \u00e0 l&rsquo;assurance responsabilit\u00e9 civile professionnelle<\/h2>\n\n\n\n<p><strong>Nom et si\u00e8ge social de l&rsquo;assureur :<\/strong><br>HDI Versicherungs AG<br>HDI Platz 1<br>30659 Hannover<\/p>\n\n\n\n<p><strong>Champ d&rsquo;application de l&rsquo;assurance :<\/strong><br>Allemagne<\/p>\n\n\n\n<h2 class=\"wp-block-heading\">Responsable du contenu selon le \u00a7 55 al. 2 RStV<\/h2>\n\n\n\n<p>Dr. Henning Saupe<br>Im Kurpark 1<br>34308 Bad Emstal<\/p>\n\n\n\n<h2 class=\"wp-block-heading\">R\u00e8glement des litiges de consommation\/Organisme universel de conciliation<\/h2>\n\n\n\n<p>La Commission europ\u00e9enne met \u00e0 disposition une plateforme de r\u00e8glement en ligne des litiges (RLL) que vous pouvez trouver ici : <a href=\"http:\/\/ec.europa.eu\/consumers\/odr\/\">http:\/\/ec.europa.eu\/consumers\/odr\/<\/a><\/p>\n\n\n\n<p>Nous ne sommes ni dispos\u00e9s ni tenus de participer \u00e0 une proc\u00e9dure de r\u00e8glement des litiges devant un organisme de conciliation des consommateurs.<\/p>\n\n\n\n<h3 class=\"wp-block-heading\">Responsabilit\u00e9 relative aux contenus<\/h3>\n\n\n\n<p>En tant que prestataire de services, nous sommes responsables, conform\u00e9ment au \u00a7 7 alin\u00e9a 1 de la loi allemande sur les t\u00e9l\u00e9m\u00e9dias (TMG), de nos propres contenus sur ces pages au sens des lois g\u00e9n\u00e9rales. Conform\u00e9ment aux \u00a7\u00a7 8 \u00e0 10 de la TMG, nous ne sommes toutefois pas tenus, en tant que prestataire de services, de surveiller les informations transmises ou enregistr\u00e9es par des tiers ni de rechercher des circonstances indiquant une activit\u00e9 ill\u00e9gale.<\/p>\n\n\n\n<p>Les obligations de supprimer ou de bloquer l&rsquo;utilisation d&rsquo;informations conform\u00e9ment aux lois g\u00e9n\u00e9rales restent inchang\u00e9es. Une responsabilit\u00e9 \u00e0 cet \u00e9gard n&rsquo;est toutefois possible qu&rsquo;\u00e0 partir du moment o\u00f9 une violation concr\u00e8te de la loi est connue. Si nous avons connaissance de telles violations, nous supprimerons imm\u00e9diatement ces contenus.<\/p>\n\n\n\n<h3 class=\"wp-block-heading\">Responsabilit\u00e9 relative aux liens<\/h3>\n\n\n\n<p>Notre offre contient des liens vers des sites Web externes de tiers sur lesquels nous n&rsquo;avons aucune influence. C&rsquo;est pourquoi nous ne pouvons assumer aucune responsabilit\u00e9 pour ces contenus externes. Le fournisseur ou l&rsquo;exploitant des pages li\u00e9es est toujours responsable de leur contenu. Les pages li\u00e9es ont \u00e9t\u00e9 v\u00e9rifi\u00e9es au moment de la mise en place du lien afin de d\u00e9tecter d&rsquo;\u00e9ventuelles violations de la loi. Aucun contenu ill\u00e9gal n&rsquo;a \u00e9t\u00e9 d\u00e9tect\u00e9 au moment de la mise en place du lien.<\/p>\n\n\n\n<p>Un contr\u00f4le permanent du contenu des pages li\u00e9es n&rsquo;est toutefois pas raisonnable sans indices concrets d&rsquo;une violation de la loi. Si nous avons connaissance de violations de la loi, nous supprimerons imm\u00e9diatement ces liens.<\/p>\n\n\n\n<h3 class=\"wp-block-heading\">droit d&rsquo;auteur<\/h3>\n\n\n\n<p>Les contenus et \u0153uvres cr\u00e9\u00e9s par les exploitants du site sur ces pages sont soumis au droit d&rsquo;auteur allemand. La reproduction, le traitement, la diffusion et toute forme d&rsquo;exploitation en dehors des limites du droit d&rsquo;auteur n\u00e9cessitent l&rsquo;accord \u00e9crit de l&rsquo;auteur ou du cr\u00e9ateur concern\u00e9. Les t\u00e9l\u00e9chargements et copies de ce site ne sont autoris\u00e9s qu&rsquo;\u00e0 des fins priv\u00e9es et non commerciales.<\/p>\n\n\n\n<p>Dans la mesure o\u00f9 les contenus de ce site n&rsquo;ont pas \u00e9t\u00e9 cr\u00e9\u00e9s par l&rsquo;exploitant, les droits d&rsquo;auteur de tiers sont respect\u00e9s. Les contenus de tiers sont notamment signal\u00e9s comme tels. Si vous constatez n\u00e9anmoins une violation du droit d&rsquo;auteur, nous vous prions de nous en informer. D\u00e8s que nous aurons connaissance d&rsquo;une violation de la loi, nous supprimerons imm\u00e9diatement ces contenus.<\/p>\n\n\n\n<p>Source : <a href=\"https:\/\/www.e-recht24.de\">eRecht24<\/a><\/p>\n\n\n\n<h3 class=\"wp-block-heading\">Cr\u00e9dit photo<\/h3>\n\n\n\n<p>Les images utilis\u00e9es ont \u00e9t\u00e9 fournies par le client. Images suppl\u00e9mentaires utilis\u00e9es :<\/p>\n\n\n\n<p>RFBSIP (158928583) &#8211; <a href=\"https:\/\/stock.adobe.com\/de\/\" target=\"_blank\" rel=\"noreferrer noopener\">Adobe Stock<\/a><br>Art_Photo (335456733) &#8211; <a href=\"https:\/\/stock.adobe.com\/de\/\" target=\"_blank\" rel=\"noreferrer noopener\">Adobe Stock<\/a><br>angellodeco (211045328) &#8211; <a href=\"https:\/\/stock.adobe.com\/de\/\">Adobe Stock<\/a><br>netrun78 (354429749) &#8211; <a href=\"https:\/\/stock.adobe.com\/de\/\" target=\"_blank\" rel=\"noreferrer noopener\">Adobe Stock <\/a><br>Dragon Images (222279831) &#8211; <a href=\"https:\/\/stock.adobe.com\/de\/\" target=\"_blank\" rel=\"noreferrer noopener\">Adobe Stock<\/a><br>bit24 (307984466) &#8211; <a href=\"https:\/\/stock.adobe.com\/de\/\" target=\"_blank\" rel=\"noreferrer noopener\">Adobe Stock<\/a><br>Microgen (314120171) &#8211; <a href=\"https:\/\/stock.adobe.com\/de\/\" target=\"_blank\" rel=\"noreferrer noopener\">Adobe Stock<\/a><br>Rido (332969670) &#8211; <a href=\"https:\/\/stock.adobe.com\/de\/\" target=\"_blank\" rel=\"noreferrer noopener\">Adobe Stock<\/a><br>Coolpicture (377071086) &#8211; <a href=\"https:\/\/stock.adobe.com\/de\/\" target=\"_blank\" rel=\"noreferrer noopener\">Adobe Stock<\/a><br>New Africa (365031588) &#8211; <a href=\"https:\/\/stock.adobe.com\/de\/\" target=\"_blank\" rel=\"noreferrer noopener\">Adobe Stock<\/a><br>lisegagne (117148571) &#8211; <a href=\"https:\/\/www.istockphoto.com\/de\" target=\"_blank\" rel=\"noreferrer noopener\">iStock<\/a><br>Photographee.eu (174681660) &#8211; <a href=\"https:\/\/stock.adobe.com\/de\/\" target=\"_blank\" rel=\"noreferrer noopener\">Adobe Stock<\/a><br>Krakenimages.com (201498454) &#8211; <a href=\"https:\/\/stock.adobe.com\/de\/\" target=\"_blank\" rel=\"noreferrer noopener\">Adobe Stock<\/a><br>Microgen (227090967) &#8211; <a href=\"https:\/\/stock.adobe.com\/de\/\" target=\"_blank\" rel=\"noreferrer noopener\">Adobe Stock<\/a><br>surachat (175551575) &#8211; <a href=\"https:\/\/stock.adobe.com\/de\/\" target=\"_blank\" rel=\"noreferrer noopener\">Adobe Stock<\/a><\/p>\n\n\n\n<h3 class=\"wp-block-heading\">Conception, mise en page et r\u00e9alisation technique<\/h3>\n\n\n\n<p><a href=\"https:\/\/denkanross.de\/\">Denkanro\u00df Lebensstil Kommunikation GmbH<\/a><\/p>\n<\/div><\/div>\n","protected":false},"excerpt":{"rendered":"<p>Informations conform\u00e9ment au \u00a7 5 de la loi allemande sur les t\u00e9l\u00e9m\u00e9dias (TMG) Arcadia Praxisklinik GmbHIm Kurpark 134308 Bad Emstal&hellip;<\/p>\n","protected":false},"author":4,"featured_media":0,"parent":0,"menu_order":0,"comment_status":"closed","ping_status":"closed","template":"","meta":{"_acf_changed":false,"footnotes":""},"class_list":["post-3509","page","type-page","status-publish","hentry"],"acf":[],"yoast_head":"<!-- This site is optimized with the Yoast SEO plugin v26.8 - https:\/\/yoast.com\/product\/yoast-seo-wordpress\/ -->\n<title>Mentions l\u00e9gales - Arcadia Praxisklinik<\/title>\n<meta name=\"robots\" content=\"index, follow, max-snippet:-1, max-image-preview:large, max-video-preview:-1\" \/>\n<link rel=\"canonical\" href=\"https:\/\/www.arcadia-praxisklinik.de\/fr\/mentions-legales\/\" \/>\n<meta property=\"og:locale\" content=\"fr_FR\" \/>\n<meta property=\"og:type\" content=\"article\" \/>\n<meta property=\"og:title\" content=\"Mentions l\u00e9gales - Arcadia Praxisklinik\" \/>\n<meta property=\"og:description\" content=\"Informations conform\u00e9ment au \u00a7 5 de la loi allemande sur les t\u00e9l\u00e9m\u00e9dias (TMG) Arcadia Praxisklinik GmbHIm Kurpark 134308 Bad Emstal&hellip;\" \/>\n<meta property=\"og:url\" content=\"https:\/\/www.arcadia-praxisklinik.de\/fr\/mentions-legales\/\" \/>\n<meta property=\"og:site_name\" content=\"Arcadia Praxisklinik\" \/>\n<meta name=\"twitter:card\" content=\"summary_large_image\" \/>\n<script type=\"application\/ld+json\" class=\"yoast-schema-graph\">{\"@context\":\"https:\/\/schema.org\",\"@graph\":[{\"@type\":\"WebPage\",\"@id\":\"https:\/\/www.arcadia-praxisklinik.de\/fr\/mentions-legales\/\",\"url\":\"https:\/\/www.arcadia-praxisklinik.de\/fr\/mentions-legales\/\",\"name\":\"Mentions l\u00e9gales - Arcadia Praxisklinik\",\"isPartOf\":{\"@id\":\"https:\/\/www.arcadia-praxisklinik.de\/fr\/#website\"},\"datePublished\":\"2025-10-30T09:51:12+00:00\",\"breadcrumb\":{\"@id\":\"https:\/\/www.arcadia-praxisklinik.de\/fr\/mentions-legales\/#breadcrumb\"},\"inLanguage\":\"fr-FR\",\"potentialAction\":[{\"@type\":\"ReadAction\",\"target\":[\"https:\/\/www.arcadia-praxisklinik.de\/fr\/mentions-legales\/\"]}]},{\"@type\":\"BreadcrumbList\",\"@id\":\"https:\/\/www.arcadia-praxisklinik.de\/fr\/mentions-legales\/#breadcrumb\",\"itemListElement\":[{\"@type\":\"ListItem\",\"position\":1,\"name\":\"Startseite\",\"item\":\"https:\/\/www.arcadia-praxisklinik.de\/fr\/\"},{\"@type\":\"ListItem\",\"position\":2,\"name\":\"Mentions l\u00e9gales\"}]},{\"@type\":\"WebSite\",\"@id\":\"https:\/\/www.arcadia-praxisklinik.de\/fr\/#website\",\"url\":\"https:\/\/www.arcadia-praxisklinik.de\/fr\/\",\"name\":\"Arcadia Praxisklinik\",\"description\":\"Zentrum f\u00fcr integrative Medizin und Krebstherapie in Bad Emstal\",\"potentialAction\":[{\"@type\":\"SearchAction\",\"target\":{\"@type\":\"EntryPoint\",\"urlTemplate\":\"https:\/\/www.arcadia-praxisklinik.de\/fr\/?s={search_term_string}\"},\"query-input\":{\"@type\":\"PropertyValueSpecification\",\"valueRequired\":true,\"valueName\":\"search_term_string\"}}],\"inLanguage\":\"fr-FR\"}]}<\/script>\n<!-- \/ Yoast SEO plugin. -->","yoast_head_json":{"title":"Mentions l\u00e9gales - Arcadia Praxisklinik","robots":{"index":"index","follow":"follow","max-snippet":"max-snippet:-1","max-image-preview":"max-image-preview:large","max-video-preview":"max-video-preview:-1"},"canonical":"https:\/\/www.arcadia-praxisklinik.de\/fr\/mentions-legales\/","og_locale":"fr_FR","og_type":"article","og_title":"Mentions l\u00e9gales - Arcadia Praxisklinik","og_description":"Informations conform\u00e9ment au \u00a7 5 de la loi allemande sur les t\u00e9l\u00e9m\u00e9dias (TMG) Arcadia Praxisklinik GmbHIm Kurpark 134308 Bad Emstal&hellip;","og_url":"https:\/\/www.arcadia-praxisklinik.de\/fr\/mentions-legales\/","og_site_name":"Arcadia Praxisklinik","twitter_card":"summary_large_image","schema":{"@context":"https:\/\/schema.org","@graph":[{"@type":"WebPage","@id":"https:\/\/www.arcadia-praxisklinik.de\/fr\/mentions-legales\/","url":"https:\/\/www.arcadia-praxisklinik.de\/fr\/mentions-legales\/","name":"Mentions l\u00e9gales - Arcadia Praxisklinik","isPartOf":{"@id":"https:\/\/www.arcadia-praxisklinik.de\/fr\/#website"},"datePublished":"2025-10-30T09:51:12+00:00","breadcrumb":{"@id":"https:\/\/www.arcadia-praxisklinik.de\/fr\/mentions-legales\/#breadcrumb"},"inLanguage":"fr-FR","potentialAction":[{"@type":"ReadAction","target":["https:\/\/www.arcadia-praxisklinik.de\/fr\/mentions-legales\/"]}]},{"@type":"BreadcrumbList","@id":"https:\/\/www.arcadia-praxisklinik.de\/fr\/mentions-legales\/#breadcrumb","itemListElement":[{"@type":"ListItem","position":1,"name":"Startseite","item":"https:\/\/www.arcadia-praxisklinik.de\/fr\/"},{"@type":"ListItem","position":2,"name":"Mentions l\u00e9gales"}]},{"@type":"WebSite","@id":"https:\/\/www.arcadia-praxisklinik.de\/fr\/#website","url":"https:\/\/www.arcadia-praxisklinik.de\/fr\/","name":"Arcadia Praxisklinik","description":"Zentrum f\u00fcr integrative Medizin und Krebstherapie in Bad Emstal","potentialAction":[{"@type":"SearchAction","target":{"@type":"EntryPoint","urlTemplate":"https:\/\/www.arcadia-praxisklinik.de\/fr\/?s={search_term_string}"},"query-input":{"@type":"PropertyValueSpecification","valueRequired":true,"valueName":"search_term_string"}}],"inLanguage":"fr-FR"}]}},"_links":{"self":[{"href":"https:\/\/www.arcadia-praxisklinik.de\/fr\/wp-json\/wp\/v2\/pages\/3509","targetHints":{"allow":["GET"]}}],"collection":[{"href":"https:\/\/www.arcadia-praxisklinik.de\/fr\/wp-json\/wp\/v2\/pages"}],"about":[{"href":"https:\/\/www.arcadia-praxisklinik.de\/fr\/wp-json\/wp\/v2\/types\/page"}],"author":[{"embeddable":true,"href":"https:\/\/www.arcadia-praxisklinik.de\/fr\/wp-json\/wp\/v2\/users\/4"}],"replies":[{"embeddable":true,"href":"https:\/\/www.arcadia-praxisklinik.de\/fr\/wp-json\/wp\/v2\/comments?post=3509"}],"version-history":[{"count":3,"href":"https:\/\/www.arcadia-praxisklinik.de\/fr\/wp-json\/wp\/v2\/pages\/3509\/revisions"}],"predecessor-version":[{"id":3526,"href":"https:\/\/www.arcadia-praxisklinik.de\/fr\/wp-json\/wp\/v2\/pages\/3509\/revisions\/3526"}],"wp:attachment":[{"href":"https:\/\/www.arcadia-praxisklinik.de\/fr\/wp-json\/wp\/v2\/media?parent=3509"}],"curies":[{"name":"wp","href":"https:\/\/api.w.org\/{rel}","templated":true}]}}